{"id":41288,"date":"2022-10-11T12:16:16","date_gmt":"2022-10-11T10:16:16","guid":{"rendered":"https:\/\/www.ibizalowcost.com\/it\/?page_id=41288"},"modified":"2022-11-22T16:02:07","modified_gmt":"2022-11-22T15:02:07","slug":"sport_ibiza","status":"publish","type":"page","link":"https:\/\/www.ibizalowcost.com\/sport_ibiza","title":{"rendered":"Sport Ibiza"},"content":{"rendered":"<table border=\"0\" width=\"100%\" cellspacing=\"0\" cellpadding=\"10\" align=\"center\">\n<tbody>\n<tr>\n<td align=\"center\"><img decoding=\"async\" src=\"\/img\/t14.gif\" alt=\"\" \/><\/td>\n<\/tr>\n<\/tbody>\n<\/table>\n<table class=\"g11\" border=\"0\" width=\"95%\" cellspacing=\"0\" cellpadding=\"0\" align=\"center\">\n<tbody>\n<tr>\n<td class=\"g11s\" align=\"right\"><strong>\u00ab<\/strong> <a class=\"sott\" href=\"\/it\/guida_turismo_ibiza\"><strong>L&#8217;altra Ibiza<\/strong><\/a><\/td>\n<\/tr>\n<\/tbody>\n<\/table>\n<table border=\"0\" width=\"95%\" cellspacing=\"0\" cellpadding=\"10\" align=\"center\">\n<tbody>\n<tr>\n<td class=\"titmen\">SPORT AD IBIZA<\/td>\n<\/tr>\n<\/tbody>\n<\/table>\n<table border=\"0\" width=\"95%\" cellspacing=\"0\" cellpadding=\"10\" align=\"center\">\n<tbody>\n<tr>\n<td class=\"g11s\">\n<div align=\"justify\">\n<table border=\"0\" width=\"194\" cellspacing=\"0\" cellpadding=\"5\" align=\"left\">\n<tbody>\n<tr>\n<td><img loading=\"lazy\" decoding=\"async\" src=\"\/img\/sport_ibiza_1.jpg\" alt=\"Vela e Sci Nautico Ibiza\" width=\"194\" height=\"182\" \/><\/td>\n<\/tr>\n<\/tbody>\n<\/table>\n<p><strong>VELA E SCI NAUTICO<\/strong> Con le sue magnifiche coste, cale e spiagge, temperature gradevoli durante tutto l&#8217;anno, venti moderati e complete installazioni con pi\u00f9 di 2.500 ormeggi per natanti di qualsiasi dimensione e con tutti i servizi complementari necessari, \u00e8 una tentazione per gli amanti della navigazione nelle sue molteplici modalit\u00e0. L&#8217;infrastruttura \u00e8 suddivisa tra cinque porti turistici e due circoli nautici. Nella baia di Eivissa ci sono due porti turistici, Ibiza Nueva e Marina Botafoch; accanto ad essi sorge il Club Nautico Ibiza, un&#8217;istituzione con pi\u00f9 di 60 anni di storia. A Santa Eul\u00e0ria si trova la marina con maggiore capacit\u00e0 delle isole<\/p>\n<table border=\"0\" width=\"194\" cellspacing=\"0\" cellpadding=\"5\" align=\"right\">\n<tbody>\n<tr>\n<td><img loading=\"lazy\" decoding=\"async\" src=\"\/img\/sport_ibiza_2.jpg\" alt=\"Vela e Sci Nautico Ibiza\" width=\"194\" height=\"182\" \/><\/td>\n<\/tr>\n<\/tbody>\n<\/table>\n<p>Pitiuse (755 ormeggi) e nella baia di Portmany si trova il Club Nautico de Sant Antoni. Esperti e principianti, sia dall&#8217;alta competizione che della navigazione per svago, hanno a portata di mano la pi\u00f9 ampia offerta per noleggiare l&#8217;imbarcazione consona alle proprie esigenze, e se \u00e8 il caso apprendere le basi in una delle scuole di vela a un prezzo accessibilissimo. Anche lo sci acquatico ha un suo spazio e le sue scuole che funzionano in alta stagione. Sulle spiagge di Talamanca , <a title=\"Appartamenti Playa d\u2019en Bossa\" href=\"https:\/\/www.ibizalowcost.com\/it\/appartamenti-playa-den-bossa.php\">Playa D&#8217;En Bossa<\/a> e Cala Vedella o di Cala Pada, Cala San Miquel e Santa Eul\u00e0ria, potrete prendere lezioni a basso costo.<\/p>\n<table border=\"0\" width=\"194\" cellspacing=\"0\" cellpadding=\"5\" align=\"left\">\n<tbody>\n<tr>\n<td><img loading=\"lazy\" decoding=\"async\" src=\"\/img\/sport_ibiza_4.jpg\" alt=\"Ciclismo Ibiza\" width=\"194\" height=\"182\" \/><\/td>\n<\/tr>\n<tr>\n<td><img loading=\"lazy\" decoding=\"async\" src=\"\/img\/sport_ibiza_3.jpg\" alt=\"Ciclismo Ibiza\" width=\"194\" height=\"182\" \/><\/td>\n<\/tr>\n<\/tbody>\n<\/table>\n<p><strong>CICLISMO<\/strong> L&#8217;isola \u00e8 anche il luogo ideale per gli amanti del ciclismo, sia su strada che su mountain bike. Il clima mite che regna nell&#8217;isola durante tutto l&#8217;anno permette la pratica di questo sport anche d&#8217;inverno. Per agevolare i turisti che si dedicano a questo sport il Consell Insular de Ibiza e Formentera ha pubblicato una mappa con 12 itinerari per mountain bike: 1. San Antoni &#8211; Cala Comte 2. Cam\u00ec Vell de Sant Rafel 3. Santa Gertrudis 4. Cami de Benimussa 5. Sa Serra Grosa 6. Sa talaia de Sant Josep 7. Cala Jondal 8. Calas de Sant Josep 9. Camp Vell 10. Dalt Vila 11. Vall de Morna 12. Ibiza Extreme<\/p>\n<table border=\"0\" width=\"194\" cellspacing=\"0\" cellpadding=\"5\" align=\"left\">\n<tbody>\n<tr>\n<td><img loading=\"lazy\" decoding=\"async\" src=\"\/img\/sport_ibiza_5.jpg\" alt=\"Equitazione Ibiza\" width=\"194\" height=\"182\" \/><\/td>\n<\/tr>\n<\/tbody>\n<\/table>\n<p><strong>EQUITAZIONE<\/strong> Andare a cavallo oltre che essere una forma differente per conoscere l&#8217;isola \u00e8 un autentico incontro con la natura. Una cavalcata tra uliveti e fincas solitarie \u00e8 un modo meraviglioso per esplorare la campagna. Ci sono scuderie a Sant Antoni, Santa Gertrudis, Portinax e Santa Eularia. Le cavalcate il pi\u00f9 delle volte sono accompagnate, a meno che non siete veramente pratici ed i cavalli sono accuditi perfettamente. Ogni fine settimana si disputano le tradizionali corse al trotto. Anche gli amanti del salto ad ostacoli e dressage classico possono praticare il loro sport preferito. I principianti, approfittando della vacanza, potranno frequentare una delle sei scuole di equitazione, dove avranno la possibilit\u00e0 di scegliere tra varie razze di cavalli e diversi equipaggiamenti.<\/p>\n<table border=\"0\" width=\"194\" cellspacing=\"0\" cellpadding=\"5\" align=\"left\">\n<tbody>\n<tr>\n<td><img loading=\"lazy\" decoding=\"async\" src=\"\/img\/sport_ibiza_6.jpg\" alt=\"Golf Ibiza\" width=\"194\" height=\"182\" \/><\/td>\n<\/tr>\n<\/tbody>\n<\/table>\n<p><strong>GOLF<\/strong> Ibiza ha un percorso di 18 buche di recente costruzione ed un altro percorso da 9 buche risalente al vecchio &#8220;Club de Golf de Roca Llisa&#8221;. I due campi offrono differenti difficolt\u00e0 di gioco e possono essere percorsi insieme affrontando cosi l&#8217;unico percorso composto di 27 buche di tutte le Baleari. \u00a0 Golf Club de Ibiza Crta. Jes\u00fas a Cala Llonga s\/n Santa Eul\u00e0ria des Riu Tel\u00e9fono: 971 196 118 Fax: 971 196 051<\/p>\n<table border=\"0\" width=\"194\" cellspacing=\"0\" cellpadding=\"5\" align=\"left\">\n<tbody>\n<tr>\n<td><img loading=\"lazy\" decoding=\"async\" src=\"\/img\/sport_ibiza_7.jpg\" alt=\"Immersioni Ibiza\" width=\"194\" height=\"182\" \/><\/td>\n<\/tr>\n<\/tbody>\n<\/table>\n<p><strong>IMMERSIONI<\/strong> Ci sono alcuni punti assolutamente straordinari per le immersioni lungo le coste di Ibiza. Le autorit\u00e0 proteggono con grande rigore il patrimonio ecologico e archeologico dell&#8217;isola, e tutti coloro che intendono immergersi devono possedere una speciale autorizzazione da parte del CRIS (Centro de Recuparacion y Investigaciones Submarines). Non si possono raccogliere monete o anfore antiche ed \u00e8 proibito arpionare i pesci. A Ibiza esistono vari centri che scortano i turisti che vogliono fare immersioni dove esistono relitti o grotte sommerse e dove si possono vedere barracuda, cernie, pesci luna e arcobaleni, con una visibilit\u00e0 fino a 50m. Chiunque si immerge ha la possibilit\u00e0 di servirsi della camera di decompressione dell&#8217;isola (nella Policlinica di Nuestra Se\u00f1ora del Rosario, Via Romana s\/n, Eivissa Tel. +34 971 301916). In quasi tutte le scuole di immersione vi sono istruttori e Ibiza \u00e8 il luogo ideale per imparare &#8211; si \u00e8 perfettamente autonomi in 5 giorni.Tutti i centri dell&#8217;isola (in totale 22, alcuni dei quali aperti in inverno) hanno volontariamente sottoscritto un documento, alle autorit\u00e0 locali, nel quale si impegnano a proteggere e conservare il fondo marino.<\/p>\n<\/div>\n<\/td>\n<\/tr>\n<\/tbody>\n<\/table>\n<table border=\"0\" width=\"95%\" cellspacing=\"0\" cellpadding=\"0\" align=\"center\">\n<tbody>\n<tr>\n<td><\/td>\n<\/tr>\n<\/tbody>\n<\/table>\n<table border=\"0\" width=\"95%\" cellspacing=\"0\" cellpadding=\"0\" align=\"center\">\n<tbody>\n<tr>\n<td width=\"50%\">\n<table class=\"tab1\" border=\"0\" width=\"100%\" cellspacing=\"0\" cellpadding=\"5\" align=\"center\">\n<tbody>\n<tr>\n<td class=\"titmen\" bgcolor=\"#FFE3BB\">Scopri l&#8217;altra faccia di Ibiza<\/td>\n<\/tr>\n<tr>\n<td class=\"g11s\"><strong>\u00bb<\/strong> <a class=\"sott\" href=\"\/pdf\/spiagge.pdf\"><strong>Scarica la guida completa sulle spiagge<\/strong><\/a><\/td>\n<\/tr>\n<tr>\n<td class=\"g11s\"><strong>\u00bb<\/strong> <a class=\"sott\" href=\"\/it\/spiagge_ibiza_town_eivissa\"><strong>Citt\u00e0 e spiagge di Ibiza<\/strong><\/a><\/td>\n<\/tr>\n<tr>\n<td class=\"g11s\"><strong>\u00bb<\/strong> <a class=\"sott\" href=\"\/it\/mercatini_ibiza\"><strong>Mercatini di Ibiza<\/strong><\/a><\/td>\n<\/tr>\n<tr>\n<td class=\"g11s\"><strong>\u00bb<\/strong> <a class=\"sott\" href=\"\/it\/sport_ibiza\"><strong>Sport ad Ibiza<\/strong><\/a><\/td>\n<\/tr>\n<\/tbody>\n<\/table>\n<\/td>\n<td align=\"center\"><img loading=\"lazy\" decoding=\"async\" src=\"\/img\/ibiza_low.jpg\" alt=\"\" width=\"239\" height=\"180\" \/><\/td>\n<\/tr>\n<\/tbody>\n<\/table>\n","protected":false},"excerpt":{"rendered":"<p>\u00ab L&#8217;altra Ibiza SPORT AD IBIZA VELA E SCI NAUTICO Con le sue magnifiche coste, cale e spiagge, temperature gradevoli durante tutto l&#8217;anno, venti moderati e complete installazioni con pi\u00f9 di 2.500 ormeggi per natanti di qualsiasi dimensione e con tutti i servizi complementari necessari, \u00e8 una tentazione per gli amanti della navigazione nelle sue&#8230;<\/p>\n","protected":false},"author":1,"featured_media":0,"parent":0,"menu_order":0,"comment_status":"closed","ping_status":"closed","template":"","meta":{"footnotes":""},"class_list":["post-41288","page","type-page","status-publish","hentry"],"acf":[],"yoast_head":"<!-- This site is optimized with the Yoast SEO plugin v22.2 - https:\/\/yoast.com\/wordpress\/plugins\/seo\/ -->\n<title>IBIZA LOW COST - Guida Turismo Ibiza - Sport ad Ibiza<\/title>\n<meta name=\"description\" content=\"Ibiza Low Cost - Lo Sport ad ibiza: Vela e sci nautico ad ibiza, ciclismo ad ibiza, equitazione ad ibiza, golf e immersioni ad ibiza\" \/>\n<meta name=\"robots\" content=\"index, follow, max-snippet:-1, max-image-preview:large, max-video-preview:-1\" \/>\n<link rel=\"canonical\" href=\"https:\/\/www.ibizalowcost.com\/sport_ibiza\" \/>\n<meta property=\"og:locale\" content=\"it_IT\" \/>\n<meta property=\"og:type\" content=\"article\" \/>\n<meta property=\"og:title\" content=\"IBIZA LOW COST - Guida Turismo Ibiza - Sport ad Ibiza\" \/>\n<meta property=\"og:description\" content=\"Ibiza Low Cost - Lo Sport ad ibiza: Vela e sci nautico ad ibiza, ciclismo ad ibiza, equitazione ad ibiza, golf e immersioni ad ibiza\" \/>\n<meta property=\"og:url\" content=\"https:\/\/www.ibizalowcost.com\/sport_ibiza\" \/>\n<meta property=\"og:site_name\" content=\"IBIZA LOW COST\" \/>\n<meta property=\"article:modified_time\" content=\"2022-11-22T15:02:07+00:00\" \/>\n<meta name=\"twitter:card\" content=\"summary_large_image\" \/>\n<script type=\"application\/ld+json\" class=\"yoast-schema-graph\">{\"@context\":\"https:\/\/schema.org\",\"@graph\":[{\"@type\":\"WebPage\",\"@id\":\"https:\/\/www.ibizalowcost.com\/sport_ibiza\",\"url\":\"https:\/\/www.ibizalowcost.com\/sport_ibiza\",\"name\":\"IBIZA LOW COST - Guida Turismo Ibiza - Sport ad Ibiza\",\"isPartOf\":{\"@id\":\"https:\/\/www.ibizalowcost.com\/#website\"},\"datePublished\":\"2022-10-11T10:16:16+00:00\",\"dateModified\":\"2022-11-22T15:02:07+00:00\",\"description\":\"Ibiza Low Cost - Lo Sport ad ibiza: Vela e sci nautico ad ibiza, ciclismo ad ibiza, equitazione ad ibiza, golf e immersioni ad ibiza\",\"breadcrumb\":{\"@id\":\"https:\/\/www.ibizalowcost.com\/sport_ibiza#breadcrumb\"},\"inLanguage\":\"it-IT\",\"potentialAction\":[{\"@type\":\"ReadAction\",\"target\":[\"https:\/\/www.ibizalowcost.com\/sport_ibiza\"]}]},{\"@type\":\"BreadcrumbList\",\"@id\":\"https:\/\/www.ibizalowcost.com\/sport_ibiza#breadcrumb\",\"itemListElement\":[{\"@type\":\"ListItem\",\"position\":1,\"name\":\"Home\",\"item\":\"https:\/\/www.ibizalowcost.com\/it\/\"},{\"@type\":\"ListItem\",\"position\":2,\"name\":\"Sport Ibiza\"}]},{\"@type\":\"WebSite\",\"@id\":\"https:\/\/www.ibizalowcost.com\/#website\",\"url\":\"https:\/\/www.ibizalowcost.com\/\",\"name\":\"IBIZA LOW COST\",\"description\":\"\",\"potentialAction\":[{\"@type\":\"SearchAction\",\"target\":{\"@type\":\"EntryPoint\",\"urlTemplate\":\"https:\/\/www.ibizalowcost.com\/?s={search_term_string}\"},\"query-input\":\"required name=search_term_string\"}],\"inLanguage\":\"it-IT\"}]}<\/script>\n<!-- \/ Yoast SEO plugin. -->","yoast_head_json":{"title":"IBIZA LOW COST - Guida Turismo Ibiza - Sport ad Ibiza","description":"Ibiza Low Cost - Lo Sport ad ibiza: Vela e sci nautico ad ibiza, ciclismo ad ibiza, equitazione ad ibiza, golf e immersioni ad ibiza","robots":{"index":"index","follow":"follow","max-snippet":"max-snippet:-1","max-image-preview":"max-image-preview:large","max-video-preview":"max-video-preview:-1"},"canonical":"https:\/\/www.ibizalowcost.com\/sport_ibiza","og_locale":"it_IT","og_type":"article","og_title":"IBIZA LOW COST - Guida Turismo Ibiza - Sport ad Ibiza","og_description":"Ibiza Low Cost - Lo Sport ad ibiza: Vela e sci nautico ad ibiza, ciclismo ad ibiza, equitazione ad ibiza, golf e immersioni ad ibiza","og_url":"https:\/\/www.ibizalowcost.com\/sport_ibiza","og_site_name":"IBIZA LOW COST","article_modified_time":"2022-11-22T15:02:07+00:00","twitter_card":"summary_large_image","schema":{"@context":"https:\/\/schema.org","@graph":[{"@type":"WebPage","@id":"https:\/\/www.ibizalowcost.com\/sport_ibiza","url":"https:\/\/www.ibizalowcost.com\/sport_ibiza","name":"IBIZA LOW COST - Guida Turismo Ibiza - Sport ad Ibiza","isPartOf":{"@id":"https:\/\/www.ibizalowcost.com\/#website"},"datePublished":"2022-10-11T10:16:16+00:00","dateModified":"2022-11-22T15:02:07+00:00","description":"Ibiza Low Cost - Lo Sport ad ibiza: Vela e sci nautico ad ibiza, ciclismo ad ibiza, equitazione ad ibiza, golf e immersioni ad ibiza","breadcrumb":{"@id":"https:\/\/www.ibizalowcost.com\/sport_ibiza#breadcrumb"},"inLanguage":"it-IT","potentialAction":[{"@type":"ReadAction","target":["https:\/\/www.ibizalowcost.com\/sport_ibiza"]}]},{"@type":"BreadcrumbList","@id":"https:\/\/www.ibizalowcost.com\/sport_ibiza#breadcrumb","itemListElement":[{"@type":"ListItem","position":1,"name":"Home","item":"https:\/\/www.ibizalowcost.com\/it\/"},{"@type":"ListItem","position":2,"name":"Sport Ibiza"}]},{"@type":"WebSite","@id":"https:\/\/www.ibizalowcost.com\/#website","url":"https:\/\/www.ibizalowcost.com\/","name":"IBIZA LOW COST","description":"","potentialAction":[{"@type":"SearchAction","target":{"@type":"EntryPoint","urlTemplate":"https:\/\/www.ibizalowcost.com\/?s={search_term_string}"},"query-input":"required name=search_term_string"}],"inLanguage":"it-IT"}]}},"_links":{"self":[{"href":"https:\/\/www.ibizalowcost.com\/wp-json\/wp\/v2\/pages\/41288","targetHints":{"allow":["GET"]}}],"collection":[{"href":"https:\/\/www.ibizalowcost.com\/wp-json\/wp\/v2\/pages"}],"about":[{"href":"https:\/\/www.ibizalowcost.com\/wp-json\/wp\/v2\/types\/page"}],"author":[{"embeddable":true,"href":"https:\/\/www.ibizalowcost.com\/wp-json\/wp\/v2\/users\/1"}],"replies":[{"embeddable":true,"href":"https:\/\/www.ibizalowcost.com\/wp-json\/wp\/v2\/comments?post=41288"}],"version-history":[{"count":3,"href":"https:\/\/www.ibizalowcost.com\/wp-json\/wp\/v2\/pages\/41288\/revisions"}],"predecessor-version":[{"id":41649,"href":"https:\/\/www.ibizalowcost.com\/wp-json\/wp\/v2\/pages\/41288\/revisions\/41649"}],"wp:attachment":[{"href":"https:\/\/www.ibizalowcost.com\/wp-json\/wp\/v2\/media?parent=41288"}],"curies":[{"name":"wp","href":"https:\/\/api.w.org\/{rel}","templated":true}]}}