{"id":41271,"date":"2022-10-11T11:58:49","date_gmt":"2022-10-11T09:58:49","guid":{"rendered":"https:\/\/www.ibizalowcost.com\/it\/?page_id=41271"},"modified":"2022-11-22T15:49:13","modified_gmt":"2022-11-22T14:49:13","slug":"lavorare_ibiza","status":"publish","type":"page","link":"https:\/\/www.ibizalowcost.com\/lavorare_ibiza","title":{"rendered":"Lavorare a Ibiza"},"content":{"rendered":"<table border=\"0\" width=\"100%\" cellspacing=\"0\" cellpadding=\"10\" align=\"center\">\n<tbody>\n<tr>\n<td align=\"center\">\n<div style=\"text-align: center; padding-top: 21px; padding-bottom: 22px;\">\n<h1 id=\"zonaposti\" style=\"background: url('https:\/\/www.ibizalowcost.com\/img\/ibiza-tondo2.png') no-repeat 26%; padding-left: 94px; font-size: 36px; clear: both; margin-top: 0px; padding-bottom: 25px; line-height: 37px; padding-top: 23px; margin-left: -35px;\">Lavorare a Ibiza<\/h1>\n<\/div>\n<\/td>\n<\/tr>\n<\/tbody>\n<\/table>\n<table border=\"0\" width=\"100%\" cellspacing=\"0\" cellpadding=\"0\" align=\"center\">\n<tbody>\n<tr>\n<td align=\"center\"><\/td>\n<\/tr>\n<\/tbody>\n<\/table>\n<table border=\"0\" width=\"100%\" cellspacing=\"0\" cellpadding=\"10\" align=\"center\">\n<tbody>\n<tr>\n<td class=\"g11s\" valign=\"top\">\n<div align=\"justify\">\n<p>L&#8217;estate 2014 \u00e8 alle porte e tanti ragazzi si dirigono sull&#8217;isola di <a title=\"ibiza\" href=\"\/\">Ibiza<\/a> per cercare lavoro e godersi nel tempo libero le fantastiche feste estive. I consigli pratici principali sono 3:<\/p>\n<h2>1 CURRICULUM IN VARIE LINGUE<\/h2>\n<ul>\n<li>Portate con voi molti curriculum scritti nelle<strong>\u00a0tre lingue pi\u00f9 utilizzate sull&#8217;Isola<\/strong>: Spagnolo, Inglese e Italiano.<\/li>\n<li>Nel curriculum specificate bene sia le vostre mansioni che le lingue di vostra conoscenza.<\/li>\n<li>Insieme ad una bella fototessera il curriculum \u00e8 pronto.<\/li>\n<\/ul>\n<h2>2 FATE SUBITO IL NIE<\/h2>\n<ul>\n<li><strong>Il Nie \u00e8 il codice identificativo che viene registrato dalla Polizia<\/strong>\u00a0senza il quale non potete mettervi in regola col lavoro ne aprirvi un conto bancario.<\/li>\n<li>La caserma pi\u00f9 facile da raggiungere \u00e8 quella di Figueretas; non appena arrivati recati in caserma munito di documento d&#8217;identit\u00e0 e fototessere e fai tutte le pratiche, entro pochi giorni potrai passare a ritirare il tuo Nie.<\/li>\n<\/ul>\n<h2>3 BUSSATE AD OGNI PORTA<\/h2>\n<ul>\n<li>Con Nie e curriculum sei pronti per cercare lavoro ad Ibiza.<\/li>\n<li>Tieni conto che i lavoro pi\u00f9 ricercati sono: public relations per locali, pub o discoteche, barman, cuochi, camerieri e simili.<\/li>\n<li>Entra dappertutto, puoi anche lasciare i tuoi curriculum negli\u00a0<strong>uffici delle discoteche che si trovano sul retro di ognuna di esse.<\/strong><\/li>\n<li>Devi sapere che trovare lavoro in un locale che vende prevendite per le discoteche pu\u00f2 comportare il beneficio di ricevere le tanto ambite\u00a0<strong>tessere delle discoteche<\/strong>\u00a0per poter andare a ballare ovunque in modo gratuito.<\/li>\n<\/ul>\n<h3 align=\"center\"><span style=\"color: #333333; font-family: Georgia, 'Times New Roman', 'Bitstream Charter', Times, serif;\"><span style=\"font-size: 14px; font-weight: normal; line-height: 21px;\">ALCUNE RISORSE ESTERNE DOVE TROVARE LAVORO<\/span><\/span><\/h3>\n<p><span style=\"color: #333333; font-family: Georgia, 'Times New Roman', 'Bitstream Charter', Times, serif;\"><span style=\"font-size: 14px; line-height: 21px;\">Trova Lavoro in Italia o all&#8217;Estero in tutti i settori, suddivisi per citt\u00e0, provincia o regione su un sito web aggregatore di migliaia di Annunci di Lavoro, semplice da navigare, con molte informazioni su: Agenzie per il Lavoro, Centri per l&#8217;Impiego, Diritto del Lavoro, come Lavorare in Proprio, Concorsi, Formazione e News! iltrovalavoro.it<\/span><\/span> <span style=\"color: #333333; font-family: Georgia, 'Times New Roman', 'Bitstream Charter', Times, serif;\"><span style=\"font-size: 14px; line-height: 21px;\">Catchawork \u00e8 un nuovo social network dove creare un profilo personale, inserire un curriculum oppure entrare in contatto con altri membri e creare dei gruppi di lavoro online! E dove anche le aziende interessate a pubblicare annunci di lavoro possono creare una profilo e valutare candidati iscritti al social network!<\/span><\/span><\/p>\n<table border=\"0\" width=\"100%\" cellspacing=\"0\" cellpadding=\"0\" align=\"center\">\n<tbody>\n<tr>\n<td style=\"text-align: center;\"><span style=\"color: #333333; font-family: Georgia, 'Times New Roman', 'Bitstream Charter', Times, serif;\"><span style=\"font-size: 14px; line-height: 21px;\"><img loading=\"lazy\" decoding=\"async\" src=\"\/img\/lavora8.jpg\" alt=\"\" width=\"526\" height=\"186\" \/><\/span><\/span><\/td>\n<\/tr>\n<\/tbody>\n<\/table>\n<table style=\"text-align: center;\" border=\"0\" width=\"100%\" cellspacing=\"0\" cellpadding=\"0\">\n<tbody>\n<tr>\n<td><span style=\"color: #333333; font-family: Georgia, 'Times New Roman', 'Bitstream Charter', Times, serif;\"><span style=\"font-size: 14px; line-height: 21px;\"><img decoding=\"async\" src=\"\/img\/lavora6.jpg\" alt=\"\" width=\"444\" \/><\/span><\/span><\/td>\n<\/tr>\n<\/tbody>\n<\/table>\n<table class=\"g11\" border=\"0\" width=\"100%\" cellspacing=\"0\" cellpadding=\"0\">\n<tbody>\n<tr>\n<td><span style=\"color: #333333; font-family: Georgia, 'Times New Roman', 'Bitstream Charter', Times, serif;\"><span style=\"font-size: 14px; line-height: 21px;\">\u00a0<\/span><\/span><\/td>\n<\/tr>\n<\/tbody>\n<\/table>\n<table style=\"text-align: center;\" border=\"0\" width=\"100%\" cellspacing=\"0\" cellpadding=\"0\">\n<tbody>\n<tr>\n<td><span style=\"color: #333333; font-family: Georgia, 'Times New Roman', 'Bitstream Charter', Times, serif;\"><span style=\"font-size: 14px; line-height: 21px;\"><img decoding=\"async\" src=\"\/img\/lavora5.jpg\" alt=\"\" width=\"444\" \/><\/span><\/span><\/td>\n<\/tr>\n<\/tbody>\n<\/table>\n<table class=\"g11\" border=\"0\" width=\"100%\" cellspacing=\"0\" cellpadding=\"0\">\n<tbody>\n<tr>\n<td><span style=\"color: #333333; font-family: Georgia, 'Times New Roman', 'Bitstream Charter', Times, serif;\"><span style=\"font-size: 14px; line-height: 21px;\">\u00a0<\/span><\/span><\/td>\n<\/tr>\n<\/tbody>\n<\/table>\n<table style=\"text-align: center;\" border=\"0\" width=\"100%\" cellspacing=\"0\" cellpadding=\"0\">\n<tbody>\n<tr>\n<td><\/td>\n<\/tr>\n<\/tbody>\n<\/table>\n<\/div>\n<\/td>\n<\/tr>\n<\/tbody>\n<\/table>\n<p>&nbsp;<\/p>\n","protected":false},"excerpt":{"rendered":"<p>Lavorare a Ibiza L&#8217;estate 2014 \u00e8 alle porte e tanti ragazzi si dirigono sull&#8217;isola di Ibiza per cercare lavoro e godersi nel tempo libero le fantastiche feste estive. I consigli pratici principali sono 3: 1 CURRICULUM IN VARIE LINGUE Portate con voi molti curriculum scritti nelle\u00a0tre lingue pi\u00f9 utilizzate sull&#8217;Isola: Spagnolo, Inglese e Italiano. Nel&#8230;<\/p>\n","protected":false},"author":1,"featured_media":0,"parent":0,"menu_order":0,"comment_status":"closed","ping_status":"closed","template":"","meta":{"footnotes":""},"class_list":["post-41271","page","type-page","status-publish","hentry"],"acf":[],"yoast_head":"<!-- This site is optimized with the Yoast SEO plugin v22.2 - https:\/\/yoast.com\/wordpress\/plugins\/seo\/ -->\n<title>IBIZA LOW COST - Lavora con noi ad Ibiza<\/title>\n<meta name=\"description\" content=\"Ibiza Low Cost - Lavora con Noi - Ti aiuteremo a trovare un lavoro ad Ibiza, una casa e tutto quello che pu\u00f2 servire per inserirvi al meglio.\" \/>\n<meta name=\"robots\" content=\"index, follow, max-snippet:-1, max-image-preview:large, max-video-preview:-1\" \/>\n<link rel=\"canonical\" href=\"https:\/\/www.ibizalowcost.com\/lavorare_ibiza\" \/>\n<meta property=\"og:locale\" content=\"it_IT\" \/>\n<meta property=\"og:type\" content=\"article\" \/>\n<meta property=\"og:title\" content=\"IBIZA LOW COST - Lavora con noi ad Ibiza\" \/>\n<meta property=\"og:description\" content=\"Ibiza Low Cost - Lavora con Noi - Ti aiuteremo a trovare un lavoro ad Ibiza, una casa e tutto quello che pu\u00f2 servire per inserirvi al meglio.\" \/>\n<meta property=\"og:url\" content=\"https:\/\/www.ibizalowcost.com\/lavorare_ibiza\" \/>\n<meta property=\"og:site_name\" content=\"IBIZA LOW COST\" \/>\n<meta property=\"article:modified_time\" content=\"2022-11-22T14:49:13+00:00\" \/>\n<meta name=\"twitter:card\" content=\"summary_large_image\" \/>\n<script type=\"application\/ld+json\" class=\"yoast-schema-graph\">{\"@context\":\"https:\/\/schema.org\",\"@graph\":[{\"@type\":\"WebPage\",\"@id\":\"https:\/\/www.ibizalowcost.com\/lavorare_ibiza\",\"url\":\"https:\/\/www.ibizalowcost.com\/lavorare_ibiza\",\"name\":\"IBIZA LOW COST - Lavora con noi ad Ibiza\",\"isPartOf\":{\"@id\":\"https:\/\/www.ibizalowcost.com\/#website\"},\"datePublished\":\"2022-10-11T09:58:49+00:00\",\"dateModified\":\"2022-11-22T14:49:13+00:00\",\"description\":\"Ibiza Low Cost - Lavora con Noi - Ti aiuteremo a trovare un lavoro ad Ibiza, una casa e tutto quello che pu\u00f2 servire per inserirvi al meglio.\",\"breadcrumb\":{\"@id\":\"https:\/\/www.ibizalowcost.com\/lavorare_ibiza#breadcrumb\"},\"inLanguage\":\"it-IT\",\"potentialAction\":[{\"@type\":\"ReadAction\",\"target\":[\"https:\/\/www.ibizalowcost.com\/lavorare_ibiza\"]}]},{\"@type\":\"BreadcrumbList\",\"@id\":\"https:\/\/www.ibizalowcost.com\/lavorare_ibiza#breadcrumb\",\"itemListElement\":[{\"@type\":\"ListItem\",\"position\":1,\"name\":\"Home\",\"item\":\"https:\/\/www.ibizalowcost.com\/it\/\"},{\"@type\":\"ListItem\",\"position\":2,\"name\":\"Lavorare a Ibiza\"}]},{\"@type\":\"WebSite\",\"@id\":\"https:\/\/www.ibizalowcost.com\/#website\",\"url\":\"https:\/\/www.ibizalowcost.com\/\",\"name\":\"IBIZA LOW COST\",\"description\":\"\",\"potentialAction\":[{\"@type\":\"SearchAction\",\"target\":{\"@type\":\"EntryPoint\",\"urlTemplate\":\"https:\/\/www.ibizalowcost.com\/?s={search_term_string}\"},\"query-input\":\"required name=search_term_string\"}],\"inLanguage\":\"it-IT\"}]}<\/script>\n<!-- \/ Yoast SEO plugin. -->","yoast_head_json":{"title":"IBIZA LOW COST - Lavora con noi ad Ibiza","description":"Ibiza Low Cost - Lavora con Noi - Ti aiuteremo a trovare un lavoro ad Ibiza, una casa e tutto quello che pu\u00f2 servire per inserirvi al meglio.","robots":{"index":"index","follow":"follow","max-snippet":"max-snippet:-1","max-image-preview":"max-image-preview:large","max-video-preview":"max-video-preview:-1"},"canonical":"https:\/\/www.ibizalowcost.com\/lavorare_ibiza","og_locale":"it_IT","og_type":"article","og_title":"IBIZA LOW COST - Lavora con noi ad Ibiza","og_description":"Ibiza Low Cost - Lavora con Noi - Ti aiuteremo a trovare un lavoro ad Ibiza, una casa e tutto quello che pu\u00f2 servire per inserirvi al meglio.","og_url":"https:\/\/www.ibizalowcost.com\/lavorare_ibiza","og_site_name":"IBIZA LOW COST","article_modified_time":"2022-11-22T14:49:13+00:00","twitter_card":"summary_large_image","schema":{"@context":"https:\/\/schema.org","@graph":[{"@type":"WebPage","@id":"https:\/\/www.ibizalowcost.com\/lavorare_ibiza","url":"https:\/\/www.ibizalowcost.com\/lavorare_ibiza","name":"IBIZA LOW COST - Lavora con noi ad Ibiza","isPartOf":{"@id":"https:\/\/www.ibizalowcost.com\/#website"},"datePublished":"2022-10-11T09:58:49+00:00","dateModified":"2022-11-22T14:49:13+00:00","description":"Ibiza Low Cost - Lavora con Noi - Ti aiuteremo a trovare un lavoro ad Ibiza, una casa e tutto quello che pu\u00f2 servire per inserirvi al meglio.","breadcrumb":{"@id":"https:\/\/www.ibizalowcost.com\/lavorare_ibiza#breadcrumb"},"inLanguage":"it-IT","potentialAction":[{"@type":"ReadAction","target":["https:\/\/www.ibizalowcost.com\/lavorare_ibiza"]}]},{"@type":"BreadcrumbList","@id":"https:\/\/www.ibizalowcost.com\/lavorare_ibiza#breadcrumb","itemListElement":[{"@type":"ListItem","position":1,"name":"Home","item":"https:\/\/www.ibizalowcost.com\/it\/"},{"@type":"ListItem","position":2,"name":"Lavorare a Ibiza"}]},{"@type":"WebSite","@id":"https:\/\/www.ibizalowcost.com\/#website","url":"https:\/\/www.ibizalowcost.com\/","name":"IBIZA LOW COST","description":"","potentialAction":[{"@type":"SearchAction","target":{"@type":"EntryPoint","urlTemplate":"https:\/\/www.ibizalowcost.com\/?s={search_term_string}"},"query-input":"required name=search_term_string"}],"inLanguage":"it-IT"}]}},"_links":{"self":[{"href":"https:\/\/www.ibizalowcost.com\/wp-json\/wp\/v2\/pages\/41271","targetHints":{"allow":["GET"]}}],"collection":[{"href":"https:\/\/www.ibizalowcost.com\/wp-json\/wp\/v2\/pages"}],"about":[{"href":"https:\/\/www.ibizalowcost.com\/wp-json\/wp\/v2\/types\/page"}],"author":[{"embeddable":true,"href":"https:\/\/www.ibizalowcost.com\/wp-json\/wp\/v2\/users\/1"}],"replies":[{"embeddable":true,"href":"https:\/\/www.ibizalowcost.com\/wp-json\/wp\/v2\/comments?post=41271"}],"version-history":[{"count":3,"href":"https:\/\/www.ibizalowcost.com\/wp-json\/wp\/v2\/pages\/41271\/revisions"}],"predecessor-version":[{"id":41641,"href":"https:\/\/www.ibizalowcost.com\/wp-json\/wp\/v2\/pages\/41271\/revisions\/41641"}],"wp:attachment":[{"href":"https:\/\/www.ibizalowcost.com\/wp-json\/wp\/v2\/media?parent=41271"}],"curies":[{"name":"wp","href":"https:\/\/api.w.org\/{rel}","templated":true}]}}