{"id":41268,"date":"2022-10-11T11:50:30","date_gmt":"2022-10-11T09:50:30","guid":{"rendered":"https:\/\/www.ibizalowcost.com\/it\/?page_id=41268"},"modified":"2022-11-22T15:48:31","modified_gmt":"2022-11-22T14:48:31","slug":"discoteche_ibiza","status":"publish","type":"page","link":"https:\/\/www.ibizalowcost.com\/discoteche_ibiza","title":{"rendered":"Ibiza di Notte"},"content":{"rendered":"<table border=\"0\" width=\"100%\" cellspacing=\"0\" cellpadding=\"10\" align=\"center\">\n<tbody>\n<tr>\n<td align=\"center\"><img decoding=\"async\" src=\"\/img\/t5.gif\" alt=\"\" \/><\/td>\n<\/tr>\n<\/tbody>\n<\/table>\n<p><!-- banner aggiunto da carmelo --><\/p>\n<table class=\"tab1\" border=\"0\" width=\"100%\" cellspacing=\"0\" cellpadding=\"5\" align=\"center\">\n<tbody>\n<tr>\n<td align=\"center\"><img decoding=\"async\" src=\"..\/img\/mini-logo.gif\" alt=\"\" \/><\/td>\n<td><big><span style=\"color: #ee0000;\"><strong>VACANZE IBIZA A PARTIRE DA \u20ac 295 TUTTO COMPRESO !!!<\/strong><\/span><\/big> <b>incluso volo andata e ritorno 7 giorni offerta per un gruppo di min. 4 persone<\/b> <b>VISUALIZZA I NOSTRI <a href=\"prezzi_ibiza.php\"><span style=\"text-decoration: underline;\">PREZZI VACANZA IBIZA<\/span><\/a> CONTATTACI PER UN PREVENTIVO<\/b><\/td>\n<\/tr>\n<\/tbody>\n<\/table>\n<p><!-- fine banner --><\/p>\n<table class=\"tab1\" border=\"0\" width=\"100%\" cellspacing=\"0\" cellpadding=\"5\" align=\"center\">\n<tbody>\n<tr>\n<td class=\"titmen\" rowspan=\"3\"><a href=\"http:\/\/www.pacha.com\/\" target=\"_blank\" rel=\"nofollow noopener\"><img loading=\"lazy\" decoding=\"async\" src=\"\/disco\/pacha.gif\" alt=\"Pacha\" width=\"100\" height=\"100\" border=\"0\" \/><\/a><\/td>\n<td class=\"titmen\" bgcolor=\"#FFECE8\">Pacha<\/td>\n<\/tr>\n<tr>\n<td class=\"g11s\">La discoteca piu famosa del mondo, nata nel 1973, e ancora il punto di riferimento dell&#8217;isola.<\/td>\n<\/tr>\n<tr>\n<td><a class=\"sott\" href=\"http:\/\/www.pacha.com\/\" target=\"_blank\" rel=\"nofollow noopener\">guarda il sito \u00bb<\/a><\/td>\n<\/tr>\n<\/tbody>\n<\/table>\n<table border=\"0\" width=\"100%\" cellspacing=\"0\" cellpadding=\"0\" align=\"center\">\n<tbody>\n<tr>\n<td><\/td>\n<\/tr>\n<\/tbody>\n<\/table>\n<table class=\"tab1\" border=\"0\" width=\"100%\" cellspacing=\"0\" cellpadding=\"5\" align=\"center\">\n<tbody>\n<tr>\n<td class=\"titmen\" rowspan=\"3\"><a href=\"http:\/\/www.amnesia.es\/\" target=\"_blank\" rel=\"nofollow noopener\"><img loading=\"lazy\" decoding=\"async\" src=\"\/disco\/amnesia.gif\" alt=\"Amnesia\" width=\"100\" height=\"100\" border=\"0\" \/><\/a><\/td>\n<td class=\"titmen\" bgcolor=\"#FFECE8\">Amnesia<\/td>\n<\/tr>\n<tr>\n<td class=\"g11s\">Il locale che ospita l&#8217;intramontabile Cocoon di Sven Vath, lo schiuma party e il Cream&#8230; serate storiche dell&#8217;isola.<\/td>\n<\/tr>\n<tr>\n<td><a class=\"sott\" href=\"http:\/\/www.amnesia.es\/\" target=\"_blank\" rel=\"nofollow noopener\">guarda il sito \u00bb<\/a><\/td>\n<\/tr>\n<\/tbody>\n<\/table>\n<table border=\"0\" width=\"100%\" cellspacing=\"0\" cellpadding=\"0\" align=\"center\">\n<tbody>\n<tr>\n<td><\/td>\n<\/tr>\n<\/tbody>\n<\/table>\n<table class=\"tab1\" border=\"0\" width=\"100%\" cellspacing=\"0\" cellpadding=\"5\" align=\"center\">\n<tbody>\n<tr>\n<td class=\"titmen\" rowspan=\"3\"><a href=\"http:\/\/www.space-ibiza.es\/\" target=\"_blank\" rel=\"nofollow noopener\"><img loading=\"lazy\" decoding=\"async\" src=\"\/disco\/space.gif\" alt=\"Space\" width=\"100\" height=\"100\" border=\"0\" \/><\/a><\/td>\n<td class=\"titmen\" bgcolor=\"#FFECE8\">Space<\/td>\n<\/tr>\n<tr>\n<td class=\"g11s\">Rimane l&#8217;icona delle notti Ibizenche offrendo le serate organizzate da Carl Cox, Kehakuma e il fantastico We Love Space.<\/td>\n<\/tr>\n<tr>\n<td><a class=\"sott\" href=\"http:\/\/www.space-ibiza.es\/\" target=\"_blank\" rel=\"nofollow noopener\">guarda il sito \u00bb<\/a><\/td>\n<\/tr>\n<\/tbody>\n<\/table>\n<table border=\"0\" width=\"100%\" cellspacing=\"0\" cellpadding=\"0\" align=\"center\">\n<tbody>\n<tr>\n<td><\/td>\n<\/tr>\n<\/tbody>\n<\/table>\n<table class=\"tab1\" border=\"0\" width=\"100%\" cellspacing=\"0\" cellpadding=\"5\" align=\"center\">\n<tbody>\n<tr>\n<td class=\"titmen\" rowspan=\"3\"><a href=\"http:\/\/www.elephant-ibiza.com\/\" target=\"_blank\" rel=\"nofollow noopener\"><img loading=\"lazy\" decoding=\"async\" src=\"\/disco\/elephant.gif\" alt=\"L'Elephant Bar\" width=\"100\" height=\"100\" border=\"0\" \/><\/a><\/td>\n<td class=\"titmen\" bgcolor=\"#FFECE8\">L&#8217;Elephant Bar<\/td>\n<\/tr>\n<tr>\n<td class=\"g11s\">Ristorante rinomato per l&#8217;eccellenza gastronomica e poi il fantastico constesto in cui si presenta. Offre un panorama mozzafiato e un lounge bar molto chic.<\/td>\n<\/tr>\n<tr>\n<td><a class=\"sott\" href=\"http:\/\/www.elephant-ibiza.com\/\" target=\"_blank\" rel=\"nofollow noopener\">guarda il sito \u00bb<\/a><\/td>\n<\/tr>\n<\/tbody>\n<\/table>\n<table border=\"0\" width=\"100%\" cellspacing=\"0\" cellpadding=\"0\" align=\"center\">\n<tbody>\n<tr>\n<td><\/td>\n<\/tr>\n<\/tbody>\n<\/table>\n<table class=\"tab1\" border=\"0\" width=\"100%\" cellspacing=\"0\" cellpadding=\"5\" align=\"center\">\n<tbody>\n<tr>\n<td class=\"titmen\" style=\"width: 100px;\" rowspan=\"3\"><a href=\"http:\/\/www.edenibiza.com\/\" target=\"_blank\" rel=\"nofollow noopener\"><img loading=\"lazy\" decoding=\"async\" src=\"\/disco\/eden.gif\" alt=\"Eden\" width=\"100\" height=\"100\" border=\"0\" \/><\/a><\/td>\n<td class=\"titmen\" bgcolor=\"#FFECE8\">Eden<\/td>\n<\/tr>\n<tr>\n<td class=\"g11s\">Le Judgement Sundays radunano gli appassionati di musica trance.<\/td>\n<\/tr>\n<tr>\n<td><a class=\"sott\" href=\"http:\/\/www.edenibiza.com\/\" target=\"_blank\" rel=\"nofollow noopener\">guarda il sito \u00bb<\/a><\/td>\n<\/tr>\n<\/tbody>\n<\/table>\n<table border=\"0\" width=\"100%\" cellspacing=\"0\" cellpadding=\"0\" align=\"center\">\n<tbody>\n<tr>\n<td><\/td>\n<\/tr>\n<\/tbody>\n<\/table>\n<table class=\"tab1\" border=\"0\" width=\"100%\" cellspacing=\"0\" cellpadding=\"5\" align=\"center\">\n<tbody>\n<tr>\n<td class=\"titmen\" rowspan=\"3\"><a href=\"http:\/\/www.privilegeibiza.com\/\" target=\"_blank\" rel=\"nofollow noopener\"><img loading=\"lazy\" decoding=\"async\" src=\"\/disco\/privilege.gif\" alt=\"Privilege\" width=\"100\" height=\"100\" border=\"0\" \/><\/a><\/td>\n<td class=\"titmen\" bgcolor=\"#FFECE8\">Privilege<\/td>\n<\/tr>\n<tr>\n<td class=\"g11s\">E&#8217; la discoteca pi\u00f9 grande del mondo ed ospita le feste pi\u00f9 trasgressive dell&#8217;isola, Supermartx\u00e8 e The Face of Ibiza.<\/td>\n<\/tr>\n<tr>\n<td><a class=\"sott\" href=\"http:\/\/www.privilegeibiza.com\/\" target=\"_blank\" rel=\"nofollow noopener\">guarda il sito \u00bb<\/a><\/td>\n<\/tr>\n<\/tbody>\n<\/table>\n<table border=\"0\" width=\"100%\" cellspacing=\"0\" cellpadding=\"0\" align=\"center\">\n<tbody>\n<tr>\n<td><\/td>\n<\/tr>\n<\/tbody>\n<\/table>\n<table class=\"tab1\" border=\"0\" width=\"100%\" cellspacing=\"0\" cellpadding=\"5\" align=\"center\">\n<tbody>\n<tr>\n<td class=\"titmen\" rowspan=\"3\"><a href=\"http:\/\/www.lioibiza.com\/\" target=\"_blank\" rel=\"nofollow noopener\"><img loading=\"lazy\" decoding=\"async\" src=\"\/disco\/lio.gif\" alt=\"Lio\" width=\"100\" height=\"100\" border=\"0\" \/><\/a><\/td>\n<td class=\"titmen\" bgcolor=\"#FFECE8\">Lio<\/td>\n<\/tr>\n<tr>\n<td class=\"g11s\">Lio \u00e8 l&#8217;esclusivo club dell&#8217;Hotel Pacha Ibiza che offre spettacoli Cabaret and live music bar, primo ad Ibiza nel suo genere, diviso in 2 zone con terrazza e sala interna. Atmosfera cool ed intrigante, il locale offre anche una cucina internazionale con impronta fusion Japanese.<\/td>\n<\/tr>\n<tr>\n<td><a class=\"sott\" href=\"http:\/\/www.lioibiza.com\/\" target=\"_blank\" rel=\"nofollow noopener\">guarda il sito \u00bb<\/a><\/td>\n<\/tr>\n<\/tbody>\n<\/table>\n<table border=\"0\" width=\"100%\" cellspacing=\"0\" cellpadding=\"0\" align=\"center\">\n<tbody>\n<tr>\n<td><\/td>\n<\/tr>\n<\/tbody>\n<\/table>\n<table class=\"tab1\" border=\"0\" width=\"100%\" cellspacing=\"0\" cellpadding=\"5\" align=\"center\">\n<tbody>\n<tr>\n<td class=\"titmen\" rowspan=\"3\"><a href=\"http:\/\/www.km5-lounge.com\/\" target=\"_blank\" rel=\"nofollow noopener\"><img loading=\"lazy\" decoding=\"async\" src=\"\/disco\/km5.gif\" alt=\"Km5\" width=\"100\" height=\"100\" border=\"0\" \/><\/a><\/td>\n<td class=\"titmen\" bgcolor=\"#FFECE8\">Km5<\/td>\n<\/tr>\n<tr>\n<td class=\"g11s\">Una specie di accampamento arabo, ritmi funky e chillout per prepararsi alla lunga notte.<\/td>\n<\/tr>\n<tr>\n<td><a class=\"sott\" href=\"http:\/\/www.km5-lounge.com\/\" target=\"_blank\" rel=\"nofollow noopener\">guarda il sito \u00bb<\/a><\/td>\n<\/tr>\n<\/tbody>\n<\/table>\n<table class=\"tab1\" border=\"0\" width=\"100%\" cellspacing=\"0\" cellpadding=\"5\" align=\"center\">\n<tbody>\n<tr>\n<td class=\"titmen\" rowspan=\"3\"><a href=\"http:\/\/www.myspace.com\/dc10circoloc\" target=\"_blank\" rel=\"nofollow noopener\"><img loading=\"lazy\" decoding=\"async\" src=\"\/disco\/dc10.gif\" alt=\"dc10\" width=\"100\" height=\"100\" border=\"0\" \/><\/a><\/td>\n<td class=\"titmen\" bgcolor=\"#FFECE8\">DC 10<\/td>\n<\/tr>\n<tr>\n<td class=\"g11s\">Al DC10 c&#8217;\u00e8 una continua aria di festa e di caos e l&#8217;atmosfera a volte ricorda i vecchi tempi della acid house .. con una moltitudine di giovani provenienti da tutta Europa che ballano e si divertono sotto il sole estivo.<\/td>\n<\/tr>\n<tr>\n<td><a class=\"sott\" href=\"http:\/\/www.myspace.com\/dc10circoloco\" target=\"_blank\" rel=\"nofollow noopener\">guarda il sito \u00bb<\/a><\/td>\n<\/tr>\n<\/tbody>\n<\/table>\n<table class=\"tab1\" border=\"0\" width=\"100%\" cellspacing=\"0\" cellpadding=\"5\" align=\"center\">\n<tbody>\n<tr>\n<td class=\"titmen\" rowspan=\"3\"><a href=\"http:\/\/www.ushuaiabeachhotel.com\" target=\"_blank\" rel=\"nofollow noopener\"><img loading=\"lazy\" decoding=\"async\" src=\"\/disco\/ushuaia.gif\" alt=\"USHUAIA \" width=\"100\" height=\"100\" border=\"0\" \/><\/a><\/td>\n<td class=\"titmen\" bgcolor=\"#FFECE8\">USHUAIA<\/td>\n<\/tr>\n<tr>\n<td class=\"g11s\">Ushuaia Ibiza Beach Hotel \u00e8 la scelta ideale per coloro che vengono a Ibiza con il desiderio di gustare le migliori feste in spiaggia ed in piscina con i dj set dei migliori djs internazionali. La raffinatezza \u00e8 unica sia di giorno che di notte in un design moderno con tutti i tipi di confort e lusso. Tutto questo di fronte alla spiaggia pi\u00f9 emozionante dell&#8217;isola: Playa den Bossa.<\/td>\n<\/tr>\n<tr>\n<td><a class=\"sott\" href=\"http:\/\/www.ushuaiabeachhotel.com\" target=\"_blank\" rel=\"nofollow noopener\">guarda il sito \u00bb<\/a><\/td>\n<\/tr>\n<\/tbody>\n<\/table>\n<table class=\"tab1\" border=\"0\" width=\"100%\" cellspacing=\"0\" cellpadding=\"5\" align=\"center\">\n<tbody>\n<tr>\n<td class=\"titmen\" rowspan=\"3\"><a href=\"http:\/\/www.SANKEYSIBIZA.com\" target=\"_blank\" rel=\"nofollow noopener\"><img loading=\"lazy\" decoding=\"async\" src=\"\/disco\/sankeys.gif\" alt=\"SANKEYS\" width=\"100\" height=\"100\" border=\"0\" \/><\/a><\/td>\n<td class=\"titmen\" bgcolor=\"#FFECE8\">SANKEYS<\/td>\n<\/tr>\n<tr>\n<td class=\"g11s\">L&#8217;istituzione di Manchester clubbing ha intrapreso un nuovo progetto di discoteca a Ibiza, nell&#8217;ex Kiss \/ Le Masque. Situato a Playa d&#8217;en Bossa, nella strada di fronte il Garbi Hotel, Sankeys ha una capacit\u00e0 di 1500 persone, con 3 sale, terrazza sul tetto, un nuovissimo sistema audio VOID e una nuova serie di line-up per Ibiza.<\/td>\n<\/tr>\n<tr>\n<td>guarda il sito \u00bb<\/td>\n<\/tr>\n<\/tbody>\n<\/table>\n<table class=\"tab1\" border=\"0\" width=\"100%\" cellspacing=\"0\" cellpadding=\"5\" align=\"center\">\n<tbody>\n<tr>\n<td class=\"titmen\" rowspan=\"3\"><a href=\"http:\/\/www.IBIZAROCKS.com\" target=\"_blank\" rel=\"nofollow noopener\"> <img loading=\"lazy\" decoding=\"async\" src=\"\/disco\/rocks.gif\" alt=\"IBIZA ROCKS HOTEL \" width=\"100\" height=\"100\" border=\"0\" \/><\/a><\/td>\n<td class=\"titmen\" bgcolor=\"#FFECE8\">IBIZA ROCKS HOTEL<\/td>\n<\/tr>\n<tr>\n<td class=\"g11s\">Indie Rock&#8217;n&#8217;Roll \u00e8 vivo e vegeto e ha trovato una nuova casa a Ibiza Rocks. In realt\u00e0, Ibiza Rocks ha dimostrato che c&#8217;\u00e8 molto di pi\u00f9 a questa isola di superstar dj e club mostro.<\/td>\n<\/tr>\n<tr>\n<td>guarda il sito \u00bb<\/td>\n<\/tr>\n<\/tbody>\n<\/table>\n<table class=\"tab1\" border=\"0\" width=\"100%\" cellspacing=\"0\" cellpadding=\"5\" align=\"center\">\n<tbody>\n<tr>\n<td class=\"titmen\" rowspan=\"3\"><a href=\"http:\/\/www.thezooproject.com\" target=\"_blank\" rel=\"nofollow noopener\"><img loading=\"lazy\" decoding=\"async\" src=\"\/disco\/zoo.gif\" alt=\"ZOO PROJECT\" width=\"100\" height=\"100\" border=\"0\" \/><\/a><\/td>\n<td class=\"titmen\" bgcolor=\"#FFECE8\">ZOO PROJECT<\/td>\n<\/tr>\n<tr>\n<td class=\"g11s\">Un mix senza confronti: location nell&#8217;ex zoo di ibiza, pool party, animazione a tema, tanta bella gente che ha voglia di divertirsi e mascherarsi per vivere ogni settimana il suo carnevale<\/td>\n<\/tr>\n<tr>\n<td><a class=\"sott\" href=\"http:\/\/www.thezooproject.com\" target=\"_blank\" rel=\"nofollow noopener\">guarda il sito \u00bb<\/a><\/td>\n<\/tr>\n<\/tbody>\n<\/table>\n<table class=\"tab1\" border=\"0\" width=\"100%\" cellspacing=\"0\" cellpadding=\"5\" align=\"center\">\n<tbody>\n<tr>\n<td class=\"titmen\" rowspan=\"3\"><a href=\"http:\/\/www.ESPARADIS.com\" target=\"_blank\" rel=\"nofollow noopener\"><img loading=\"lazy\" decoding=\"async\" src=\"\/disco\/paradis.gif\" alt=\"ES PARADIS\" width=\"100\" height=\"100\" border=\"0\" \/><\/a><\/td>\n<td class=\"titmen\" bgcolor=\"#FFECE8\">ES PARADIS<\/td>\n<\/tr>\n<tr>\n<td class=\"g11s\">La discoteca pi\u00f9 affascinante dell&#8217;isola? Forse, ha quasi un&#8217;aura di paradiso come suggerisce il nome. Un labirinto giardino segreto che emana glamour, Es Paradis \u00e8 stata aperta dalla met\u00e0 degli anni 70 ed \u00e8 una delle attrazioni della notte di Ibiza.<\/td>\n<\/tr>\n<tr>\n<td><a class=\"sott\" href=\"http:\/\/www.ESPARADIS.com\" target=\"_blank\" rel=\"nofollow noopener\">guarda il sito \u00bb<\/a><\/td>\n<\/tr>\n<\/tbody>\n<\/table>\n<table class=\"tab1\" border=\"0\" width=\"100%\" cellspacing=\"0\" cellpadding=\"5\" align=\"center\">\n<tbody>\n<tr>\n<td class=\"titmen\" rowspan=\"3\"><a href=\"http:\/\/www.BAMBUDDHA.com\" target=\"_blank\" rel=\"nofollow noopener\"><img loading=\"lazy\" decoding=\"async\" src=\"\/disco\/bar.gif\" alt=\"BAMBUDDHA BAR \" width=\"100\" height=\"100\" border=\"0\" \/><\/a><\/td>\n<td class=\"titmen\" bgcolor=\"#FFECE8\">BAMBUDDHA BAR<\/td>\n<\/tr>\n<tr>\n<td class=\"g11s\">Situato sulla strada in direzione San Juan da Ibiza citt\u00e0, Bambuddha Bar \u00e8 molto di pi\u00f9 di un semplice ristorante, \u00e8 una completa stimolazione dei sensi. Dal momento in cui entri e senti l?odore di incenso che balla nell&#8217;aria fino a quando attraversi il ristorante tra luci soffuse e stanze sensuali con letti enormi dove puoi rilassarti, bere un drink ed ascoltare musica.<\/td>\n<\/tr>\n<tr>\n<td><a class=\"sott\" href=\"http:\/\/www.BAMBUDDHA.com\" target=\"_blank\" rel=\"nofollow noopener\">guarda il sito \u00bb<\/a><\/td>\n<\/tr>\n<\/tbody>\n<\/table>\n<table class=\"tab1\" border=\"0\" width=\"100%\" cellspacing=\"0\" cellpadding=\"5\" align=\"center\">\n<tbody>\n<tr>\n<td class=\"titmen\" rowspan=\"3\"><a href=\"http:\/\/www.BORABORAIBIZA.com\" target=\"_blank\" rel=\"nofollow noopener\"><img loading=\"lazy\" decoding=\"async\" src=\"\/disco\/bora.gif\" alt=\"BORA BORA\" width=\"100\" height=\"100\" border=\"0\" \/><\/a><\/td>\n<td class=\"titmen\" bgcolor=\"#FFECE8\">BORA BORA<\/td>\n<\/tr>\n<tr>\n<td class=\"g11s\">Il Bora Bora rappresenta la festa in spiaggia pi\u00f9 famosa di Ibiza e forse in tutto il mondo.<\/td>\n<\/tr>\n<tr>\n<td><a class=\"sott\" href=\"http:\/\/www.BORABORAIBIZA.com\" target=\"_blank\" rel=\"nofollow noopener\">guarda il sito \u00bb<\/a><\/td>\n<\/tr>\n<\/tbody>\n<\/table>\n<table class=\"tab1\" border=\"0\" width=\"100%\" cellspacing=\"0\" cellpadding=\"5\" align=\"center\">\n<tbody>\n<tr>\n<td class=\"titmen\" rowspan=\"3\"><a href=\"http:\/\/www.MARTINAIBIZA.com\" target=\"_blank\" rel=\"nofollow noopener\"><img loading=\"lazy\" decoding=\"async\" src=\"\/disco\/martina.gif\" alt=\"MARTINA\" width=\"100\" height=\"100\" border=\"0\" \/><\/a><\/td>\n<td class=\"titmen\" bgcolor=\"#FFECE8\">MARTINA<\/td>\n<\/tr>\n<tr>\n<td class=\"g11s\">La pi\u00f9 nuova discoteca di Ibiza che ha dato molta attenzione ai pi\u00f9 piccoli dettagli. Il senso estetico dovuto alle esclusive decorazioni si implementano molto bene con il sound della musica che si suona all?interno del club.Dalle ceneri dell&#8217;ex Garbi nasce nel 2008 Martina disco con una capacit\u00e0 di pi\u00f9 di 1000 persone, posizionata nel cuore della spiaggia di Playa d&#8217;en Bossa.<\/td>\n<\/tr>\n<tr>\n<td>guarda il sito \u00bb<\/td>\n<\/tr>\n<\/tbody>\n<\/table>\n","protected":false},"excerpt":{"rendered":"<p>VACANZE IBIZA A PARTIRE DA \u20ac 295 TUTTO COMPRESO !!! incluso volo andata e ritorno 7 giorni offerta per un gruppo di min. 4 persone VISUALIZZA I NOSTRI PREZZI VACANZA IBIZA CONTATTACI PER UN PREVENTIVO Pacha La discoteca piu famosa del mondo, nata nel 1973, e ancora il punto di riferimento dell&#8217;isola. guarda il sito&#8230;<\/p>\n","protected":false},"author":1,"featured_media":0,"parent":0,"menu_order":0,"comment_status":"closed","ping_status":"closed","template":"","meta":{"footnotes":""},"class_list":["post-41268","page","type-page","status-publish","hentry"],"acf":[],"yoast_head":"<!-- This site is optimized with the Yoast SEO plugin v22.2 - https:\/\/yoast.com\/wordpress\/plugins\/seo\/ -->\n<title>IBIZA LOW COST - Discoteche e locali di Ibiza<\/title>\n<meta name=\"description\" content=\"Ibiza Low Cost - Informazioni sui club, pub, locali, discoteche pi\u00f9 esclusive di Ibiza. Per vivere a pieno la notte di Ibiza\" \/>\n<meta name=\"robots\" content=\"index, follow, max-snippet:-1, max-image-preview:large, max-video-preview:-1\" \/>\n<link rel=\"canonical\" href=\"https:\/\/www.ibizalowcost.com\/discoteche_ibiza\" \/>\n<meta property=\"og:locale\" content=\"it_IT\" \/>\n<meta property=\"og:type\" content=\"article\" \/>\n<meta property=\"og:title\" content=\"IBIZA LOW COST - Discoteche e locali di Ibiza\" \/>\n<meta property=\"og:description\" content=\"Ibiza Low Cost - Informazioni sui club, pub, locali, discoteche pi\u00f9 esclusive di Ibiza. Per vivere a pieno la notte di Ibiza\" \/>\n<meta property=\"og:url\" content=\"https:\/\/www.ibizalowcost.com\/discoteche_ibiza\" \/>\n<meta property=\"og:site_name\" content=\"IBIZA LOW COST\" \/>\n<meta property=\"article:modified_time\" content=\"2022-11-22T14:48:31+00:00\" \/>\n<meta name=\"twitter:card\" content=\"summary_large_image\" \/>\n<script type=\"application\/ld+json\" class=\"yoast-schema-graph\">{\"@context\":\"https:\/\/schema.org\",\"@graph\":[{\"@type\":\"WebPage\",\"@id\":\"https:\/\/www.ibizalowcost.com\/discoteche_ibiza\",\"url\":\"https:\/\/www.ibizalowcost.com\/discoteche_ibiza\",\"name\":\"IBIZA LOW COST - Discoteche e locali di Ibiza\",\"isPartOf\":{\"@id\":\"https:\/\/www.ibizalowcost.com\/#website\"},\"datePublished\":\"2022-10-11T09:50:30+00:00\",\"dateModified\":\"2022-11-22T14:48:31+00:00\",\"description\":\"Ibiza Low Cost - Informazioni sui club, pub, locali, discoteche pi\u00f9 esclusive di Ibiza. Per vivere a pieno la notte di Ibiza\",\"breadcrumb\":{\"@id\":\"https:\/\/www.ibizalowcost.com\/discoteche_ibiza#breadcrumb\"},\"inLanguage\":\"it-IT\",\"potentialAction\":[{\"@type\":\"ReadAction\",\"target\":[\"https:\/\/www.ibizalowcost.com\/discoteche_ibiza\"]}]},{\"@type\":\"BreadcrumbList\",\"@id\":\"https:\/\/www.ibizalowcost.com\/discoteche_ibiza#breadcrumb\",\"itemListElement\":[{\"@type\":\"ListItem\",\"position\":1,\"name\":\"Home\",\"item\":\"https:\/\/www.ibizalowcost.com\/it\/\"},{\"@type\":\"ListItem\",\"position\":2,\"name\":\"Ibiza di Notte\"}]},{\"@type\":\"WebSite\",\"@id\":\"https:\/\/www.ibizalowcost.com\/#website\",\"url\":\"https:\/\/www.ibizalowcost.com\/\",\"name\":\"IBIZA LOW COST\",\"description\":\"\",\"potentialAction\":[{\"@type\":\"SearchAction\",\"target\":{\"@type\":\"EntryPoint\",\"urlTemplate\":\"https:\/\/www.ibizalowcost.com\/?s={search_term_string}\"},\"query-input\":\"required name=search_term_string\"}],\"inLanguage\":\"it-IT\"}]}<\/script>\n<!-- \/ Yoast SEO plugin. -->","yoast_head_json":{"title":"IBIZA LOW COST - Discoteche e locali di Ibiza","description":"Ibiza Low Cost - Informazioni sui club, pub, locali, discoteche pi\u00f9 esclusive di Ibiza. Per vivere a pieno la notte di Ibiza","robots":{"index":"index","follow":"follow","max-snippet":"max-snippet:-1","max-image-preview":"max-image-preview:large","max-video-preview":"max-video-preview:-1"},"canonical":"https:\/\/www.ibizalowcost.com\/discoteche_ibiza","og_locale":"it_IT","og_type":"article","og_title":"IBIZA LOW COST - Discoteche e locali di Ibiza","og_description":"Ibiza Low Cost - Informazioni sui club, pub, locali, discoteche pi\u00f9 esclusive di Ibiza. Per vivere a pieno la notte di Ibiza","og_url":"https:\/\/www.ibizalowcost.com\/discoteche_ibiza","og_site_name":"IBIZA LOW COST","article_modified_time":"2022-11-22T14:48:31+00:00","twitter_card":"summary_large_image","schema":{"@context":"https:\/\/schema.org","@graph":[{"@type":"WebPage","@id":"https:\/\/www.ibizalowcost.com\/discoteche_ibiza","url":"https:\/\/www.ibizalowcost.com\/discoteche_ibiza","name":"IBIZA LOW COST - Discoteche e locali di Ibiza","isPartOf":{"@id":"https:\/\/www.ibizalowcost.com\/#website"},"datePublished":"2022-10-11T09:50:30+00:00","dateModified":"2022-11-22T14:48:31+00:00","description":"Ibiza Low Cost - Informazioni sui club, pub, locali, discoteche pi\u00f9 esclusive di Ibiza. Per vivere a pieno la notte di Ibiza","breadcrumb":{"@id":"https:\/\/www.ibizalowcost.com\/discoteche_ibiza#breadcrumb"},"inLanguage":"it-IT","potentialAction":[{"@type":"ReadAction","target":["https:\/\/www.ibizalowcost.com\/discoteche_ibiza"]}]},{"@type":"BreadcrumbList","@id":"https:\/\/www.ibizalowcost.com\/discoteche_ibiza#breadcrumb","itemListElement":[{"@type":"ListItem","position":1,"name":"Home","item":"https:\/\/www.ibizalowcost.com\/it\/"},{"@type":"ListItem","position":2,"name":"Ibiza di Notte"}]},{"@type":"WebSite","@id":"https:\/\/www.ibizalowcost.com\/#website","url":"https:\/\/www.ibizalowcost.com\/","name":"IBIZA LOW COST","description":"","potentialAction":[{"@type":"SearchAction","target":{"@type":"EntryPoint","urlTemplate":"https:\/\/www.ibizalowcost.com\/?s={search_term_string}"},"query-input":"required name=search_term_string"}],"inLanguage":"it-IT"}]}},"_links":{"self":[{"href":"https:\/\/www.ibizalowcost.com\/wp-json\/wp\/v2\/pages\/41268","targetHints":{"allow":["GET"]}}],"collection":[{"href":"https:\/\/www.ibizalowcost.com\/wp-json\/wp\/v2\/pages"}],"about":[{"href":"https:\/\/www.ibizalowcost.com\/wp-json\/wp\/v2\/types\/page"}],"author":[{"embeddable":true,"href":"https:\/\/www.ibizalowcost.com\/wp-json\/wp\/v2\/users\/1"}],"replies":[{"embeddable":true,"href":"https:\/\/www.ibizalowcost.com\/wp-json\/wp\/v2\/comments?post=41268"}],"version-history":[{"count":3,"href":"https:\/\/www.ibizalowcost.com\/wp-json\/wp\/v2\/pages\/41268\/revisions"}],"predecessor-version":[{"id":41640,"href":"https:\/\/www.ibizalowcost.com\/wp-json\/wp\/v2\/pages\/41268\/revisions\/41640"}],"wp:attachment":[{"href":"https:\/\/www.ibizalowcost.com\/wp-json\/wp\/v2\/media?parent=41268"}],"curies":[{"name":"wp","href":"https:\/\/api.w.org\/{rel}","templated":true}]}}