{"id":41253,"date":"2022-10-11T11:16:33","date_gmt":"2022-10-11T09:16:33","guid":{"rendered":"https:\/\/www.ibizalowcost.com\/it\/?page_id=41253"},"modified":"2022-11-22T16:42:49","modified_gmt":"2022-11-22T15:42:49","slug":"spiagge_ibiza_san_antonio","status":"publish","type":"page","link":"https:\/\/www.ibizalowcost.com\/spiagge_ibiza_san_antonio","title":{"rendered":"Spiagge San Antonio"},"content":{"rendered":"<section class=\"l-section wpb_row height_small\"><div class=\"l-section-h i-cf\"><div class=\"g-cols vc_row via_grid cols_1 laptops-cols_inherit tablets-cols_inherit mobiles-cols_1 valign_top type_default stacking_default\"><div class=\"wpb_column vc_column_container\"><div class=\"vc_column-inner\"><div class=\"w-image align_center\"><div class=\"w-image-h\"><img decoding=\"async\" width=\"468\" height=\"83\" src=\"https:\/\/www.ibizalowcost.com\/wp-content\/uploads\/2022\/10\/t14-1.png\" class=\"attachment-full size-full\" alt=\"\" loading=\"lazy\" srcset=\"https:\/\/www.ibizalowcost.com\/wp-content\/uploads\/2022\/10\/t14-1.png 468w, https:\/\/www.ibizalowcost.com\/wp-content\/uploads\/2022\/10\/t14-1-300x53.png 300w\" sizes=\"auto, (max-width: 468px) 100vw, 468px\" \/><\/div><\/div><div class=\"g-cols wpb_row via_grid cols_1 laptops-cols_inherit tablets-cols_inherit mobiles-cols_1 valign_top type_default stacking_default\" style=\"--gap:3rem;\"><div class=\"wpb_column vc_column_container\"><div class=\"vc_column-inner\"><div class=\"wpb_text_column\"><div class=\"wpb_wrapper\"><p style=\"text-align: right;\"><strong>\u00ab<\/strong>\u00a0<a class=\"sott\" href=\"\/guida_turismo_ibiza\"><strong>L\u2019altra\u00a0Ibiza<\/strong><\/a><\/p>\n<\/div><\/div><\/div><\/div><\/div><\/div><\/div><\/div><\/div><\/section><section class=\"l-section wpb_row height_small\"><div class=\"l-section-h i-cf\"><div class=\"g-cols vc_row via_grid cols_1 laptops-cols_inherit tablets-cols_inherit mobiles-cols_1 valign_top type_default stacking_default\"><div class=\"wpb_column vc_column_container\"><div class=\"vc_column-inner\"><nav class=\"w-menu layout_hor style_links us_menu_1\" style=\"--main-gap:1.5rem;--main-ver-indent:0.8em;--main-hor-indent:0.8em;--main-color:inherit;\"><ul id=\"menu-menu-ibiza-days\" class=\"menu\"><li id=\"menu-item-41237\" class=\"menu-item menu-item-type-post_type menu-item-object-page menu-item-41237\"><a href=\"https:\/\/www.ibizalowcost.com\/spiagge_ibiza_town_eivissa\">Ibiza Town<\/a><\/li><li id=\"menu-item-41242\" class=\"menu-item menu-item-type-post_type menu-item-object-page menu-item-41242\"><a href=\"https:\/\/www.ibizalowcost.com\/spiagge_ibiza_santa_eulalia\">Santa Eulalia<\/a><\/li><li id=\"menu-item-41248\" class=\"menu-item menu-item-type-post_type menu-item-object-page menu-item-41248\"><a href=\"https:\/\/www.ibizalowcost.com\/ibiza_beaches_san_jose\">San Jose<\/a><\/li><li id=\"menu-item-41252\" class=\"menu-item menu-item-type-post_type menu-item-object-page menu-item-41252\"><a href=\"https:\/\/www.ibizalowcost.com\/spiagge_ibiza_san_juan\">San Juan<\/a><\/li><li id=\"menu-item-41256\" class=\"menu-item menu-item-type-post_type menu-item-object-page menu-item-41256\"><a href=\"https:\/\/www.ibizalowcost.com\/spiagge_ibiza_san_antonio\">San Antonio<\/a><\/li><\/ul><style>@media ( max-width:600px ){.us_menu_1 .menu{display:block!important}.us_menu_1 .menu>li{margin:0 0 var(--main-gap,1.5rem)!important}}<\/style><\/nav><\/div><\/div><\/div><\/div><\/section><section class=\"l-section wpb_row height_small\"><div class=\"l-section-h i-cf\"><div class=\"g-cols vc_row via_grid cols_1 laptops-cols_inherit tablets-cols_inherit mobiles-cols_1 valign_top type_default stacking_default\"><div class=\"wpb_column vc_column_container\"><div class=\"vc_column-inner\"><div class=\"wpb_text_column\"><div class=\"wpb_wrapper\"><h1><span class=\"cate\">Citt\u00e0 e spiagge Ibiza<\/span><\/h1>\n<\/div><\/div><div class=\"wpb_text_column\"><div class=\"wpb_wrapper\"><h3><span class=\"cate\">San Antonio<\/span><\/h3>\n<\/div><\/div><\/div><\/div><\/div><\/div><\/section><section class=\"l-section wpb_row height_small\"><div class=\"l-section-h i-cf\"><div class=\"g-cols vc_row via_grid cols_1 laptops-cols_inherit tablets-cols_inherit mobiles-cols_1 valign_top type_default stacking_default\"><div class=\"wpb_column vc_column_container\"><div class=\"vc_column-inner\"><div class=\"wpb_text_column\"><div class=\"wpb_wrapper\"><p>San Antonio<br \/>\nSan Antonio<br \/>\nLe vacanze a San Antonio sono divertenti e piene di cose diverse sia da fare che da vedere.<br \/>\nGli appartamenti vacanze e le ville in questo paese sono la scelta pi\u00f9 diffusa tra i turisti inglesi.<br \/>\nLa seconda cittadina pi\u00fa grande di Ibiza, San Antonio in origine veniva chiamato dai romani Portus Magnus; oggi a pieno titolo si chiama San Antoni de Portmany (in catalano) e San Antonio Abad (in spanolo). Sebbene conosciuto per la sua frizzante vita notturna, di giorno ci sono molte attivit\u00e0 diverse come immersioni subaquee, il noleggio di barche, i negozi, intrattenimenti di vario genere o puoi semplicemente rilassarti sulla sabbia dorata della spiaggia. Qui ci sono alcuni dei ristoranti pi\u00f9 raffinati di Ibiza, i quali servono molti tipi di cucine internazionali con prezzi che vanno da molto bassi ad abbastanza alti.<\/p>\n<p>San Antonio<img loading=\"lazy\" decoding=\"async\" class=\"size-medium wp-image-41254 alignleft\" src=\"https:\/\/www.ibizalowcost.com\/wp-content\/uploads\/2022\/10\/san_antonio-300x199.jpg\" alt=\"\" width=\"300\" height=\"199\" srcset=\"https:\/\/www.ibizalowcost.com\/wp-content\/uploads\/2022\/10\/san_antonio-300x199.jpg 300w, https:\/\/www.ibizalowcost.com\/wp-content\/uploads\/2022\/10\/san_antonio.jpg 335w\" sizes=\"auto, (max-width: 300px) 100vw, 300px\" \/><br \/>\nLa localit\u00e0 attrae prevalentemente turisti inglesi; nei mesi di Luglio e Agosto \u00e8 popolato da un\u2019energetica folla di giovani che girano per le discoteche, mentre nei mesi di Maggio, Giugno, Settembre e Ottobre troverai molte famiglie godersi le molteplici risorse di San Antonio, in un\u2019atmosfera pi\u00f9 tranquillit\u00e1. Il paese ha una schiera di bar situati prevalentemente all\u2019estremit\u00e0 ovest, una zona al centro del paese che di notte si colma di ragazzi che ballano e si divertono, la \u201cstriscia del tramonto\u201d-una selezione di famosi bar chill-out e ristoranti dove ogni sera moltissime persone si ritrovano per vedere il tramonto di Ibiza; anche i bar sul lungomare sono molto vivaci ma attraggono una clientela diversa e pi\u00fa vivace rispetto a quelli dell\u2019estremit\u00e0 Ovest.<br \/>\nIn estate puoi vedere gruppi dal vivo; anche l\u2019 \u201cEden\u201d e \u201cEs Paradis\u201d, due discoteche dell\u2019isola, sono situate qui.<br \/>\nSan Antonio offre una vasta gamma di sistemazioni vacanze che spaziano dalle lussuose ville di Ibiza, situate nelle campagne circostanti, agli economici appartamenti nel pieno centro sul porto.<br \/>\nDal lato opposto a San Antonio c\u2019\u00e8 Port bes Torrent o \u201cla baia\u201d, come \u00e8 pi\u00f9 comunemente conosciuta. In pi\u00f9 pubs, ristoranti, bar con musica dal vivo, karaoke, bingo, comici e discoteche; divertimenti, giochi, negozi, supermarket, sistemazioni vacanze economiche e un\u2019altra spiaggia, sono situati in questo stravagante posto dell\u2019isola.<br \/>\nIclusi nella zona di San Antonio ci sono:<\/p>\n<p>Santa Ines<br \/>\nSituato a nord di San Antonio, questo piccolo villaggio rurale \u00e8 uno dei pi\u00f9 raffinati di Ibiza. Santa Ines o Sant Agnes (in catalano) non \u00e8 stata contaminata dal turismo per cui mantiene inalterata la sua originaria bellezza. Solo un piccolo negozio e una manciata di animati bar\/ristoranti centrati attorno ad una grande chiesa adornano il centro del paese. La campagna circostante \u00e8 davvero mozzafiato, l\u2019area \u00e8 ricoperta completamente di mandorli per miglia e miglia, e tra l\u2019inverno e l\u2019estate, quando gli alberi fioriscono, la gente arriva da ogni parte dell\u2019isola per vedere l\u2019incredibile panorama. Nelle notti di luna piena a Febbraio, i boccioli dei mandorli riflettono la luce della luna, e quando cadono, sembra che stia cadendo una neve luminosa, un\u2019esperienza davvero magica.<br \/>\nDurante tutti i mesi dell\u2019anno puoi vedere turisti e abitanti del luogo passeggiare per Santa Ines, ci sono molti passaggi nascosti nella scogliera che sembrano invalicabili, ma vi condurranno ad una vista mozzafiato e ad un\u2019acqua incredibilmente cristallina. Lungo il ciglio della scogliera ci sono alcune piccole spiagge da scoprire e centinaia di diverse erbe selvatiche e piante che crescono naturalmente lungo la strada. Le ville a Ibiza a Santa Ines, possono essere rurali e molto tranquille, spesso anche con una vista spettacolare.<br \/>\nCala Gracio e Cala Gracionetta<br \/>\nIl nome di queste due spiagge gemelle tradotto in Italiano sarebbe: \u201cSpiaggia graziosa e Piccola spoaggia graziosa\u201d, un nome che gli calza a pennello. Ad un kilometro di distanza da San Antonio, Cala Gracio \u00e8 una larga spiaggia che detiene un fascino curioso, in quanto non \u00e8 molto larga, ma \u00e8 davvero molto lunga; ci sono due ristoranti sulla spiaggia, e un negozio molto particolare dove puoi fare anche massaggi tailandesi. Aggirando con un piccolo sentiero alcune roccie (o nuotandoci intorno, se preferite), giungerete a Cala gracioneta, una piccola spiaggia con una bellissima vista e un ristorante che serve piatti di un\u2019ottima cucina. Le due baie sono divise tra loro dalla scogliera in maniera tale che questa le incornici e che si crei cos\u00ec uno scenario da cartolina.<br \/>\nRaccolto nella parte Sud di Cala gracio, in una vecchia spiaggia di contrabbandieri, c\u2019\u00e8 l\u2019acquario di Cap Blanc, che ospita una grande variet\u00e0 di forme di vita mediterranee.<br \/>\nLe spiagge sono sicure per i bambini, in estate sono piene di turisti di ogni tipo, che nuotano e si rilassano dedicandosi alla loro abbronzatura.<br \/>\nSan Rafael<br \/>\nSituato a met\u00e0 strada tra Ibiza citt\u00e0 e San Antonio nel cuore dell\u2019isola, questo paese affollato ospita una serie di negozi, supermercati, panetterie e internet point. Nell\u2019angolo pi\u00f9 remoto di San Rafael c\u2019\u00e8 una grande e bellissima chiesa, sulla cima della collina; pu\u00f2 essere vista anche da molto lontano, e dalle terrazze dei bar accanto, puoi vedere quasi tutta l\u2019isola (fantastica quando \u00e9 illuminata dalle luci notturne).<br \/>\nQuando vorrete mangiare all\u2019aperto a San Rafael, avrete l\u2019imbarazzo della scelta tra i tanti ristoranti, che vi offrono svariate opzioni, da cibi raffinati a pietanze etniche particolari. Per la sera, ci sono svariati bar di tendenza e classe, e poco fuori dal paese, sulla strada principale, ci sono le famose discoteche \u201cAmnesia\u201d e \u201cPrivilege\u201d.<br \/>\nNella zona di San Rafael ci sono alcune ville nascoste nelle campagne; questa localizzazione \u00e8 perfetta perch\u00e8 ben collegata a tutte le altre zone dell\u2019isola.<\/p>\n<\/div><\/div><\/div><\/div><\/div><\/div><\/section><section class=\"l-section wpb_row height_small\"><div class=\"l-section-h i-cf\"><div class=\"g-cols vc_row via_grid cols_2-1 laptops-cols_inherit tablets-cols_inherit mobiles-cols_1 valign_middle type_default stacking_default\"><div class=\"wpb_column vc_column_container\"><div class=\"vc_column-inner\"><div class=\"wpb_text_column\"><div class=\"wpb_wrapper\"><h3>Scopri l\u2019altra faccia di Ibiza<\/h3>\n<\/div><\/div><div class=\"wpb_text_column\"><div class=\"wpb_wrapper\"><p><strong>\u00bb<\/strong> <a class=\"sott\" href=\"https:\/\/www.ibizalowcost.com\/pdf\/spiagge.pdf\"><strong>Scarica la guida completa sulle spiagge<\/strong><\/a><\/p>\n<p><strong>\u00bb<\/strong>\u00a0<a class=\"sott\" href=\"\/spiagge_ibiza_town_eivissa\"><strong>Citt\u00e0 e spiagge di Ibiza<\/strong><\/a><\/p>\n<p><strong>\u00bb<\/strong>\u00a0<a class=\"sott\" href=\"\/mercatini_ibiza\"><strong>Mercatini di Ibiza<\/strong><\/a><\/p>\n<p><strong>\u00bb<\/strong>\u00a0<a class=\"sott\" href=\"\/sport_ibiza\"><strong>Sport ad Ibiza<\/strong><\/a><\/p>\n<\/div><\/div><\/div><\/div><div class=\"wpb_column vc_column_container\"><div class=\"vc_column-inner\"><div class=\"w-image align_center\"><div class=\"w-image-h\"><img decoding=\"async\" width=\"239\" height=\"180\" src=\"https:\/\/www.ibizalowcost.com\/wp-content\/uploads\/2022\/10\/ibiza_low-1.jpg\" class=\"attachment-full size-full\" alt=\"\" loading=\"lazy\" \/><\/div><\/div><\/div><\/div><\/div><\/div><\/section>\n","protected":false},"excerpt":{"rendered":"\u00ab\u00a0L\u2019altra\u00a0Ibiza Ibiza TownSanta EulaliaSan JoseSan JuanSan AntonioCitt\u00e0 e spiagge Ibiza San Antonio San Antonio San Antonio Le vacanze a San Antonio sono divertenti e piene di cose diverse sia da fare che da vedere. Gli appartamenti vacanze e le ville in questo paese sono la scelta pi\u00f9 diffusa tra i turisti inglesi. La seconda cittadina...","protected":false},"author":1,"featured_media":0,"parent":0,"menu_order":0,"comment_status":"closed","ping_status":"closed","template":"","meta":{"footnotes":""},"class_list":["post-41253","page","type-page","status-publish","hentry"],"acf":[],"yoast_head":"<!-- This site is optimized with the Yoast SEO plugin v22.2 - https:\/\/yoast.com\/wordpress\/plugins\/seo\/ -->\n<title>IBIZA LOW COST - Guida Turismo Ibiza - Spiagge e citt\u00e0 di Ibiza: San Antonio<\/title>\n<meta name=\"description\" content=\"Ibiza Low Cost - Citt\u00e0 e spiagge di ibiza: Santa Ines, Cala Gracio e Cala Gracionetta, San Rafael. Le pi\u00f9 belle citt\u00e0 e localit\u00e0 marine di Ibiza\" \/>\n<meta name=\"robots\" content=\"index, follow, max-snippet:-1, max-image-preview:large, max-video-preview:-1\" \/>\n<link rel=\"canonical\" href=\"https:\/\/www.ibizalowcost.com\/spiagge_ibiza_san_antonio\" \/>\n<meta property=\"og:locale\" content=\"it_IT\" \/>\n<meta property=\"og:type\" content=\"article\" \/>\n<meta property=\"og:title\" content=\"IBIZA LOW COST - Guida Turismo Ibiza - Spiagge e citt\u00e0 di Ibiza: San Antonio\" \/>\n<meta property=\"og:description\" content=\"Ibiza Low Cost - Citt\u00e0 e spiagge di ibiza: Santa Ines, Cala Gracio e Cala Gracionetta, San Rafael. Le pi\u00f9 belle citt\u00e0 e localit\u00e0 marine di Ibiza\" \/>\n<meta property=\"og:url\" content=\"https:\/\/www.ibizalowcost.com\/spiagge_ibiza_san_antonio\" \/>\n<meta property=\"og:site_name\" content=\"IBIZA LOW COST\" \/>\n<meta property=\"article:modified_time\" content=\"2022-11-22T15:42:49+00:00\" \/>\n<meta property=\"og:image\" content=\"https:\/\/www.ibizalowcost.com\/wp-content\/uploads\/2022\/10\/san_antonio-300x199.jpg\" \/>\n<meta name=\"twitter:card\" content=\"summary_large_image\" \/>\n<script type=\"application\/ld+json\" class=\"yoast-schema-graph\">{\"@context\":\"https:\/\/schema.org\",\"@graph\":[{\"@type\":\"WebPage\",\"@id\":\"https:\/\/www.ibizalowcost.com\/spiagge_ibiza_san_antonio\",\"url\":\"https:\/\/www.ibizalowcost.com\/spiagge_ibiza_san_antonio\",\"name\":\"IBIZA LOW COST - Guida Turismo Ibiza - Spiagge e citt\u00e0 di Ibiza: San Antonio\",\"isPartOf\":{\"@id\":\"https:\/\/www.ibizalowcost.com\/#website\"},\"primaryImageOfPage\":{\"@id\":\"https:\/\/www.ibizalowcost.com\/spiagge_ibiza_san_antonio#primaryimage\"},\"image\":{\"@id\":\"https:\/\/www.ibizalowcost.com\/spiagge_ibiza_san_antonio#primaryimage\"},\"thumbnailUrl\":\"https:\/\/www.ibizalowcost.com\/wp-content\/uploads\/2022\/10\/san_antonio-300x199.jpg\",\"datePublished\":\"2022-10-11T09:16:33+00:00\",\"dateModified\":\"2022-11-22T15:42:49+00:00\",\"description\":\"Ibiza Low Cost - Citt\u00e0 e spiagge di ibiza: Santa Ines, Cala Gracio e Cala Gracionetta, San Rafael. Le pi\u00f9 belle citt\u00e0 e localit\u00e0 marine di Ibiza\",\"breadcrumb\":{\"@id\":\"https:\/\/www.ibizalowcost.com\/spiagge_ibiza_san_antonio#breadcrumb\"},\"inLanguage\":\"it-IT\",\"potentialAction\":[{\"@type\":\"ReadAction\",\"target\":[\"https:\/\/www.ibizalowcost.com\/spiagge_ibiza_san_antonio\"]}]},{\"@type\":\"ImageObject\",\"inLanguage\":\"it-IT\",\"@id\":\"https:\/\/www.ibizalowcost.com\/spiagge_ibiza_san_antonio#primaryimage\",\"url\":\"https:\/\/www.ibizalowcost.com\/wp-content\/uploads\/2022\/10\/san_antonio-300x199.jpg\",\"contentUrl\":\"https:\/\/www.ibizalowcost.com\/wp-content\/uploads\/2022\/10\/san_antonio-300x199.jpg\"},{\"@type\":\"BreadcrumbList\",\"@id\":\"https:\/\/www.ibizalowcost.com\/spiagge_ibiza_san_antonio#breadcrumb\",\"itemListElement\":[{\"@type\":\"ListItem\",\"position\":1,\"name\":\"Home\",\"item\":\"https:\/\/www.ibizalowcost.com\/it\/\"},{\"@type\":\"ListItem\",\"position\":2,\"name\":\"Spiagge San Antonio\"}]},{\"@type\":\"WebSite\",\"@id\":\"https:\/\/www.ibizalowcost.com\/#website\",\"url\":\"https:\/\/www.ibizalowcost.com\/\",\"name\":\"IBIZA LOW COST\",\"description\":\"\",\"potentialAction\":[{\"@type\":\"SearchAction\",\"target\":{\"@type\":\"EntryPoint\",\"urlTemplate\":\"https:\/\/www.ibizalowcost.com\/?s={search_term_string}\"},\"query-input\":\"required name=search_term_string\"}],\"inLanguage\":\"it-IT\"}]}<\/script>\n<!-- \/ Yoast SEO plugin. -->","yoast_head_json":{"title":"IBIZA LOW COST - Guida Turismo Ibiza - Spiagge e citt\u00e0 di Ibiza: San Antonio","description":"Ibiza Low Cost - Citt\u00e0 e spiagge di ibiza: Santa Ines, Cala Gracio e Cala Gracionetta, San Rafael. Le pi\u00f9 belle citt\u00e0 e localit\u00e0 marine di Ibiza","robots":{"index":"index","follow":"follow","max-snippet":"max-snippet:-1","max-image-preview":"max-image-preview:large","max-video-preview":"max-video-preview:-1"},"canonical":"https:\/\/www.ibizalowcost.com\/spiagge_ibiza_san_antonio","og_locale":"it_IT","og_type":"article","og_title":"IBIZA LOW COST - Guida Turismo Ibiza - Spiagge e citt\u00e0 di Ibiza: San Antonio","og_description":"Ibiza Low Cost - Citt\u00e0 e spiagge di ibiza: Santa Ines, Cala Gracio e Cala Gracionetta, San Rafael. Le pi\u00f9 belle citt\u00e0 e localit\u00e0 marine di Ibiza","og_url":"https:\/\/www.ibizalowcost.com\/spiagge_ibiza_san_antonio","og_site_name":"IBIZA LOW COST","article_modified_time":"2022-11-22T15:42:49+00:00","og_image":[{"url":"https:\/\/www.ibizalowcost.com\/wp-content\/uploads\/2022\/10\/san_antonio-300x199.jpg"}],"twitter_card":"summary_large_image","schema":{"@context":"https:\/\/schema.org","@graph":[{"@type":"WebPage","@id":"https:\/\/www.ibizalowcost.com\/spiagge_ibiza_san_antonio","url":"https:\/\/www.ibizalowcost.com\/spiagge_ibiza_san_antonio","name":"IBIZA LOW COST - Guida Turismo Ibiza - Spiagge e citt\u00e0 di Ibiza: San Antonio","isPartOf":{"@id":"https:\/\/www.ibizalowcost.com\/#website"},"primaryImageOfPage":{"@id":"https:\/\/www.ibizalowcost.com\/spiagge_ibiza_san_antonio#primaryimage"},"image":{"@id":"https:\/\/www.ibizalowcost.com\/spiagge_ibiza_san_antonio#primaryimage"},"thumbnailUrl":"https:\/\/www.ibizalowcost.com\/wp-content\/uploads\/2022\/10\/san_antonio-300x199.jpg","datePublished":"2022-10-11T09:16:33+00:00","dateModified":"2022-11-22T15:42:49+00:00","description":"Ibiza Low Cost - Citt\u00e0 e spiagge di ibiza: Santa Ines, Cala Gracio e Cala Gracionetta, San Rafael. Le pi\u00f9 belle citt\u00e0 e localit\u00e0 marine di Ibiza","breadcrumb":{"@id":"https:\/\/www.ibizalowcost.com\/spiagge_ibiza_san_antonio#breadcrumb"},"inLanguage":"it-IT","potentialAction":[{"@type":"ReadAction","target":["https:\/\/www.ibizalowcost.com\/spiagge_ibiza_san_antonio"]}]},{"@type":"ImageObject","inLanguage":"it-IT","@id":"https:\/\/www.ibizalowcost.com\/spiagge_ibiza_san_antonio#primaryimage","url":"https:\/\/www.ibizalowcost.com\/wp-content\/uploads\/2022\/10\/san_antonio-300x199.jpg","contentUrl":"https:\/\/www.ibizalowcost.com\/wp-content\/uploads\/2022\/10\/san_antonio-300x199.jpg"},{"@type":"BreadcrumbList","@id":"https:\/\/www.ibizalowcost.com\/spiagge_ibiza_san_antonio#breadcrumb","itemListElement":[{"@type":"ListItem","position":1,"name":"Home","item":"https:\/\/www.ibizalowcost.com\/it\/"},{"@type":"ListItem","position":2,"name":"Spiagge San Antonio"}]},{"@type":"WebSite","@id":"https:\/\/www.ibizalowcost.com\/#website","url":"https:\/\/www.ibizalowcost.com\/","name":"IBIZA LOW COST","description":"","potentialAction":[{"@type":"SearchAction","target":{"@type":"EntryPoint","urlTemplate":"https:\/\/www.ibizalowcost.com\/?s={search_term_string}"},"query-input":"required name=search_term_string"}],"inLanguage":"it-IT"}]}},"_links":{"self":[{"href":"https:\/\/www.ibizalowcost.com\/wp-json\/wp\/v2\/pages\/41253","targetHints":{"allow":["GET"]}}],"collection":[{"href":"https:\/\/www.ibizalowcost.com\/wp-json\/wp\/v2\/pages"}],"about":[{"href":"https:\/\/www.ibizalowcost.com\/wp-json\/wp\/v2\/types\/page"}],"author":[{"embeddable":true,"href":"https:\/\/www.ibizalowcost.com\/wp-json\/wp\/v2\/users\/1"}],"replies":[{"embeddable":true,"href":"https:\/\/www.ibizalowcost.com\/wp-json\/wp\/v2\/comments?post=41253"}],"version-history":[{"count":3,"href":"https:\/\/www.ibizalowcost.com\/wp-json\/wp\/v2\/pages\/41253\/revisions"}],"predecessor-version":[{"id":41659,"href":"https:\/\/www.ibizalowcost.com\/wp-json\/wp\/v2\/pages\/41253\/revisions\/41659"}],"wp:attachment":[{"href":"https:\/\/www.ibizalowcost.com\/wp-json\/wp\/v2\/media?parent=41253"}],"curies":[{"name":"wp","href":"https:\/\/api.w.org\/{rel}","templated":true}]}}