{"id":41250,"date":"2022-10-11T11:07:43","date_gmt":"2022-10-11T09:07:43","guid":{"rendered":"https:\/\/www.ibizalowcost.com\/it\/?page_id=41250"},"modified":"2022-11-22T16:43:41","modified_gmt":"2022-11-22T15:43:41","slug":"spiagge_ibiza_san_juan","status":"publish","type":"page","link":"https:\/\/www.ibizalowcost.com\/spiagge_ibiza_san_juan","title":{"rendered":"Spiagge San Juan"},"content":{"rendered":"<section class=\"l-section wpb_row height_small\"><div class=\"l-section-h i-cf\"><div class=\"g-cols vc_row via_grid cols_1 laptops-cols_inherit tablets-cols_inherit mobiles-cols_1 valign_top type_default stacking_default\"><div class=\"wpb_column vc_column_container\"><div class=\"vc_column-inner\"><div class=\"w-image align_center\"><div class=\"w-image-h\"><img decoding=\"async\" width=\"468\" height=\"83\" src=\"https:\/\/www.ibizalowcost.com\/wp-content\/uploads\/2022\/10\/t14-1.png\" class=\"attachment-full size-full\" alt=\"\" loading=\"lazy\" srcset=\"https:\/\/www.ibizalowcost.com\/wp-content\/uploads\/2022\/10\/t14-1.png 468w, https:\/\/www.ibizalowcost.com\/wp-content\/uploads\/2022\/10\/t14-1-300x53.png 300w\" sizes=\"auto, (max-width: 468px) 100vw, 468px\" \/><\/div><\/div><div class=\"g-cols wpb_row via_grid cols_1 laptops-cols_inherit tablets-cols_inherit mobiles-cols_1 valign_top type_default stacking_default\" style=\"--gap:3rem;\"><div class=\"wpb_column vc_column_container\"><div class=\"vc_column-inner\"><div class=\"wpb_text_column\"><div class=\"wpb_wrapper\"><p style=\"text-align: right;\"><strong>\u00ab<\/strong>\u00a0<a class=\"sott\" href=\"\/guida_turismo_ibiza\"><strong>L\u2019altra\u00a0Ibiza<\/strong><\/a><\/p>\n<\/div><\/div><\/div><\/div><\/div><\/div><\/div><\/div><\/div><\/section><section class=\"l-section wpb_row height_small\"><div class=\"l-section-h i-cf\"><div class=\"g-cols vc_row via_grid cols_1 laptops-cols_inherit tablets-cols_inherit mobiles-cols_1 valign_top type_default stacking_default\"><div class=\"wpb_column vc_column_container\"><div class=\"vc_column-inner\"><nav class=\"w-menu layout_hor style_links us_menu_1\" style=\"--main-gap:1.5rem;--main-ver-indent:0.8em;--main-hor-indent:0.8em;--main-color:inherit;\"><ul id=\"menu-menu-ibiza-days\" class=\"menu\"><li id=\"menu-item-41237\" class=\"menu-item menu-item-type-post_type menu-item-object-page menu-item-41237\"><a href=\"https:\/\/www.ibizalowcost.com\/spiagge_ibiza_town_eivissa\">Ibiza Town<\/a><\/li><li id=\"menu-item-41242\" class=\"menu-item menu-item-type-post_type menu-item-object-page menu-item-41242\"><a href=\"https:\/\/www.ibizalowcost.com\/spiagge_ibiza_santa_eulalia\">Santa Eulalia<\/a><\/li><li id=\"menu-item-41248\" class=\"menu-item menu-item-type-post_type menu-item-object-page menu-item-41248\"><a href=\"https:\/\/www.ibizalowcost.com\/ibiza_beaches_san_jose\">San Jose<\/a><\/li><li id=\"menu-item-41252\" class=\"menu-item menu-item-type-post_type menu-item-object-page menu-item-41252\"><a href=\"https:\/\/www.ibizalowcost.com\/spiagge_ibiza_san_juan\">San Juan<\/a><\/li><li id=\"menu-item-41256\" class=\"menu-item menu-item-type-post_type menu-item-object-page menu-item-41256\"><a href=\"https:\/\/www.ibizalowcost.com\/spiagge_ibiza_san_antonio\">San Antonio<\/a><\/li><\/ul><style>@media ( max-width:600px ){.us_menu_1 .menu{display:block!important}.us_menu_1 .menu>li{margin:0 0 var(--main-gap,1.5rem)!important}}<\/style><\/nav><\/div><\/div><\/div><\/div><\/section><section class=\"l-section wpb_row height_small\"><div class=\"l-section-h i-cf\"><div class=\"g-cols vc_row via_grid cols_1 laptops-cols_inherit tablets-cols_inherit mobiles-cols_1 valign_top type_default stacking_default\"><div class=\"wpb_column vc_column_container\"><div class=\"vc_column-inner\"><div class=\"wpb_text_column\"><div class=\"wpb_wrapper\"><h1><span class=\"cate\">Citt\u00e0 e spiagge Ibiza<\/span><\/h1>\n<\/div><\/div><div class=\"wpb_text_column\"><div class=\"wpb_wrapper\"><h3><span class=\"cate\">San Juan<\/span><\/h3>\n<\/div><\/div><\/div><\/div><\/div><\/div><\/section><section class=\"l-section wpb_row height_small\"><div class=\"l-section-h i-cf\"><div class=\"g-cols vc_row via_grid cols_1 laptops-cols_inherit tablets-cols_inherit mobiles-cols_1 valign_top type_default stacking_default\"><div class=\"wpb_column vc_column_container\"><div class=\"vc_column-inner\"><div class=\"wpb_text_column\"><div class=\"wpb_wrapper\"><p><strong>San Juan<\/strong><\/p>\n<p>Le vostre vacanze a San juan possono trascorrere meravigliosamente immersi nella bellezza della natura circostante.<\/p>\n<p>La sua atmosfera unica rende le ville vacanze e sistemazioni situate qui, diverse dalle altre sull\u2019isola. Situato a Nord-Ovest, San Juan \u00e8 la regione pi\u00f9 grande di Ibiza, ma la meno popolata, cos\u00eccch\u00e8 gran parte dell\u2019area conserva il suo originale splendore rurale. Il fascino del paese stesso sta nella sua singolarit\u00e0: pochi negozi, bar, caf\u00e8 e una maestosa chiesa datata 18\u00b0 secolo, tutto perfettamente adattato all\u2019originale architettura del luogo. La geologia dell\u2019area consiste in parecchie colline che conducono a delle valli, e la costa Nord \u00e8 prevalentemente apicco sul mare, oltre alle bellissime baie occasionali. Le ville di Ibiza presenti nell\u2019area sfruttano questa fantastica geologia, ognuna di esse ha una splendida vista della valle e del mediterraneo, ed \u00e8 situata in un luogo privato e tranquillo.<\/p>\n<p>Inclusi nella regione di San Juan ci sono:<\/p>\n<p><strong>Portinatx<\/strong><br \/>\nUn gruppo di tre spiagge, tutte con un mare splendido dal colore cristallino. La spiaggia pi\u00f9 grande \u00e8 \u201d S\u2019Arenal Gros\u201d, una larga spiaggia sabbiosa al centro di Portinatx; una piccola passeggiata vi condurr\u00e0 a \u201cS\u2019Arenal petit\u201d, una spiaggia privata, pi\u00f9 piccola e pittoresca, con ristoranti ritagliati sul fianco della roccia; la terza spiaggia \u00e8 \u201cPlaya Porto\u201d, una piccola cala circondata da alberi di pino.<br \/>\nPortinatx \u00e8 un paese autosufficiente, tutte le spiagge sono sicure grazie all\u2019acqua bassa e la localit\u00e0 offre intrattenimenti per bambini, un centro giochi con bowling e tavoli da biliardo, bar con musica dal vivo, pub, ristoranti di buona qualit\u00e0, supermarket e negozietti.<\/p>\n<p>Inoltre vi consigliamo, per delle splendide foto, la scogliera che circonda Portinatx.<\/p>\n<p><strong>Cala Xarraca<\/strong><br \/>\nUna bellissima cala con un\u2019acqua incredibilmente cristallina, perfetta per immersioni subaquee (puoi vedere il fondale a qualsiasi profondit\u00e1 stia nuotando) situata vicino Portinatx, Cala Xarraca \u00e8 una delle spiagge pi\u00f9 spettacolari di Ibiza, attrae fotografi, turisti e tutti coloro che adorano il sole, con le sue interessanti rocce nell\u2019acqua e sul ciglio della baia. C\u2019\u00e8 un bagno di fango naturale alla sinistra di Cala Xarraca, che ha propriet\u00e0 curative e aiuta a ringiovanire la pelle. La vista del mare e le perfette aree circostanti fanno delle ville a Cala Xarraca una scelta perfetta per le tue vacanze.<br \/>\n<strong>San Miguel<\/strong><br \/>\nUn piccolo paese vicino al litorale Nord, San Miguel ha avuto successo per aver creato business prosperosi e famosi, senza perdere la sua classe; come una boutique che figura anche nella rivista \u201cVogue\u201d, e uno dei migliori ristoranti italiani ad Ibiza. Una grande chiesa sovrasta il paese e le strade offrono caf\u00e8, bar, negozi e ristoranti.. Seguendo la strada per circa cinque minuti sarete condotti a \u201cPuerto San Miguel\u201d una grande spiaggia sabbiosa, perfetta per le famiglie e i turisti che vogliono una vacanza tranquilla.<br \/>\nLa spiaggia offre attivit\u00e0 come sport acquatici e immersione; situato qui c\u2019\u00e8 anche un famoso ristorante che serve pesce, come anche molti negozi, caf\u00e8, bar e ristoranti. Prendetevi un giorno per visitare anche la grotta di San Miguel a Nord della baia. Gli appartamenti vacanze e gli hotel sono l\u2019opzione principale nei pressi del porto di San Miguel, sebbene ville di lusso e le tipiche Fincas tipiche del posto possono essere occasionalmente trovate nella zona.<\/p>\n<p><strong>Benirass<\/strong><br \/>\nUna larga spiaggia situata a ovest dell\u2019isola, popolare tra gli hippie e i musicisti dell\u2019isola che spesso suonano musica chil-out, mentre il sole tramonta, un vero momento magico da vivere ad ibiza.<br \/>\nLa spiaggia ha alcuni ristoranti, bar e negozi che vendono souvenirs e abiti. Se fitti una villa a Ibiza a Beniras, la tua sistemazione per le vacanze pu\u00f2 essere davvero magica, specialmente se accompagnate dalla vista del tramonto.<\/p>\n<p><strong>San Lorenzo<\/strong><br \/>\nSituato nel centro di Ibiza a met\u00e0 strada tra Santa Eulalia e San Juan, questo paese \u00e8 di antica ed originale composizione araba. Una grande chiesa imponente, circondata da torri di guardia che adornano il centro del paese. San Lorenzo \u00e8 un luogo popolare per i suoi ristoranti famosi, incluso un economico ma delizioso ristorante italiano, un popolare ed elegante ristorante\/bar inglese, eccellente alternativa ai bar ad Ibiza citt\u00e0; u\u2019area picnic e barbecue, voluto dall\u2019amministrazione locale, dove puoi portare il tuo cibo e le tue bevande e tutto ci\u00f2 che vuoi; questa zona \u00e8 provvista di<br \/>\nbarbecue, legna, tavoli e sedie riparate.<\/p>\n<\/div><\/div><\/div><\/div><\/div><\/div><\/section><section class=\"l-section wpb_row height_small\"><div class=\"l-section-h i-cf\"><div class=\"g-cols vc_row via_grid cols_2-1 laptops-cols_inherit tablets-cols_inherit mobiles-cols_1 valign_middle type_default stacking_default\"><div class=\"wpb_column vc_column_container\"><div class=\"vc_column-inner\"><div class=\"wpb_text_column\"><div class=\"wpb_wrapper\"><h3>Scopri l\u2019altra faccia di Ibiza<\/h3>\n<\/div><\/div><div class=\"wpb_text_column\"><div class=\"wpb_wrapper\"><p><strong>\u00bb<\/strong> <a class=\"sott\" href=\"https:\/\/www.ibizalowcost.com\/pdf\/spiagge.pdf\"><strong>Scarica la guida completa sulle spiagge<\/strong><\/a><\/p>\n<p><strong>\u00bb<\/strong>\u00a0<a class=\"sott\" href=\"\/spiagge_ibiza_town_eivissa\"><strong>Citt\u00e0 e spiagge di Ibiza<\/strong><\/a><\/p>\n<p><strong>\u00bb<\/strong>\u00a0<a class=\"sott\" href=\"\/mercatini_ibiza\"><strong>Mercatini di Ibiza<\/strong><\/a><\/p>\n<p><strong>\u00bb<\/strong>\u00a0<a class=\"sott\" href=\"\/sport_ibiza\"><strong>Sport ad Ibiza<\/strong><\/a><\/p>\n<\/div><\/div><\/div><\/div><div class=\"wpb_column vc_column_container\"><div class=\"vc_column-inner\"><div class=\"w-image align_center\"><div class=\"w-image-h\"><img decoding=\"async\" width=\"239\" height=\"180\" src=\"https:\/\/www.ibizalowcost.com\/wp-content\/uploads\/2022\/10\/ibiza_low-1.jpg\" class=\"attachment-full size-full\" alt=\"\" loading=\"lazy\" \/><\/div><\/div><\/div><\/div><\/div><\/div><\/section>\n","protected":false},"excerpt":{"rendered":"\u00ab\u00a0L\u2019altra\u00a0Ibiza Ibiza TownSanta EulaliaSan JoseSan JuanSan AntonioCitt\u00e0 e spiagge Ibiza San Juan San Juan Le vostre vacanze a San juan possono trascorrere meravigliosamente immersi nella bellezza della natura circostante. La sua atmosfera unica rende le ville vacanze e sistemazioni situate qui, diverse dalle altre sull\u2019isola. Situato a Nord-Ovest, San Juan \u00e8 la regione pi\u00f9 grande...","protected":false},"author":1,"featured_media":0,"parent":0,"menu_order":0,"comment_status":"closed","ping_status":"closed","template":"","meta":{"footnotes":""},"class_list":["post-41250","page","type-page","status-publish","hentry"],"acf":[],"yoast_head":"<!-- This site is optimized with the Yoast SEO plugin v22.2 - https:\/\/yoast.com\/wordpress\/plugins\/seo\/ -->\n<title>IBIZA LOW COST - Guida Turismo Ibiza - Spiagge e citt\u00e0 di Ibiza: San Juan<\/title>\n<meta name=\"description\" content=\"Ibiza Low Cost - Citt\u00e0 e spiagge di ibiza: Portinax, cala Xarraca, San Miguel, Benirass, san Lorenzo. Le pi\u00f9 belle citt\u00e0 e localit\u00e0 marine di Ibiza\" \/>\n<meta name=\"robots\" content=\"index, follow, max-snippet:-1, max-image-preview:large, max-video-preview:-1\" \/>\n<link rel=\"canonical\" href=\"https:\/\/www.ibizalowcost.com\/spiagge_ibiza_san_juan\" \/>\n<meta property=\"og:locale\" content=\"it_IT\" \/>\n<meta property=\"og:type\" content=\"article\" \/>\n<meta property=\"og:title\" content=\"IBIZA LOW COST - Guida Turismo Ibiza - Spiagge e citt\u00e0 di Ibiza: San Juan\" \/>\n<meta property=\"og:description\" content=\"Ibiza Low Cost - Citt\u00e0 e spiagge di ibiza: Portinax, cala Xarraca, San Miguel, Benirass, san Lorenzo. Le pi\u00f9 belle citt\u00e0 e localit\u00e0 marine di Ibiza\" \/>\n<meta property=\"og:url\" content=\"https:\/\/www.ibizalowcost.com\/spiagge_ibiza_san_juan\" \/>\n<meta property=\"og:site_name\" content=\"IBIZA LOW COST\" \/>\n<meta property=\"article:modified_time\" content=\"2022-11-22T15:43:41+00:00\" \/>\n<meta name=\"twitter:card\" content=\"summary_large_image\" \/>\n<script type=\"application\/ld+json\" class=\"yoast-schema-graph\">{\"@context\":\"https:\/\/schema.org\",\"@graph\":[{\"@type\":\"WebPage\",\"@id\":\"https:\/\/www.ibizalowcost.com\/spiagge_ibiza_san_juan\",\"url\":\"https:\/\/www.ibizalowcost.com\/spiagge_ibiza_san_juan\",\"name\":\"IBIZA LOW COST - Guida Turismo Ibiza - Spiagge e citt\u00e0 di Ibiza: San Juan\",\"isPartOf\":{\"@id\":\"https:\/\/www.ibizalowcost.com\/#website\"},\"datePublished\":\"2022-10-11T09:07:43+00:00\",\"dateModified\":\"2022-11-22T15:43:41+00:00\",\"description\":\"Ibiza Low Cost - Citt\u00e0 e spiagge di ibiza: Portinax, cala Xarraca, San Miguel, Benirass, san Lorenzo. Le pi\u00f9 belle citt\u00e0 e localit\u00e0 marine di Ibiza\",\"breadcrumb\":{\"@id\":\"https:\/\/www.ibizalowcost.com\/spiagge_ibiza_san_juan#breadcrumb\"},\"inLanguage\":\"it-IT\",\"potentialAction\":[{\"@type\":\"ReadAction\",\"target\":[\"https:\/\/www.ibizalowcost.com\/spiagge_ibiza_san_juan\"]}]},{\"@type\":\"BreadcrumbList\",\"@id\":\"https:\/\/www.ibizalowcost.com\/spiagge_ibiza_san_juan#breadcrumb\",\"itemListElement\":[{\"@type\":\"ListItem\",\"position\":1,\"name\":\"Home\",\"item\":\"https:\/\/www.ibizalowcost.com\/it\/\"},{\"@type\":\"ListItem\",\"position\":2,\"name\":\"Spiagge San Juan\"}]},{\"@type\":\"WebSite\",\"@id\":\"https:\/\/www.ibizalowcost.com\/#website\",\"url\":\"https:\/\/www.ibizalowcost.com\/\",\"name\":\"IBIZA LOW COST\",\"description\":\"\",\"potentialAction\":[{\"@type\":\"SearchAction\",\"target\":{\"@type\":\"EntryPoint\",\"urlTemplate\":\"https:\/\/www.ibizalowcost.com\/?s={search_term_string}\"},\"query-input\":\"required name=search_term_string\"}],\"inLanguage\":\"it-IT\"}]}<\/script>\n<!-- \/ Yoast SEO plugin. -->","yoast_head_json":{"title":"IBIZA LOW COST - Guida Turismo Ibiza - Spiagge e citt\u00e0 di Ibiza: San Juan","description":"Ibiza Low Cost - Citt\u00e0 e spiagge di ibiza: Portinax, cala Xarraca, San Miguel, Benirass, san Lorenzo. Le pi\u00f9 belle citt\u00e0 e localit\u00e0 marine di Ibiza","robots":{"index":"index","follow":"follow","max-snippet":"max-snippet:-1","max-image-preview":"max-image-preview:large","max-video-preview":"max-video-preview:-1"},"canonical":"https:\/\/www.ibizalowcost.com\/spiagge_ibiza_san_juan","og_locale":"it_IT","og_type":"article","og_title":"IBIZA LOW COST - Guida Turismo Ibiza - Spiagge e citt\u00e0 di Ibiza: San Juan","og_description":"Ibiza Low Cost - Citt\u00e0 e spiagge di ibiza: Portinax, cala Xarraca, San Miguel, Benirass, san Lorenzo. Le pi\u00f9 belle citt\u00e0 e localit\u00e0 marine di Ibiza","og_url":"https:\/\/www.ibizalowcost.com\/spiagge_ibiza_san_juan","og_site_name":"IBIZA LOW COST","article_modified_time":"2022-11-22T15:43:41+00:00","twitter_card":"summary_large_image","schema":{"@context":"https:\/\/schema.org","@graph":[{"@type":"WebPage","@id":"https:\/\/www.ibizalowcost.com\/spiagge_ibiza_san_juan","url":"https:\/\/www.ibizalowcost.com\/spiagge_ibiza_san_juan","name":"IBIZA LOW COST - Guida Turismo Ibiza - Spiagge e citt\u00e0 di Ibiza: San Juan","isPartOf":{"@id":"https:\/\/www.ibizalowcost.com\/#website"},"datePublished":"2022-10-11T09:07:43+00:00","dateModified":"2022-11-22T15:43:41+00:00","description":"Ibiza Low Cost - Citt\u00e0 e spiagge di ibiza: Portinax, cala Xarraca, San Miguel, Benirass, san Lorenzo. Le pi\u00f9 belle citt\u00e0 e localit\u00e0 marine di Ibiza","breadcrumb":{"@id":"https:\/\/www.ibizalowcost.com\/spiagge_ibiza_san_juan#breadcrumb"},"inLanguage":"it-IT","potentialAction":[{"@type":"ReadAction","target":["https:\/\/www.ibizalowcost.com\/spiagge_ibiza_san_juan"]}]},{"@type":"BreadcrumbList","@id":"https:\/\/www.ibizalowcost.com\/spiagge_ibiza_san_juan#breadcrumb","itemListElement":[{"@type":"ListItem","position":1,"name":"Home","item":"https:\/\/www.ibizalowcost.com\/it\/"},{"@type":"ListItem","position":2,"name":"Spiagge San Juan"}]},{"@type":"WebSite","@id":"https:\/\/www.ibizalowcost.com\/#website","url":"https:\/\/www.ibizalowcost.com\/","name":"IBIZA LOW COST","description":"","potentialAction":[{"@type":"SearchAction","target":{"@type":"EntryPoint","urlTemplate":"https:\/\/www.ibizalowcost.com\/?s={search_term_string}"},"query-input":"required name=search_term_string"}],"inLanguage":"it-IT"}]}},"_links":{"self":[{"href":"https:\/\/www.ibizalowcost.com\/wp-json\/wp\/v2\/pages\/41250","targetHints":{"allow":["GET"]}}],"collection":[{"href":"https:\/\/www.ibizalowcost.com\/wp-json\/wp\/v2\/pages"}],"about":[{"href":"https:\/\/www.ibizalowcost.com\/wp-json\/wp\/v2\/types\/page"}],"author":[{"embeddable":true,"href":"https:\/\/www.ibizalowcost.com\/wp-json\/wp\/v2\/users\/1"}],"replies":[{"embeddable":true,"href":"https:\/\/www.ibizalowcost.com\/wp-json\/wp\/v2\/comments?post=41250"}],"version-history":[{"count":3,"href":"https:\/\/www.ibizalowcost.com\/wp-json\/wp\/v2\/pages\/41250\/revisions"}],"predecessor-version":[{"id":41660,"href":"https:\/\/www.ibizalowcost.com\/wp-json\/wp\/v2\/pages\/41250\/revisions\/41660"}],"wp:attachment":[{"href":"https:\/\/www.ibizalowcost.com\/wp-json\/wp\/v2\/media?parent=41250"}],"curies":[{"name":"wp","href":"https:\/\/api.w.org\/{rel}","templated":true}]}}