{"id":41244,"date":"2022-10-11T10:55:16","date_gmt":"2022-10-11T08:55:16","guid":{"rendered":"https:\/\/www.ibizalowcost.com\/it\/?page_id=41244"},"modified":"2022-11-22T16:45:45","modified_gmt":"2022-11-22T15:45:45","slug":"ibiza_beaches_san_jose","status":"publish","type":"page","link":"https:\/\/www.ibizalowcost.com\/ibiza_beaches_san_jose","title":{"rendered":"Spiaggie San Jose"},"content":{"rendered":"<section class=\"l-section wpb_row height_small\"><div class=\"l-section-h i-cf\"><div class=\"g-cols vc_row via_grid cols_1 laptops-cols_inherit tablets-cols_inherit mobiles-cols_1 valign_top type_default stacking_default\"><div class=\"wpb_column vc_column_container\"><div class=\"vc_column-inner\"><div class=\"w-image align_center\"><div class=\"w-image-h\"><img decoding=\"async\" width=\"468\" height=\"83\" src=\"https:\/\/www.ibizalowcost.com\/wp-content\/uploads\/2022\/10\/t14-1.png\" class=\"attachment-full size-full\" alt=\"\" loading=\"lazy\" srcset=\"https:\/\/www.ibizalowcost.com\/wp-content\/uploads\/2022\/10\/t14-1.png 468w, https:\/\/www.ibizalowcost.com\/wp-content\/uploads\/2022\/10\/t14-1-300x53.png 300w\" sizes=\"auto, (max-width: 468px) 100vw, 468px\" \/><\/div><\/div><div class=\"g-cols wpb_row via_grid cols_1 laptops-cols_inherit tablets-cols_inherit mobiles-cols_1 valign_top type_default stacking_default\" style=\"--gap:3rem;\"><div class=\"wpb_column vc_column_container\"><div class=\"vc_column-inner\"><div class=\"wpb_text_column\"><div class=\"wpb_wrapper\"><p style=\"text-align: right;\"><strong>\u00ab<\/strong>\u00a0<a class=\"sott\" href=\"\/guida_turismo_ibiza\"><strong>L\u2019altra\u00a0Ibiza<\/strong><\/a><\/p>\n<\/div><\/div><\/div><\/div><\/div><\/div><\/div><\/div><\/div><\/section><section class=\"l-section wpb_row height_small\"><div class=\"l-section-h i-cf\"><div class=\"g-cols vc_row via_grid cols_1 laptops-cols_inherit tablets-cols_inherit mobiles-cols_1 valign_top type_default stacking_default\"><div class=\"wpb_column vc_column_container\"><div class=\"vc_column-inner\"><nav class=\"w-menu layout_hor style_links us_menu_1\" style=\"--main-gap:1.5rem;--main-ver-indent:0.8em;--main-hor-indent:0.8em;--main-color:inherit;\"><ul id=\"menu-menu-ibiza-days\" class=\"menu\"><li id=\"menu-item-41237\" class=\"menu-item menu-item-type-post_type menu-item-object-page menu-item-41237\"><a href=\"https:\/\/www.ibizalowcost.com\/spiagge_ibiza_town_eivissa\">Ibiza Town<\/a><\/li><li id=\"menu-item-41242\" class=\"menu-item menu-item-type-post_type menu-item-object-page menu-item-41242\"><a href=\"https:\/\/www.ibizalowcost.com\/spiagge_ibiza_santa_eulalia\">Santa Eulalia<\/a><\/li><li id=\"menu-item-41248\" class=\"menu-item menu-item-type-post_type menu-item-object-page menu-item-41248\"><a href=\"https:\/\/www.ibizalowcost.com\/ibiza_beaches_san_jose\">San Jose<\/a><\/li><li id=\"menu-item-41252\" class=\"menu-item menu-item-type-post_type menu-item-object-page menu-item-41252\"><a href=\"https:\/\/www.ibizalowcost.com\/spiagge_ibiza_san_juan\">San Juan<\/a><\/li><li id=\"menu-item-41256\" class=\"menu-item menu-item-type-post_type menu-item-object-page menu-item-41256\"><a href=\"https:\/\/www.ibizalowcost.com\/spiagge_ibiza_san_antonio\">San Antonio<\/a><\/li><\/ul><style>@media ( max-width:600px ){.us_menu_1 .menu{display:block!important}.us_menu_1 .menu>li{margin:0 0 var(--main-gap,1.5rem)!important}}<\/style><\/nav><\/div><\/div><\/div><\/div><\/section><section class=\"l-section wpb_row height_small\"><div class=\"l-section-h i-cf\"><div class=\"g-cols vc_row via_grid cols_1 laptops-cols_inherit tablets-cols_inherit mobiles-cols_1 valign_top type_default stacking_default\"><div class=\"wpb_column vc_column_container\"><div class=\"vc_column-inner\"><div class=\"wpb_text_column\"><div class=\"wpb_wrapper\"><h1><span class=\"cate\">Citt\u00e0 e spiagge Ibiza<\/span><\/h1>\n<\/div><\/div><div class=\"wpb_text_column\"><div class=\"wpb_wrapper\"><h3><span class=\"cate\">Saint Jose<\/span><\/h3>\n<\/div><\/div><\/div><\/div><\/div><\/div><\/section><section class=\"l-section wpb_row height_small\"><div class=\"l-section-h i-cf\"><div class=\"g-cols vc_row via_grid cols_1 laptops-cols_inherit tablets-cols_inherit mobiles-cols_1 valign_top type_default stacking_default\"><div class=\"wpb_column vc_column_container\"><div class=\"vc_column-inner\"><div class=\"wpb_text_column\"><div class=\"wpb_wrapper\"><table border=\"0\" width=\"95%\" cellspacing=\"0\" cellpadding=\"10\" align=\"center\">\n<tbody>\n<tr>\n<td class=\"g11s\">\n<div align=\"justify\">\n<p><span class=\"cate\">San Jose<\/span><\/p>\n<table border=\"0\" width=\"335\" cellspacing=\"0\" cellpadding=\"5\" align=\"right\">\n<tbody>\n<tr>\n<td><img loading=\"lazy\" decoding=\"async\" src=\"https:\/\/www.ibizalowcost.com\/img\/san_jose.jpg\" alt=\"Santa Jose\" width=\"335\" height=\"222\" \/><\/td>\n<\/tr>\n<\/tbody>\n<\/table>\n<p>Le vacanze a San Jos\u00e8 trascorrono all\u2019insegna di una tranquillit\u00e0 particolarmente rilassante con alcune tra le spiagge e i paesaggi pi\u00f9 belli dell\u2019isola. I turisti che affittano una delle lussuose ville a San Jos\u00e8 si sentono davvero come se fossero in un paradiso.<\/p>\n<p>Situato a sud ovest, il villaggio di San Jos\u00e8 siede sul lato del monte pi\u00f9 alto dell\u2019isola, Sa Talaia (475m), ed \u00e8 un luogo raffinato con bar, alcuni famosi ristoranti che servono tapas e pizze, negozi, tipiche stradine ed una chiesa-fortezza che risale al 15\u00b0 secolo.<\/p>\n<p>L\u2019intrattenimento a San Jos\u00e8 \u00e8 offerto in modo molto raffinato, spesso qui suonano musicisti jazz e blues oppure si pu\u00f2 approfittare del cinema all\u2019aperto che, d\u2019estate, proietta film come \u201cLaurel and hardy\u201d; tutto ci\u00f2 a soli 5 minuti da alcune delle spiagge pi\u00f9 pittoresche che Ibiza ha da offrire.<\/p>\n<p>Il buon collegamento con Ibiza citt\u00e0 e San Antonio, rende le ville vacanze e le sistemazioni in quest\u2019area un\u2019ottima scelta, situata a met\u00e0 strada tra le due localit\u00e0 e lontano meno di 10 minuti di macchina da entrambe.<\/p>\n<p>Fanno parte della zona di San Jos\u00e8:<\/p>\n<\/div>\n<\/td>\n<\/tr>\n<\/tbody>\n<\/table>\n<table border=\"0\" width=\"95%\" cellspacing=\"0\" cellpadding=\"5\" align=\"center\">\n<tbody>\n<tr>\n<td class=\"sottocate\" width=\"500\"><strong>San Agustin<\/strong><\/td>\n<td>\n<hr class=\"lineagrey\" \/>\n<\/td>\n<\/tr>\n<\/tbody>\n<\/table>\n<table border=\"0\" width=\"95%\" cellspacing=\"0\" cellpadding=\"10\" align=\"center\">\n<tbody>\n<tr>\n<td class=\"g11s\">\n<div align=\"justify\">\n<p>Un piccolo villaggio composto da poche nascoste ville di campagna, punteggiate attorno alla chiesa, un bar e un piccolo supermercato.<\/p>\n<p>La vista dal di fuori delle campagne di San Augustin compone un quadro perfetto, le valli e le colline sono ricoperte di ulivi, mandorli ed altri alberi, i soli suoni che si sentono sono i canti dei grilli.<\/p>\n<\/div>\n<\/td>\n<\/tr>\n<\/tbody>\n<\/table>\n<table border=\"0\" width=\"95%\" cellspacing=\"0\" cellpadding=\"5\" align=\"center\">\n<tbody>\n<tr>\n<td class=\"sottocate\" width=\"500\"><strong>Cala Conta<\/strong><\/td>\n<td>\n<hr class=\"lineagrey\" \/>\n<\/td>\n<\/tr>\n<\/tbody>\n<\/table>\n<table border=\"0\" width=\"95%\" cellspacing=\"0\" cellpadding=\"10\" align=\"center\">\n<tbody>\n<tr>\n<td class=\"g11s\">\n<div align=\"justify\">\n<p>Questa spiaggia \u00e8 bagnata da parte delle acque pi\u00f9 pulite del Mediterraneo, tre tratti di sabbia intensa, contornati da una parete rocciosa che affaccia su tre isolotti che rendono questo luogo il preferito sia dai turisti che dagli abitanti locali.<\/p>\n<p>Situata nel punto pi\u00f9 a sud di Ibiza, questa spiaggi\u00e0 \u00e8 il posto perfetto per assistere ad un idilliaco tramonto, magari sorseggiando champagne in uno dei raffinati bar\/ristoranti. Le ville in questa zona hanno infatti una vista spettacolare.<\/p>\n<\/div>\n<\/td>\n<\/tr>\n<\/tbody>\n<\/table>\n<table border=\"0\" width=\"95%\" cellspacing=\"0\" cellpadding=\"5\" align=\"center\">\n<tbody>\n<tr>\n<td class=\"sottocate\" width=\"500\"><strong>Cala D\u2019Hort<\/strong><\/td>\n<td>\n<hr class=\"lineagrey\" \/>\n<\/td>\n<\/tr>\n<\/tbody>\n<\/table>\n<table border=\"0\" width=\"95%\" cellspacing=\"0\" cellpadding=\"10\" align=\"center\">\n<tbody>\n<tr>\n<td class=\"g11s\">\n<div align=\"justify\">Piccola ma popolare tra i turisti, su questa spiaggia sono presenti alcuni bar\/ristoranti e negozzietti di souvenir. La spiaggia ha una splendida vista della misteriosa isola di Es Vedra, a pochi passi dalla riva.<\/div>\n<\/td>\n<\/tr>\n<\/tbody>\n<\/table>\n<table border=\"0\" width=\"95%\" cellspacing=\"0\" cellpadding=\"5\" align=\"center\">\n<tbody>\n<tr>\n<td class=\"sottocate\" width=\"500\"><strong>Es Vedra<\/strong><\/td>\n<td>\n<hr class=\"lineagrey\" \/>\n<\/td>\n<\/tr>\n<\/tbody>\n<\/table>\n<table border=\"0\" width=\"95%\" cellspacing=\"0\" cellpadding=\"10\" align=\"center\">\n<tbody>\n<tr>\n<td class=\"g11s\">\n<div align=\"justify\">\n<table border=\"0\" width=\"200\" cellspacing=\"0\" cellpadding=\"5\" align=\"left\">\n<tbody>\n<tr>\n<td><img loading=\"lazy\" decoding=\"async\" src=\"https:\/\/www.ibizalowcost.com\/img\/es_vedra.jpg\" alt=\"Es Vedra\" width=\"240\" height=\"159\" \/><\/td>\n<\/tr>\n<\/tbody>\n<\/table>\n<p>Fonte di numerosi miti e leggende, \u00e8 luogo di avvistamenti di ufo. Creduta da alcuni la sacra isola di Tanit, altri la considerano l\u2019isola delle sirene dell\u2019epica omerica. Sembra anche essere il terzo punto magnetico della terra ( in questa zona le bussole non funzionano). Una prominente isola rocciosa alta 378m, popolata solo da capre selvatiche e da una colonia della specie a rischio dei Falconi di Eleanor, che spesso si vedono sorvolare Es Vedra. Questa \u201croccia\u201d compare anche nel film \u201cSud Pacifico\u201d come l\u2019isola misteriosa di \u201cBali Hai\u201d.<\/p>\n<p>Le ville che affacciano su Es Vedra sono in una magnifica posizione, ricercata dai \u201cveterani\u201d di Ibiza, dai turisti, cos\u00ec come dalle celebrit\u00e0.<\/p>\n<\/div>\n<\/td>\n<\/tr>\n<\/tbody>\n<\/table>\n<table border=\"0\" width=\"95%\" cellspacing=\"0\" cellpadding=\"5\" align=\"center\">\n<tbody>\n<tr>\n<td class=\"sottocate\" width=\"500\"><strong>Cala Carbo<\/strong><\/td>\n<td>\n<hr class=\"lineagrey\" \/>\n<\/td>\n<\/tr>\n<\/tbody>\n<\/table>\n<table border=\"0\" width=\"95%\" cellspacing=\"0\" cellpadding=\"10\" align=\"center\">\n<tbody>\n<tr>\n<td class=\"g11s\">\n<div align=\"justify\">Una piccola cala sabbiosa dalla foresta e dalle colline. La spiaggia \u00e8 davvero silenziosa e tranquilla, la favorita per di pi\u00f9 da chi pratica immersioni subaquee, e con due bar\/ristoranti. Ma sopra ogni altra cosa questo \u00e8 un luogo ideale per prendere il sole e rilassarsi durante le lunghe giornate estive delle vostre vacanze.<\/div>\n<\/td>\n<\/tr>\n<\/tbody>\n<\/table>\n<table border=\"0\" width=\"95%\" cellspacing=\"0\" cellpadding=\"5\" align=\"center\">\n<tbody>\n<tr>\n<td class=\"sottocate\" width=\"500\"><strong>Es Cubells<\/strong><\/td>\n<td>\n<hr class=\"lineagrey\" \/>\n<\/td>\n<\/tr>\n<\/tbody>\n<\/table>\n<table border=\"0\" width=\"95%\" cellspacing=\"0\" cellpadding=\"10\" align=\"center\">\n<tbody>\n<tr>\n<td class=\"g11s\">\n<div align=\"justify\">\n<table border=\"0\" width=\"200\" cellspacing=\"0\" cellpadding=\"5\" align=\"left\">\n<tbody>\n<tr>\n<td><img loading=\"lazy\" decoding=\"async\" src=\"https:\/\/www.ibizalowcost.com\/img\/es_cubells.jpg\" alt=\"Es Cubells\" width=\"240\" height=\"159\" \/><\/td>\n<\/tr>\n<\/tbody>\n<\/table>\n<p>Questo villaggio bello e pittoresco, circondato da campi di ulivi e agrumi, vi condurr\u00e0 a tre piccole spiagge. Es Cubells \u00e8 posizionato in modo tale che quasi tutte le ville e le sistemazioni che ospita abbiano una splendida vista del Mediterraneo e ha, inoltre, l\u2019esclusivit\u00e0 e la sicurezza di un\u2019urbanizzazione riservata, cos\u00ec come alcuni ristoranti e piccoli negozi. La strada a picco sulla scogliera vi condurr\u00e0 ad alcune spiagge sia sabbiose che ciottolose dei dintorni e ad altri ottimi ristonanti. Fondato da un frate carmelitano padre Palau I Quer, che convinse il Vaticano a finanziare la costruzione di una cappella nel 1855, il villaggio vale una visita anche solo per la sua fantastica vista panoramica.<\/p>\n<\/div>\n<\/td>\n<\/tr>\n<\/tbody>\n<\/table>\n<table border=\"0\" width=\"95%\" cellspacing=\"0\" cellpadding=\"5\" align=\"center\">\n<tbody>\n<tr>\n<td class=\"sottocate\" width=\"500\"><strong>Cala Tarida<\/strong><\/td>\n<td>\n<hr class=\"lineagrey\" \/>\n<\/td>\n<\/tr>\n<\/tbody>\n<\/table>\n<table border=\"0\" width=\"95%\" cellspacing=\"0\" cellpadding=\"10\" align=\"center\">\n<tbody>\n<tr>\n<td class=\"g11s\">\n<div align=\"justify\">\n<p>Una lunga ampia spiaggia di fine sabbia bianca e pulita acqua limpida, contornata da colline urbanizzate con lussuose ville. Cala Tarida \u00e8 favorita da coloro che cercano una perfetta casa vacanze. La localit\u00e0 \u00e8 familiare e amichevole e ospita bar, ristoranti e intrattenimenti serali senza darvi assolutamente quella sensazione di commercializzazione degli altri luoghi turistici.<\/p>\n<p>Passeggia lungo le bellissime scogliere che ti circondano, facendoti rapire da una delle viste pi\u00f9 belle di Ibiza, oppure fai immersioni lungo la meravigliosa costa costellata da coloratissimi pesci di diverse specie.<\/p>\n<\/div>\n<\/td>\n<\/tr>\n<\/tbody>\n<\/table>\n<\/div><\/div><\/div><\/div><\/div><\/div><\/section><section class=\"l-section wpb_row height_small\"><div class=\"l-section-h i-cf\"><div class=\"g-cols vc_row via_grid cols_2-1 laptops-cols_inherit tablets-cols_inherit mobiles-cols_1 valign_middle type_default stacking_default\"><div class=\"wpb_column vc_column_container\"><div class=\"vc_column-inner\"><div class=\"wpb_text_column\"><div class=\"wpb_wrapper\"><h3>Scopri l\u2019altra faccia di Ibiza<\/h3>\n<\/div><\/div><div class=\"wpb_text_column\"><div class=\"wpb_wrapper\"><p><strong>\u00bb<\/strong> <a class=\"sott\" href=\"https:\/\/www.ibizalowcost.com\/pdf\/spiagge.pdf\"><strong>Scarica la guida completa sulle spiagge<\/strong><\/a><\/p>\n<p><strong>\u00bb<\/strong>\u00a0<a class=\"sott\" href=\"\/spiagge_ibiza_town_eivissa\"><strong>Citt\u00e0 e spiagge di Ibiza<\/strong><\/a><\/p>\n<p><strong>\u00bb<\/strong>\u00a0<a class=\"sott\" href=\"\/mercatini_ibiza\"><strong>Mercatini di Ibiza<\/strong><\/a><\/p>\n<p><strong>\u00bb<\/strong>\u00a0<a class=\"sott\" href=\"\/sport_ibiza\"><strong>Sport ad Ibiza<\/strong><\/a><\/p>\n<\/div><\/div><\/div><\/div><div class=\"wpb_column vc_column_container\"><div class=\"vc_column-inner\"><div class=\"w-image align_center\"><div class=\"w-image-h\"><img decoding=\"async\" width=\"239\" height=\"180\" src=\"https:\/\/www.ibizalowcost.com\/wp-content\/uploads\/2022\/10\/ibiza_low-1.jpg\" class=\"attachment-full size-full\" alt=\"\" loading=\"lazy\" \/><\/div><\/div><\/div><\/div><\/div><\/div><\/section>\n","protected":false},"excerpt":{"rendered":"\u00ab\u00a0L\u2019altra\u00a0Ibiza Ibiza TownSanta EulaliaSan JoseSan JuanSan AntonioCitt\u00e0 e spiagge Ibiza Saint Jose San Jose Le vacanze a San Jos\u00e8 trascorrono all\u2019insegna di una tranquillit\u00e0 particolarmente rilassante con alcune tra le spiagge e i paesaggi pi\u00f9 belli dell\u2019isola. I turisti che affittano una delle lussuose ville a San Jos\u00e8 si sentono davvero come se fossero in...","protected":false},"author":1,"featured_media":0,"parent":0,"menu_order":0,"comment_status":"closed","ping_status":"closed","template":"","meta":{"footnotes":""},"class_list":["post-41244","page","type-page","status-publish","hentry"],"acf":[],"yoast_head":"<!-- This site is optimized with the Yoast SEO plugin v22.2 - https:\/\/yoast.com\/wordpress\/plugins\/seo\/ -->\n<title>IBIZA LOW COST - Guida Turismo Ibiza - Spiagge e citt\u00e0 di Ibiza: San Jose<\/title>\n<meta name=\"description\" content=\"Ibiza Low Cost - Citt\u00e0 e spiagge di ibiza: San Agustin, Cala Conta, Cala D&#039;Hort, Es Vedra, Cala Carbo, Es Cubells, Cala Tarida. Le pi\u00f9 belle citt\u00e0 e localit\u00e0 marine di Ibiza\" \/>\n<meta name=\"robots\" content=\"index, follow, max-snippet:-1, max-image-preview:large, max-video-preview:-1\" \/>\n<link rel=\"canonical\" href=\"https:\/\/www.ibizalowcost.com\/ibiza_beaches_san_jose\" \/>\n<meta property=\"og:locale\" content=\"it_IT\" \/>\n<meta property=\"og:type\" content=\"article\" \/>\n<meta property=\"og:title\" content=\"IBIZA LOW COST - Guida Turismo Ibiza - Spiagge e citt\u00e0 di Ibiza: San Jose\" \/>\n<meta property=\"og:description\" content=\"Ibiza Low Cost - Citt\u00e0 e spiagge di ibiza: San Agustin, Cala Conta, Cala D&#039;Hort, Es Vedra, Cala Carbo, Es Cubells, Cala Tarida. Le pi\u00f9 belle citt\u00e0 e localit\u00e0 marine di Ibiza\" \/>\n<meta property=\"og:url\" content=\"https:\/\/www.ibizalowcost.com\/ibiza_beaches_san_jose\" \/>\n<meta property=\"og:site_name\" content=\"IBIZA LOW COST\" \/>\n<meta property=\"article:modified_time\" content=\"2022-11-22T15:45:45+00:00\" \/>\n<meta property=\"og:image\" content=\"https:\/\/www.ibizalowcost.com\/img\/san_jose.jpg\" \/>\n<meta name=\"twitter:card\" content=\"summary_large_image\" \/>\n<script type=\"application\/ld+json\" class=\"yoast-schema-graph\">{\"@context\":\"https:\/\/schema.org\",\"@graph\":[{\"@type\":\"WebPage\",\"@id\":\"https:\/\/www.ibizalowcost.com\/ibiza_beaches_san_jose\",\"url\":\"https:\/\/www.ibizalowcost.com\/ibiza_beaches_san_jose\",\"name\":\"IBIZA LOW COST - Guida Turismo Ibiza - Spiagge e citt\u00e0 di Ibiza: San Jose\",\"isPartOf\":{\"@id\":\"https:\/\/www.ibizalowcost.com\/#website\"},\"primaryImageOfPage\":{\"@id\":\"https:\/\/www.ibizalowcost.com\/ibiza_beaches_san_jose#primaryimage\"},\"image\":{\"@id\":\"https:\/\/www.ibizalowcost.com\/ibiza_beaches_san_jose#primaryimage\"},\"thumbnailUrl\":\"https:\/\/www.ibizalowcost.com\/img\/san_jose.jpg\",\"datePublished\":\"2022-10-11T08:55:16+00:00\",\"dateModified\":\"2022-11-22T15:45:45+00:00\",\"description\":\"Ibiza Low Cost - Citt\u00e0 e spiagge di ibiza: San Agustin, Cala Conta, Cala D'Hort, Es Vedra, Cala Carbo, Es Cubells, Cala Tarida. Le pi\u00f9 belle citt\u00e0 e localit\u00e0 marine di Ibiza\",\"breadcrumb\":{\"@id\":\"https:\/\/www.ibizalowcost.com\/ibiza_beaches_san_jose#breadcrumb\"},\"inLanguage\":\"it-IT\",\"potentialAction\":[{\"@type\":\"ReadAction\",\"target\":[\"https:\/\/www.ibizalowcost.com\/ibiza_beaches_san_jose\"]}]},{\"@type\":\"ImageObject\",\"inLanguage\":\"it-IT\",\"@id\":\"https:\/\/www.ibizalowcost.com\/ibiza_beaches_san_jose#primaryimage\",\"url\":\"https:\/\/www.ibizalowcost.com\/img\/san_jose.jpg\",\"contentUrl\":\"https:\/\/www.ibizalowcost.com\/img\/san_jose.jpg\"},{\"@type\":\"BreadcrumbList\",\"@id\":\"https:\/\/www.ibizalowcost.com\/ibiza_beaches_san_jose#breadcrumb\",\"itemListElement\":[{\"@type\":\"ListItem\",\"position\":1,\"name\":\"Home\",\"item\":\"https:\/\/www.ibizalowcost.com\/it\/\"},{\"@type\":\"ListItem\",\"position\":2,\"name\":\"Spiaggie San Jose\"}]},{\"@type\":\"WebSite\",\"@id\":\"https:\/\/www.ibizalowcost.com\/#website\",\"url\":\"https:\/\/www.ibizalowcost.com\/\",\"name\":\"IBIZA LOW COST\",\"description\":\"\",\"potentialAction\":[{\"@type\":\"SearchAction\",\"target\":{\"@type\":\"EntryPoint\",\"urlTemplate\":\"https:\/\/www.ibizalowcost.com\/?s={search_term_string}\"},\"query-input\":\"required name=search_term_string\"}],\"inLanguage\":\"it-IT\"}]}<\/script>\n<!-- \/ Yoast SEO plugin. -->","yoast_head_json":{"title":"IBIZA LOW COST - Guida Turismo Ibiza - Spiagge e citt\u00e0 di Ibiza: San Jose","description":"Ibiza Low Cost - Citt\u00e0 e spiagge di ibiza: San Agustin, Cala Conta, Cala D'Hort, Es Vedra, Cala Carbo, Es Cubells, Cala Tarida. Le pi\u00f9 belle citt\u00e0 e localit\u00e0 marine di Ibiza","robots":{"index":"index","follow":"follow","max-snippet":"max-snippet:-1","max-image-preview":"max-image-preview:large","max-video-preview":"max-video-preview:-1"},"canonical":"https:\/\/www.ibizalowcost.com\/ibiza_beaches_san_jose","og_locale":"it_IT","og_type":"article","og_title":"IBIZA LOW COST - Guida Turismo Ibiza - Spiagge e citt\u00e0 di Ibiza: San Jose","og_description":"Ibiza Low Cost - Citt\u00e0 e spiagge di ibiza: San Agustin, Cala Conta, Cala D'Hort, Es Vedra, Cala Carbo, Es Cubells, Cala Tarida. Le pi\u00f9 belle citt\u00e0 e localit\u00e0 marine di Ibiza","og_url":"https:\/\/www.ibizalowcost.com\/ibiza_beaches_san_jose","og_site_name":"IBIZA LOW COST","article_modified_time":"2022-11-22T15:45:45+00:00","og_image":[{"url":"https:\/\/www.ibizalowcost.com\/img\/san_jose.jpg"}],"twitter_card":"summary_large_image","schema":{"@context":"https:\/\/schema.org","@graph":[{"@type":"WebPage","@id":"https:\/\/www.ibizalowcost.com\/ibiza_beaches_san_jose","url":"https:\/\/www.ibizalowcost.com\/ibiza_beaches_san_jose","name":"IBIZA LOW COST - Guida Turismo Ibiza - Spiagge e citt\u00e0 di Ibiza: San Jose","isPartOf":{"@id":"https:\/\/www.ibizalowcost.com\/#website"},"primaryImageOfPage":{"@id":"https:\/\/www.ibizalowcost.com\/ibiza_beaches_san_jose#primaryimage"},"image":{"@id":"https:\/\/www.ibizalowcost.com\/ibiza_beaches_san_jose#primaryimage"},"thumbnailUrl":"https:\/\/www.ibizalowcost.com\/img\/san_jose.jpg","datePublished":"2022-10-11T08:55:16+00:00","dateModified":"2022-11-22T15:45:45+00:00","description":"Ibiza Low Cost - Citt\u00e0 e spiagge di ibiza: San Agustin, Cala Conta, Cala D'Hort, Es Vedra, Cala Carbo, Es Cubells, Cala Tarida. Le pi\u00f9 belle citt\u00e0 e localit\u00e0 marine di Ibiza","breadcrumb":{"@id":"https:\/\/www.ibizalowcost.com\/ibiza_beaches_san_jose#breadcrumb"},"inLanguage":"it-IT","potentialAction":[{"@type":"ReadAction","target":["https:\/\/www.ibizalowcost.com\/ibiza_beaches_san_jose"]}]},{"@type":"ImageObject","inLanguage":"it-IT","@id":"https:\/\/www.ibizalowcost.com\/ibiza_beaches_san_jose#primaryimage","url":"https:\/\/www.ibizalowcost.com\/img\/san_jose.jpg","contentUrl":"https:\/\/www.ibizalowcost.com\/img\/san_jose.jpg"},{"@type":"BreadcrumbList","@id":"https:\/\/www.ibizalowcost.com\/ibiza_beaches_san_jose#breadcrumb","itemListElement":[{"@type":"ListItem","position":1,"name":"Home","item":"https:\/\/www.ibizalowcost.com\/it\/"},{"@type":"ListItem","position":2,"name":"Spiaggie San Jose"}]},{"@type":"WebSite","@id":"https:\/\/www.ibizalowcost.com\/#website","url":"https:\/\/www.ibizalowcost.com\/","name":"IBIZA LOW COST","description":"","potentialAction":[{"@type":"SearchAction","target":{"@type":"EntryPoint","urlTemplate":"https:\/\/www.ibizalowcost.com\/?s={search_term_string}"},"query-input":"required name=search_term_string"}],"inLanguage":"it-IT"}]}},"_links":{"self":[{"href":"https:\/\/www.ibizalowcost.com\/wp-json\/wp\/v2\/pages\/41244","targetHints":{"allow":["GET"]}}],"collection":[{"href":"https:\/\/www.ibizalowcost.com\/wp-json\/wp\/v2\/pages"}],"about":[{"href":"https:\/\/www.ibizalowcost.com\/wp-json\/wp\/v2\/types\/page"}],"author":[{"embeddable":true,"href":"https:\/\/www.ibizalowcost.com\/wp-json\/wp\/v2\/users\/1"}],"replies":[{"embeddable":true,"href":"https:\/\/www.ibizalowcost.com\/wp-json\/wp\/v2\/comments?post=41244"}],"version-history":[{"count":5,"href":"https:\/\/www.ibizalowcost.com\/wp-json\/wp\/v2\/pages\/41244\/revisions"}],"predecessor-version":[{"id":41662,"href":"https:\/\/www.ibizalowcost.com\/wp-json\/wp\/v2\/pages\/41244\/revisions\/41662"}],"wp:attachment":[{"href":"https:\/\/www.ibizalowcost.com\/wp-json\/wp\/v2\/media?parent=41244"}],"curies":[{"name":"wp","href":"https:\/\/api.w.org\/{rel}","templated":true}]}}