{"id":41224,"date":"2022-10-11T10:03:35","date_gmt":"2022-10-11T08:03:35","guid":{"rendered":"https:\/\/www.ibizalowcost.com\/it\/?page_id=41224"},"modified":"2022-11-22T15:42:47","modified_gmt":"2022-11-22T14:42:47","slug":"spiagge_ibiza_town_eivissa","status":"publish","type":"page","link":"https:\/\/www.ibizalowcost.com\/spiagge_ibiza_town_eivissa","title":{"rendered":"Ibiza di giorno &#8211; Spiagge"},"content":{"rendered":"<section class=\"l-section wpb_row height_small\"><div class=\"l-section-h i-cf\"><div class=\"g-cols vc_row via_grid cols_1 laptops-cols_inherit tablets-cols_inherit mobiles-cols_1 valign_top type_default stacking_default\"><div class=\"wpb_column vc_column_container\"><div class=\"vc_column-inner\"><div class=\"w-image align_center\"><div class=\"w-image-h\"><img decoding=\"async\" width=\"468\" height=\"83\" src=\"https:\/\/www.ibizalowcost.com\/wp-content\/uploads\/2022\/10\/t14-1.png\" class=\"attachment-full size-full\" alt=\"\" loading=\"lazy\" srcset=\"https:\/\/www.ibizalowcost.com\/wp-content\/uploads\/2022\/10\/t14-1.png 468w, https:\/\/www.ibizalowcost.com\/wp-content\/uploads\/2022\/10\/t14-1-300x53.png 300w\" sizes=\"auto, (max-width: 468px) 100vw, 468px\" \/><\/div><\/div><div class=\"g-cols wpb_row via_grid cols_1 laptops-cols_inherit tablets-cols_inherit mobiles-cols_1 valign_top type_default stacking_default\" style=\"--gap:3rem;\"><div class=\"wpb_column vc_column_container\"><div class=\"vc_column-inner\"><div class=\"wpb_text_column\"><div class=\"wpb_wrapper\"><p style=\"text-align: right;\"><strong>\u00ab<\/strong>\u00a0<a class=\"sott\" href=\"\/guida_turismo_ibiza\"><strong>L\u2019altra\u00a0Ibiza<\/strong><\/a><\/p>\n<\/div><\/div><\/div><\/div><\/div><\/div><\/div><\/div><\/div><\/section><section class=\"l-section wpb_row height_small\"><div class=\"l-section-h i-cf\"><div class=\"g-cols vc_row via_grid cols_1 laptops-cols_inherit tablets-cols_inherit mobiles-cols_1 valign_top type_default stacking_default\"><div class=\"wpb_column vc_column_container\"><div class=\"vc_column-inner\"><nav class=\"w-menu layout_hor style_links us_menu_1\" style=\"--main-gap:1.5rem;--main-ver-indent:0.8em;--main-hor-indent:0.8em;--main-color:inherit;\"><ul id=\"menu-menu-ibiza-days\" class=\"menu\"><li id=\"menu-item-41237\" class=\"menu-item menu-item-type-post_type menu-item-object-page menu-item-41237\"><a href=\"https:\/\/www.ibizalowcost.com\/spiagge_ibiza_town_eivissa\">Ibiza Town<\/a><\/li><li id=\"menu-item-41242\" class=\"menu-item menu-item-type-post_type menu-item-object-page menu-item-41242\"><a href=\"https:\/\/www.ibizalowcost.com\/spiagge_ibiza_santa_eulalia\">Santa Eulalia<\/a><\/li><li id=\"menu-item-41248\" class=\"menu-item menu-item-type-post_type menu-item-object-page menu-item-41248\"><a href=\"https:\/\/www.ibizalowcost.com\/ibiza_beaches_san_jose\">San Jose<\/a><\/li><li id=\"menu-item-41252\" class=\"menu-item menu-item-type-post_type menu-item-object-page menu-item-41252\"><a href=\"https:\/\/www.ibizalowcost.com\/spiagge_ibiza_san_juan\">San Juan<\/a><\/li><li id=\"menu-item-41256\" class=\"menu-item menu-item-type-post_type menu-item-object-page menu-item-41256\"><a href=\"https:\/\/www.ibizalowcost.com\/spiagge_ibiza_san_antonio\">San Antonio<\/a><\/li><\/ul><style>@media ( max-width:600px ){.us_menu_1 .menu{display:block!important}.us_menu_1 .menu>li{margin:0 0 var(--main-gap,1.5rem)!important}}<\/style><\/nav><\/div><\/div><\/div><\/div><\/section><section class=\"l-section wpb_row height_small\"><div class=\"l-section-h i-cf\"><div class=\"g-cols vc_row via_grid cols_1 laptops-cols_inherit tablets-cols_inherit mobiles-cols_1 valign_top type_default stacking_default\"><div class=\"wpb_column vc_column_container\"><div class=\"vc_column-inner\"><div class=\"wpb_text_column\"><div class=\"wpb_wrapper\"><h1><span class=\"cate\">Citt\u00e0 e spiagge Ibiza<\/span><\/h1>\n<\/div><\/div><div class=\"wpb_text_column\"><div class=\"wpb_wrapper\"><h3><span class=\"cate\">Ibiza Town<\/span><\/h3>\n<\/div><\/div><\/div><\/div><\/div><\/div><\/section><section class=\"l-section wpb_row height_small\"><div class=\"l-section-h i-cf\"><div class=\"g-cols vc_row via_grid cols_1 laptops-cols_inherit tablets-cols_inherit mobiles-cols_1 valign_top type_default stacking_default\"><div class=\"wpb_column vc_column_container\"><div class=\"vc_column-inner\"><div class=\"wpb_text_column\"><div class=\"wpb_wrapper\"><table border=\"0\" width=\"95%\" cellspacing=\"0\" cellpadding=\"10\" align=\"center\">\n<tbody>\n<tr>\n<td class=\"g11s\">\n<div align=\"justify\">\n<p>Situata a Sud dell\u2019isola, \u201c<strong>Ibiza Town<\/strong>\u201d o \u201c<strong>Eivissa<\/strong>\u201d \u00e8 la cittadina principale e, nel contempo, il centro storico.<\/p>\n<p>E\u2019 una delle citt\u00e1 pi\u00f9 pittoresche del Mediterraneo; i Cartaginesi iniziarono ad edificare questo luogo nel 7\u00b0 secolo e successivamente i Romani portarono a termine il lavoro costruendo le pareti della citt\u00e0 e alcuni imponenti edifici. Nel 16\u00b0 secolo per assicurare la protezione dai pirati nord-africani si costruirino pareti pi\u00f9 alte e spesse, le quali sono visibili ancora oggi. La \u201c<strong>citt\u00e0 alta<\/strong>\u201d o \u201c<strong>Dalt Vila<\/strong>\u201d sovrasta il mare ed ha una spettacolare cattedrale, particolarmente bella quando \u00e9 illuminata dalle luci notturne. Costruito quando l\u2019uomo ancora non necessitava l\u2019automobile, l\u2019unico modo per godersi questo luogo \u00e8 a piedi, passeggiando sulle caratteristiche strade lastricate, ammirando il mare dalla cima della cattedrale o curiosando attorno al museo.<\/p>\n<p>Per chi ama lo shopping trova qui la pi\u00f9 vasta variet\u00e0 di negozi, dalla boutique di design allo \u201c<strong>shop<\/strong>\u201d di torte fatte in casa; il centro \u00e8 riuscito a non diventare commerciale, con soltanto una manciata di strade principali \u00e8 il posto perfetto per trovare articoli originali.<\/p>\n<p>Di notte Ibiza \u00e8 affollata di gente che si gode la serata curiosando tra le bancarelle del porto, bevendo qualcosa in un bar o mangiando in uno dei tanti ristoranti.<\/p>\n<p>Tra le tante attivit\u00e0 che offre questo luogo sono comprese la possibilit\u00e0 di affittare barche o yatch, di fare immersioni, escursioni giornaliere in barca a Formentera e alle altre numerose spiagge di Ibiza, il Bingo, il Casin\u00f2, il cinema e tanto altro ancora. Il porto \u00e8 situato nella parte bassa della citt\u00e0 vecchia, qui potrai trovare molti dei migliori ristoranti.<\/p>\n<p>Nei bar lungo il porto di Ibiza citt\u00e0 puoi vedere, con molta probabilit\u00e0, personaggi famosi prima che tutti vadano nelle discoteche; il porto \u00e8 anche il punto di partenza dei traghetti per Formentera, Palma, Denia e Barcellona. Le spiagge di Ibiza citt\u00e0 sono Talamanca e Figueretas.<\/p>\n<\/div>\n<\/td>\n<\/tr>\n<\/tbody>\n<\/table>\n<table border=\"0\" width=\"95%\" cellspacing=\"0\" cellpadding=\"5\" align=\"center\">\n<tbody>\n<tr>\n<td class=\"sottocate\" width=\"500\"><strong>Marina Botafoch e Talamanca<\/strong><\/td>\n<td>\n<hr class=\"lineagrey\" \/>\n<\/td>\n<\/tr>\n<\/tbody>\n<\/table>\n<table border=\"0\" width=\"95%\" cellspacing=\"0\" cellpadding=\"10\" align=\"center\">\n<tbody>\n<tr>\n<td class=\"g11s\">\n<div align=\"justify\">\n<table border=\"0\" width=\"500\" cellspacing=\"0\" cellpadding=\"5\" align=\"left\">\n<tbody>\n<tr>\n<td><img loading=\"lazy\" decoding=\"async\" src=\"https:\/\/www.ibizalowcost.com\/img\/talamaca.jpg\" alt=\"Talamaca\" width=\"214\" height=\"214\" \/><\/td>\n<\/tr>\n<\/tbody>\n<\/table>\n<p>Marina Botafoch e Talamanca sorgono di fronte al porto di Ibiza; Marina Botafoch \u00e8 un\u2019area esclusiva e d\u2019alta classe, fai una passeggiata lungo la marina tra gli yatch di lusso o mangia qualcosa in uno dei ristoranti pi\u00f9 raffinati. Anche il \u201cPacha\u201d e la discoteca \u201cEl Divino\u201d sono situati qui.<\/p>\n<p>La spiaggia di Talamanca \u00e8 una lunga spiaggia sabbiosa, la favorita dai vacanzieri.<\/p>\n<p>Gli appartamenti vacanze in questa zona, in particolare le ville, sono per la maggior parte lussuosi.<\/p>\n<\/div>\n<\/td>\n<\/tr>\n<\/tbody>\n<\/table>\n<table border=\"0\" width=\"95%\" cellspacing=\"0\" cellpadding=\"5\" align=\"center\">\n<tbody>\n<tr>\n<td class=\"sottocate\" width=\"500\"><strong>Jesus<\/strong><\/td>\n<td>\n<hr class=\"lineagrey\" \/>\n<\/td>\n<\/tr>\n<\/tbody>\n<\/table>\n<table border=\"0\" width=\"95%\" cellspacing=\"0\" cellpadding=\"10\" align=\"center\">\n<tbody>\n<tr>\n<td class=\"g11s\">\n<div align=\"justify\">\n<table border=\"0\" width=\"200\" cellspacing=\"0\" cellpadding=\"5\" align=\"left\">\n<tbody>\n<tr>\n<td><img loading=\"lazy\" decoding=\"async\" src=\"https:\/\/www.ibizalowcost.com\/img\/jesus.jpg\" alt=\"Jesus\" width=\"214\" height=\"214\" \/><\/td>\n<\/tr>\n<\/tbody>\n<\/table>\n<p>Situato nei pressi di Talamanca, Jesus \u00e8 un paese animato con un\u2019 atmosfera rilassante.<\/p>\n<p>Vanta una serie di ristoranti che servono cucina multietnica e una delle chiese pi\u00f9 importanti dell\u2019isola.<\/p>\n<p>Ospita altres\u00ec il pi\u00f9 grande tesoro artistico di Ibiza, un altare terminato alla fine del 16\u00b0 secolo intitolato \u201cLa verigine e il bambino\u201d, notevole principalmente per essere sopravvissuto intatto a pi\u00f9 di cinquecento anni di invasioni.<\/p>\n<\/div>\n<\/td>\n<\/tr>\n<\/tbody>\n<\/table>\n<table border=\"0\" width=\"95%\" cellspacing=\"0\" cellpadding=\"5\" align=\"center\">\n<tbody>\n<tr>\n<td class=\"sottocate\" width=\"500\"><strong>Figueretas<\/strong><\/td>\n<td>\n<hr class=\"lineagrey\" \/>\n<\/td>\n<\/tr>\n<\/tbody>\n<\/table>\n<table border=\"0\" width=\"95%\" cellspacing=\"0\" cellpadding=\"10\" align=\"center\">\n<tbody>\n<tr>\n<td class=\"g11s\">\n<div align=\"justify\">Questa spiaggia \u00e8 situata sull\u2019altro lato di Ibiza citt\u00e0 rispetto a Talamanca.E\u2019 una baia sabbiosa con un passeggio completo, ricco di bar e ristoranti; questa zona tende ad offrire le sistemazioni vacanze pi\u00f9 economiche di tutte le altre zone di Ibiza citt\u00e0.<\/div>\n<\/td>\n<\/tr>\n<\/tbody>\n<\/table>\n<table border=\"0\" width=\"95%\" cellspacing=\"0\" cellpadding=\"5\" align=\"center\">\n<tbody>\n<tr>\n<td class=\"sottocate\" width=\"500\"><strong>San Jordi<\/strong><\/td>\n<td>\n<hr class=\"lineagrey\" \/>\n<\/td>\n<\/tr>\n<\/tbody>\n<\/table>\n<table border=\"0\" width=\"95%\" cellspacing=\"0\" cellpadding=\"10\" align=\"center\">\n<tbody>\n<tr>\n<td class=\"g11s\">\n<div align=\"justify\">Situato tra Ibiza citt\u00e0 e l\u2019aereoporto, San Jordi consta di molte ville di campagna punteggiate attorno alla bellissima chiesa e al centro commerciale.<\/div>\n<\/td>\n<\/tr>\n<\/tbody>\n<\/table>\n<table border=\"0\" width=\"95%\" cellspacing=\"0\" cellpadding=\"5\" align=\"center\">\n<tbody>\n<tr>\n<td class=\"sottocate\" width=\"500\"><strong>Playa den Bossa<\/strong><\/td>\n<td>\n<hr class=\"lineagrey\" \/>\n<\/td>\n<\/tr>\n<\/tbody>\n<\/table>\n<table border=\"0\" width=\"95%\" cellspacing=\"0\" cellpadding=\"10\" align=\"center\">\n<tbody>\n<tr>\n<td class=\"g11s\">\n<div align=\"justify\">\n<p>Comunicante con la spiaggia di Figueretas e vicina all\u2019aereoporto, Playa den Bossa ospita la spiaggia sabbiosa pi\u00f9 lunga dell\u2019isola.Questa famosa localit\u00e0 di villeggiatura offre qualcosa ad ognuno; nella parte opposta alla spiaggia si possono trovare sport acquatici, centri di immersione, un grande parco acquatico, divertimenti, mini golf, bowling e bar d\u2019intrattenimento.Per coloro che amano le feste c\u2019\u00e8 una spiaggia dove c\u2019\u00e9 musica tutto il giorno, il \u201cBora Bora\u201d e a pochi passi la discoteca \u201cSpace\u201d famosa in tutto il mondo, senza contare i bar in cui sostare prima di andare a ballare.<\/p>\n<p>Cos\u00ec come a Figueretas, le sistemazioni in questa zona sono prevalentemente appartamenti vacanze e hotel.<\/p>\n<\/div>\n<\/td>\n<\/tr>\n<\/tbody>\n<\/table>\n<table border=\"0\" width=\"95%\" cellspacing=\"0\" cellpadding=\"5\" align=\"center\">\n<tbody>\n<tr>\n<td class=\"sottocate\" width=\"500\"><strong>Salinas<\/strong><\/td>\n<td>\n<hr class=\"lineagrey\" \/>\n<\/td>\n<\/tr>\n<\/tbody>\n<\/table>\n<table border=\"0\" width=\"95%\" cellspacing=\"0\" cellpadding=\"10\" align=\"center\">\n<tbody>\n<tr>\n<td class=\"g11s\">\n<div align=\"justify\">\n<table border=\"0\" width=\"200\" cellspacing=\"0\" cellpadding=\"5\" align=\"left\">\n<tbody>\n<tr>\n<td><img loading=\"lazy\" decoding=\"async\" src=\"https:\/\/www.ibizalowcost.com\/img\/salinas.jpg\" alt=\"Salinas\" width=\"214\" height=\"214\" \/><\/td>\n<\/tr>\n<\/tbody>\n<\/table>\n<p>Situata a Sud dell\u2019isola, questa larga spiaggia di sabbia bianca, \u00e8 una delle pi\u00f9 famose a Ibiza ed \u00e8 generalmente considerata la pi\u00f9 alla moda con la sua raffinata selezione di bar e ristoranti che servono cibo gustoso con un fresco sottofondo musicale.<\/p>\n<p>Molte delle ville pi\u00f9 lussuose di Ibiza sono situate alle Salinas, spesso completate da un\u2019invidiabile vista su Formentera.<\/p>\n<\/div>\n<\/td>\n<\/tr>\n<\/tbody>\n<\/table>\n<\/div><\/div><\/div><\/div><\/div><\/div><\/section><section class=\"l-section wpb_row height_small\"><div class=\"l-section-h i-cf\"><div class=\"g-cols vc_row via_grid cols_2-1 laptops-cols_inherit tablets-cols_inherit mobiles-cols_1 valign_middle type_default stacking_default\"><div class=\"wpb_column vc_column_container\"><div class=\"vc_column-inner\"><div class=\"wpb_text_column\"><div class=\"wpb_wrapper\"><h3>Scopri l\u2019altra faccia di Ibiza<\/h3>\n<\/div><\/div><div class=\"wpb_text_column\"><div class=\"wpb_wrapper\"><p><strong>\u00bb<\/strong> <a class=\"sott\" href=\"https:\/\/www.ibizalowcost.com\/pdf\/spiagge.pdf\"><strong>Scarica la guida completa sulle spiagge<\/strong><\/a><\/p>\n<p><strong>\u00bb<\/strong>\u00a0<a class=\"sott\" href=\"\/spiagge_ibiza_town_eivissa\"><strong>Citt\u00e0 e spiagge di Ibiza<\/strong><\/a><\/p>\n<p><strong>\u00bb<\/strong>\u00a0<a class=\"sott\" href=\"\/mercatini_ibiza\"><strong>Mercatini di Ibiza<\/strong><\/a><\/p>\n<p><strong>\u00bb<\/strong>\u00a0<a class=\"sott\" href=\"\/sport_ibiza\"><strong>Sport ad Ibiza<\/strong><\/a><\/p>\n<\/div><\/div><\/div><\/div><div class=\"wpb_column vc_column_container\"><div class=\"vc_column-inner\"><div class=\"w-image align_center\"><div class=\"w-image-h\"><img decoding=\"async\" width=\"239\" height=\"180\" src=\"https:\/\/www.ibizalowcost.com\/wp-content\/uploads\/2022\/10\/ibiza_low-1.jpg\" class=\"attachment-full size-full\" alt=\"\" loading=\"lazy\" \/><\/div><\/div><\/div><\/div><\/div><\/div><\/section>\n","protected":false},"excerpt":{"rendered":"\u00ab\u00a0L\u2019altra\u00a0Ibiza Ibiza TownSanta EulaliaSan JoseSan JuanSan AntonioCitt\u00e0 e spiagge Ibiza Ibiza Town Situata a Sud dell\u2019isola, \u201cIbiza Town\u201d o \u201cEivissa\u201d \u00e8 la cittadina principale e, nel contempo, il centro storico. E\u2019 una delle citt\u00e1 pi\u00f9 pittoresche del Mediterraneo; i Cartaginesi iniziarono ad edificare questo luogo nel 7\u00b0 secolo e successivamente i Romani portarono a termine...","protected":false},"author":1,"featured_media":0,"parent":0,"menu_order":0,"comment_status":"closed","ping_status":"closed","template":"","meta":{"footnotes":""},"class_list":["post-41224","page","type-page","status-publish","hentry"],"acf":[],"yoast_head":"<!-- This site is optimized with the Yoast SEO plugin v22.2 - https:\/\/yoast.com\/wordpress\/plugins\/seo\/ -->\n<title>IBIZA LOW COST - Guida Turismo Ibiza - Spiagge e citt\u00e0 di Ibiza: Ibiza Town o Eivissa<\/title>\n<meta name=\"description\" content=\"Ibiza Low Cost - Citt\u00e0 e spiagge di ibiza: Marina Botafoch e Talamanca, Jesus, Figueretas, San Jordi, Playa den Bossa, Salinas. Le pi\u00f9 belle citt\u00e0 e localit\u00e0 marine di Ibiza\" \/>\n<meta name=\"robots\" content=\"index, follow, max-snippet:-1, max-image-preview:large, max-video-preview:-1\" \/>\n<link rel=\"canonical\" href=\"https:\/\/www.ibizalowcost.com\/spiagge_ibiza_town_eivissa\" \/>\n<meta property=\"og:locale\" content=\"it_IT\" \/>\n<meta property=\"og:type\" content=\"article\" \/>\n<meta property=\"og:title\" content=\"IBIZA LOW COST - Guida Turismo Ibiza - Spiagge e citt\u00e0 di Ibiza: Ibiza Town o Eivissa\" \/>\n<meta property=\"og:description\" content=\"Ibiza Low Cost - Citt\u00e0 e spiagge di ibiza: Marina Botafoch e Talamanca, Jesus, Figueretas, San Jordi, Playa den Bossa, Salinas. Le pi\u00f9 belle citt\u00e0 e localit\u00e0 marine di Ibiza\" \/>\n<meta property=\"og:url\" content=\"https:\/\/www.ibizalowcost.com\/spiagge_ibiza_town_eivissa\" \/>\n<meta property=\"og:site_name\" content=\"IBIZA LOW COST\" \/>\n<meta property=\"article:modified_time\" content=\"2022-11-22T14:42:47+00:00\" \/>\n<meta property=\"og:image\" content=\"https:\/\/www.ibizalowcost.com\/img\/talamaca.jpg\" \/>\n<meta name=\"twitter:card\" content=\"summary_large_image\" \/>\n<script type=\"application\/ld+json\" class=\"yoast-schema-graph\">{\"@context\":\"https:\/\/schema.org\",\"@graph\":[{\"@type\":\"WebPage\",\"@id\":\"https:\/\/www.ibizalowcost.com\/spiagge_ibiza_town_eivissa\",\"url\":\"https:\/\/www.ibizalowcost.com\/spiagge_ibiza_town_eivissa\",\"name\":\"IBIZA LOW COST - Guida Turismo Ibiza - Spiagge e citt\u00e0 di Ibiza: Ibiza Town o Eivissa\",\"isPartOf\":{\"@id\":\"https:\/\/www.ibizalowcost.com\/#website\"},\"primaryImageOfPage\":{\"@id\":\"https:\/\/www.ibizalowcost.com\/spiagge_ibiza_town_eivissa#primaryimage\"},\"image\":{\"@id\":\"https:\/\/www.ibizalowcost.com\/spiagge_ibiza_town_eivissa#primaryimage\"},\"thumbnailUrl\":\"https:\/\/www.ibizalowcost.com\/img\/talamaca.jpg\",\"datePublished\":\"2022-10-11T08:03:35+00:00\",\"dateModified\":\"2022-11-22T14:42:47+00:00\",\"description\":\"Ibiza Low Cost - Citt\u00e0 e spiagge di ibiza: Marina Botafoch e Talamanca, Jesus, Figueretas, San Jordi, Playa den Bossa, Salinas. Le pi\u00f9 belle citt\u00e0 e localit\u00e0 marine di Ibiza\",\"breadcrumb\":{\"@id\":\"https:\/\/www.ibizalowcost.com\/spiagge_ibiza_town_eivissa#breadcrumb\"},\"inLanguage\":\"it-IT\",\"potentialAction\":[{\"@type\":\"ReadAction\",\"target\":[\"https:\/\/www.ibizalowcost.com\/spiagge_ibiza_town_eivissa\"]}]},{\"@type\":\"ImageObject\",\"inLanguage\":\"it-IT\",\"@id\":\"https:\/\/www.ibizalowcost.com\/spiagge_ibiza_town_eivissa#primaryimage\",\"url\":\"https:\/\/www.ibizalowcost.com\/img\/talamaca.jpg\",\"contentUrl\":\"https:\/\/www.ibizalowcost.com\/img\/talamaca.jpg\"},{\"@type\":\"BreadcrumbList\",\"@id\":\"https:\/\/www.ibizalowcost.com\/spiagge_ibiza_town_eivissa#breadcrumb\",\"itemListElement\":[{\"@type\":\"ListItem\",\"position\":1,\"name\":\"Home\",\"item\":\"https:\/\/www.ibizalowcost.com\/it\/\"},{\"@type\":\"ListItem\",\"position\":2,\"name\":\"Ibiza di giorno &#8211; Spiagge\"}]},{\"@type\":\"WebSite\",\"@id\":\"https:\/\/www.ibizalowcost.com\/#website\",\"url\":\"https:\/\/www.ibizalowcost.com\/\",\"name\":\"IBIZA LOW COST\",\"description\":\"\",\"potentialAction\":[{\"@type\":\"SearchAction\",\"target\":{\"@type\":\"EntryPoint\",\"urlTemplate\":\"https:\/\/www.ibizalowcost.com\/?s={search_term_string}\"},\"query-input\":\"required name=search_term_string\"}],\"inLanguage\":\"it-IT\"}]}<\/script>\n<!-- \/ Yoast SEO plugin. -->","yoast_head_json":{"title":"IBIZA LOW COST - Guida Turismo Ibiza - Spiagge e citt\u00e0 di Ibiza: Ibiza Town o Eivissa","description":"Ibiza Low Cost - Citt\u00e0 e spiagge di ibiza: Marina Botafoch e Talamanca, Jesus, Figueretas, San Jordi, Playa den Bossa, Salinas. Le pi\u00f9 belle citt\u00e0 e localit\u00e0 marine di Ibiza","robots":{"index":"index","follow":"follow","max-snippet":"max-snippet:-1","max-image-preview":"max-image-preview:large","max-video-preview":"max-video-preview:-1"},"canonical":"https:\/\/www.ibizalowcost.com\/spiagge_ibiza_town_eivissa","og_locale":"it_IT","og_type":"article","og_title":"IBIZA LOW COST - Guida Turismo Ibiza - Spiagge e citt\u00e0 di Ibiza: Ibiza Town o Eivissa","og_description":"Ibiza Low Cost - Citt\u00e0 e spiagge di ibiza: Marina Botafoch e Talamanca, Jesus, Figueretas, San Jordi, Playa den Bossa, Salinas. Le pi\u00f9 belle citt\u00e0 e localit\u00e0 marine di Ibiza","og_url":"https:\/\/www.ibizalowcost.com\/spiagge_ibiza_town_eivissa","og_site_name":"IBIZA LOW COST","article_modified_time":"2022-11-22T14:42:47+00:00","og_image":[{"url":"https:\/\/www.ibizalowcost.com\/img\/talamaca.jpg"}],"twitter_card":"summary_large_image","schema":{"@context":"https:\/\/schema.org","@graph":[{"@type":"WebPage","@id":"https:\/\/www.ibizalowcost.com\/spiagge_ibiza_town_eivissa","url":"https:\/\/www.ibizalowcost.com\/spiagge_ibiza_town_eivissa","name":"IBIZA LOW COST - Guida Turismo Ibiza - Spiagge e citt\u00e0 di Ibiza: Ibiza Town o Eivissa","isPartOf":{"@id":"https:\/\/www.ibizalowcost.com\/#website"},"primaryImageOfPage":{"@id":"https:\/\/www.ibizalowcost.com\/spiagge_ibiza_town_eivissa#primaryimage"},"image":{"@id":"https:\/\/www.ibizalowcost.com\/spiagge_ibiza_town_eivissa#primaryimage"},"thumbnailUrl":"https:\/\/www.ibizalowcost.com\/img\/talamaca.jpg","datePublished":"2022-10-11T08:03:35+00:00","dateModified":"2022-11-22T14:42:47+00:00","description":"Ibiza Low Cost - Citt\u00e0 e spiagge di ibiza: Marina Botafoch e Talamanca, Jesus, Figueretas, San Jordi, Playa den Bossa, Salinas. Le pi\u00f9 belle citt\u00e0 e localit\u00e0 marine di Ibiza","breadcrumb":{"@id":"https:\/\/www.ibizalowcost.com\/spiagge_ibiza_town_eivissa#breadcrumb"},"inLanguage":"it-IT","potentialAction":[{"@type":"ReadAction","target":["https:\/\/www.ibizalowcost.com\/spiagge_ibiza_town_eivissa"]}]},{"@type":"ImageObject","inLanguage":"it-IT","@id":"https:\/\/www.ibizalowcost.com\/spiagge_ibiza_town_eivissa#primaryimage","url":"https:\/\/www.ibizalowcost.com\/img\/talamaca.jpg","contentUrl":"https:\/\/www.ibizalowcost.com\/img\/talamaca.jpg"},{"@type":"BreadcrumbList","@id":"https:\/\/www.ibizalowcost.com\/spiagge_ibiza_town_eivissa#breadcrumb","itemListElement":[{"@type":"ListItem","position":1,"name":"Home","item":"https:\/\/www.ibizalowcost.com\/it\/"},{"@type":"ListItem","position":2,"name":"Ibiza di giorno &#8211; Spiagge"}]},{"@type":"WebSite","@id":"https:\/\/www.ibizalowcost.com\/#website","url":"https:\/\/www.ibizalowcost.com\/","name":"IBIZA LOW COST","description":"","potentialAction":[{"@type":"SearchAction","target":{"@type":"EntryPoint","urlTemplate":"https:\/\/www.ibizalowcost.com\/?s={search_term_string}"},"query-input":"required name=search_term_string"}],"inLanguage":"it-IT"}]}},"_links":{"self":[{"href":"https:\/\/www.ibizalowcost.com\/wp-json\/wp\/v2\/pages\/41224","targetHints":{"allow":["GET"]}}],"collection":[{"href":"https:\/\/www.ibizalowcost.com\/wp-json\/wp\/v2\/pages"}],"about":[{"href":"https:\/\/www.ibizalowcost.com\/wp-json\/wp\/v2\/types\/page"}],"author":[{"embeddable":true,"href":"https:\/\/www.ibizalowcost.com\/wp-json\/wp\/v2\/users\/1"}],"replies":[{"embeddable":true,"href":"https:\/\/www.ibizalowcost.com\/wp-json\/wp\/v2\/comments?post=41224"}],"version-history":[{"count":14,"href":"https:\/\/www.ibizalowcost.com\/wp-json\/wp\/v2\/pages\/41224\/revisions"}],"predecessor-version":[{"id":41638,"href":"https:\/\/www.ibizalowcost.com\/wp-json\/wp\/v2\/pages\/41224\/revisions\/41638"}],"wp:attachment":[{"href":"https:\/\/www.ibizalowcost.com\/wp-json\/wp\/v2\/media?parent=41224"}],"curies":[{"name":"wp","href":"https:\/\/api.w.org\/{rel}","templated":true}]}}