{"id":23031,"date":"2022-09-26T09:26:56","date_gmt":"2022-09-26T07:26:56","guid":{"rendered":"https:\/\/www.ibizalowcost.com\/?page_id=23031"},"modified":"2023-03-09T11:23:19","modified_gmt":"2023-03-09T10:23:19","slug":"chi_siamo","status":"publish","type":"page","link":"https:\/\/www.ibizalowcost.com\/chi_siamo","title":{"rendered":"Chi siamo"},"content":{"rendered":"<section class=\"l-section wpb_row us_custom_a2ade7bb height_medium\"><div class=\"l-section-h i-cf\"><div class=\"g-cols vc_row via_grid cols_1 laptops-cols_inherit tablets-cols_inherit mobiles-cols_1 valign_middle type_default stacking_default\"><div class=\"wpb_column vc_column_container\"><div class=\"vc_column-inner\"><div class=\"wpb_text_column us_custom_2105899d h1 has_text_color\"><div class=\"wpb_wrapper\"><h2 class=\"h1\" style=\"text-align: center;\">Ibizalowcost<br \/>\nAgenzia di viaggi e tour operator<\/h2>\n<\/div><\/div><div class=\"w-vwrapper align_none valign_top\"><div class=\"w-popup w-btn-wrapper align_center\"><button aria-label=\"Scopri i vantaggi\" class=\"w-popup-trigger type_btn w-btn us-btn-style_1\"><span class=\"w-btn-label\">Scopri i vantaggi<\/span><\/button><div class=\"w-popup-overlay\" style=\"background:rgba(0,0,0,0.85);\"><\/div><div class=\"w-popup-wrap layout_default\" style=\"--title-color:var(--color-content-heading);--title-bg-color:var(--color-content-bg-alt);--content-color:var(--color-content-text);--content-bg-color:var(--color-content-bg);--popup-width:80%;\"><div class=\"w-popup-box animation_fadeIn closerpos_outside without_title\"><div class=\"w-popup-box-h\"><div class=\"w-popup-box-content\"><section class=\"l-section wpb_row us_custom_b2d21ae1 height_medium\" id=\"advantage\"><div class=\"l-section-h i-cf\"><div class=\"g-cols vc_row via_grid cols_1 laptops-cols_inherit tablets-cols_inherit mobiles-cols_1 valign_bottom type_default stacking_default\"><div class=\"wpb_column vc_column_container\"><div class=\"vc_column-inner\"><div class=\"g-cols wpb_row via_grid cols_4 laptops-cols_inherit tablets-cols_inherit mobiles-cols_1 valign_middle type_default stacking_default\" style=\"--gap:3rem;\"><div class=\"wpb_column vc_column_container\"><div class=\"vc_column-inner\"><div class=\"w-image align_center\"><div class=\"w-image-h\"><img decoding=\"async\" width=\"150\" height=\"150\" src=\"https:\/\/www.ibizalowcost.com\/wp-content\/uploads\/2022\/10\/risparmi-150x150.png\" class=\"attachment-thumbnail size-thumbnail\" alt=\"\" loading=\"lazy\" srcset=\"https:\/\/www.ibizalowcost.com\/wp-content\/uploads\/2022\/10\/risparmi-150x150.png 150w, https:\/\/www.ibizalowcost.com\/wp-content\/uploads\/2022\/10\/risparmi.png 256w\" sizes=\"auto, (max-width: 150px) 100vw, 150px\" \/><\/div><\/div><div class=\"wpb_text_column us_custom_95426244 has_text_color\"><div class=\"wpb_wrapper\"><p style=\"text-align: center;\">Miglior\u00a0<strong>prezzo<\/strong>\u00a0garantito per tutte le soluzioni offerte. Risparmio assicurato.<\/p>\n<\/div><\/div><\/div><\/div><div class=\"wpb_column vc_column_container\"><div class=\"vc_column-inner\"><div class=\"w-image align_center\"><div class=\"w-image-h\"><img decoding=\"async\" width=\"150\" height=\"150\" src=\"https:\/\/www.ibizalowcost.com\/wp-content\/uploads\/2022\/10\/personalizzato-150x150.png\" class=\"attachment-thumbnail size-thumbnail\" alt=\"\" loading=\"lazy\" srcset=\"https:\/\/www.ibizalowcost.com\/wp-content\/uploads\/2022\/10\/personalizzato-150x150.png 150w, https:\/\/www.ibizalowcost.com\/wp-content\/uploads\/2022\/10\/personalizzato.png 256w\" sizes=\"auto, (max-width: 150px) 100vw, 150px\" \/><\/div><\/div><div class=\"wpb_text_column us_custom_95426244 has_text_color\"><div class=\"wpb_wrapper\"><p style=\"text-align: center;\"><strong>Nessuna<\/strong>\u00a0spesa aggiuntiva.\u00a0<strong>Nessun<\/strong>\u00a0costo di prenotazione.<\/p>\n<\/div><\/div><\/div><\/div><div class=\"wpb_column vc_column_container\"><div class=\"vc_column-inner\"><div class=\"w-image align_center\"><div class=\"w-image-h\"><img decoding=\"async\" width=\"150\" height=\"150\" src=\"https:\/\/www.ibizalowcost.com\/wp-content\/uploads\/2022\/10\/airplane-150x150.png\" class=\"attachment-thumbnail size-thumbnail\" alt=\"\" loading=\"lazy\" srcset=\"https:\/\/www.ibizalowcost.com\/wp-content\/uploads\/2022\/10\/airplane-150x150.png 150w, https:\/\/www.ibizalowcost.com\/wp-content\/uploads\/2022\/10\/airplane.png 256w\" sizes=\"auto, (max-width: 150px) 100vw, 150px\" \/><\/div><\/div><div class=\"wpb_text_column us_custom_95426244 has_text_color\"><div class=\"wpb_wrapper\"><p style=\"text-align: center;\"><strong>Nessun vincolo<\/strong>\u00a0sul giorno di arrivo e di partenza.<\/p>\n<\/div><\/div><\/div><\/div><div class=\"wpb_column vc_column_container\"><div class=\"vc_column-inner\"><div class=\"w-image align_center\"><div class=\"w-image-h\"><img decoding=\"async\" width=\"150\" height=\"150\" src=\"https:\/\/www.ibizalowcost.com\/wp-content\/uploads\/2022\/10\/supporto-150x150.png\" class=\"attachment-thumbnail size-thumbnail\" alt=\"\" loading=\"lazy\" srcset=\"https:\/\/www.ibizalowcost.com\/wp-content\/uploads\/2022\/10\/supporto-150x150.png 150w, https:\/\/www.ibizalowcost.com\/wp-content\/uploads\/2022\/10\/supporto.png 256w\" sizes=\"auto, (max-width: 150px) 100vw, 150px\" \/><\/div><\/div><div class=\"wpb_text_column us_custom_95426244 has_text_color\"><div class=\"wpb_wrapper\"><p style=\"text-align: center;\">Assistenza clienti e reperibilit\u00e0\u00a0<strong>24 ore su 24<\/strong>\u00a0durante il tuo soggiorno.<\/p>\n<\/div><\/div><\/div><\/div><\/div><div class=\"g-cols wpb_row us_custom_72fc42ef via_grid cols_1 laptops-cols_inherit tablets-cols_inherit mobiles-cols_1 valign_middle type_default stacking_default\" style=\"--gap:3rem;\"><div class=\"wpb_column vc_column_container\"><div class=\"vc_column-inner\"><div class=\"wpb_text_column us_custom_137f0e2b has_text_color\"><div class=\"wpb_wrapper\"><p style=\"text-align: center;\">Centinaia di recensioni verificate. Scopri di pi\u00f9 sulle\u00a0<strong><a style=\"color: #fff; text-decoration: underline;\" href=\"https:\/\/www.facebook.com\/official.page.ibizalowcost\/reviews\" target=\"_blank\" rel=\"noopener\">recensioni di Ibizalowcost.com<\/a><\/strong><\/p>\n<\/div><\/div><\/div><\/div><\/div><\/div><\/div><\/div><\/div><\/section>\n<\/div><\/div><\/div><div class=\"w-popup-closer\"><\/div><\/div><\/div><\/div><\/div><\/div><\/div><\/div><\/section><section class=\"l-section wpb_row height_medium\"><div class=\"l-section-h i-cf\"><div class=\"g-cols vc_row via_grid cols_2 laptops-cols_inherit tablets-cols_inherit mobiles-cols_1 valign_middle type_default stacking_default\" style=\"--gap:1rem;\"><div class=\"wpb_column vc_column_container\"><div class=\"vc_column-inner\"><div class=\"w-image us_custom_8830be7d align_none\"><div class=\"w-image-h\"><img decoding=\"async\" width=\"500\" height=\"314\" src=\"https:\/\/www.ibizalowcost.com\/wp-content\/uploads\/2022\/10\/ibizalowcost_about.png\" class=\"attachment-full size-full\" alt=\"\" loading=\"lazy\" srcset=\"https:\/\/www.ibizalowcost.com\/wp-content\/uploads\/2022\/10\/ibizalowcost_about.png 500w, https:\/\/www.ibizalowcost.com\/wp-content\/uploads\/2022\/10\/ibizalowcost_about-300x188.png 300w\" sizes=\"auto, (max-width: 500px) 100vw, 500px\" \/><\/div><\/div><\/div><\/div><div class=\"wpb_column vc_column_container\"><div class=\"vc_column-inner\"><div class=\"wpb_text_column\"><div class=\"wpb_wrapper\"><p><strong>Ibizalowcost<\/strong>\u00a0\u00e8 un\u2019<strong>agenzia di viaggi\u00a0<\/strong>e<strong>\u00a0tour operator<\/strong> nato dall\u2019idea di offrire un servizio completo che vada al di l\u00e0 della semplice locazione di appartamenti e ville ad Ibiza. L\u2019obiettivo \u00e8 quello di far fronte a qualsiasi vostra esigenza, seguirvi dal momento della prenotazione e durante tutta la permanenza sull\u2019isola di Ibiza, consigliarvi e guidarvi in tutto ci\u00f2 che riterrete necessario per la miglior riuscita della vostra vacanza.<\/p>\n<p>Per rendere unica ed indimenticabile la vostra vacanza, Ibizalowcost \u00e8 in grado di fornire una lunga serie di <a title=\"Servizi Extra\" href=\"https:\/\/www.ibizalowcost.com\/it\/attivita_ibiza\"><strong>servizi extra<\/strong><\/a> che vanno dall\u2019assistenza in aeroporto, al noleggio auto, scooter e yacht, fino alla prenotazione di tavoli in discoteca ed alla vendita di tickets per tutte le serate. Spinti dalla passione per il nostro lavoro e per questa bellissima isola, vogliamo raccontarvi quanto di pi\u00f9 bello troverete sulla &#8220;isla blanca&#8221;, anche per sfatare una volta per tutte il \u201cluogo comune\u201d che <a title=\"Ibiza di Giorno\" href=\"\/guida_turismo_ibiza\"><strong>Ibiza<\/strong><\/a>\u00a0sia soltanto l\u2019isola delle notti folli e basta.<\/p>\n<p>C\u2019\u00e8 un mare fantastico ed un\u2019aria meravigliosa in questa straordinaria isola della Spagna, che sarebbe un peccato non visitare almeno una volta nella vita!<\/p>\n<\/div><\/div><\/div><\/div><\/div><\/div><\/section><section class=\"l-section wpb_row us_custom_e0cb0718 height_medium\"><div class=\"l-section-h i-cf\"><div class=\"g-cols vc_row via_grid cols_1 laptops-cols_inherit tablets-cols_inherit mobiles-cols_1 valign_top type_default stacking_default\"><div class=\"wpb_column vc_column_container us_custom_735386f5 has_bg_color\"><div class=\"vc_column-inner\"><div class=\"wpb_text_column us_custom_6df4bc3a has_text_color\"><div class=\"wpb_wrapper\"><p align=\"center\"><b>IBIZALOWCOST Agenzia di Viaggi e Tour Operator offre un\u2019ampia scelta di\u00a0<a title=\"Appartamenti\" href=\"\/it\/\">APPARTAMENTI<\/a><big>\u2192<\/big>\u00a0ad IBIZA, tutti nelle principali zone dell\u2019isola.<\/b><\/p>\n<p align=\"center\">Hai una particolare esigenza di vacanza e desideri volare ad IBIZA con il migliore rapporto qualit\u00e0\/prezzo?<\/p>\n<p style=\"text-align: center;\">Clicca su\u00a0<a title=\"Contattaci\" href=\"\/it\/contattaci\"><strong>CONTATTACI<\/strong><\/a>\u00a0e richiedi un preventivo gratuito!<\/p>\n<\/div><\/div><\/div><\/div><\/div><\/div><\/section><section class=\"l-section wpb_row height_medium\"><div class=\"l-section-h i-cf\"><div class=\"g-cols vc_row via_grid cols_2-1 laptops-cols_inherit tablets-cols_inherit mobiles-cols_1 valign_middle type_default stacking_default\"><div class=\"wpb_column vc_column_container\"><div class=\"vc_column-inner\"><div class=\"wpb_text_column us_custom_9e70d8cd\"><div class=\"wpb_wrapper\"><h5><strong>I DETTAGLI FANNO LA DIFFERENZA<\/strong><\/h5>\n<\/div><\/div><div class=\"wpb_text_column\"><div class=\"wpb_wrapper\"><p>Forniamo un\u2019assistenza a 360 gradi: la cura di ogni dettaglio \u00e8 assoluta ed inizia ancor prima della partenza, dal momento in cui il cliente ci contatta per la richiesta di un preventivo non verr\u00e0 mai lasciato solo e sar\u00e0 seguito da tutto il nostro staff passo dopo passo: invio del preventivo dettagliato, inoltro della documentazione di viaggio in formato pdf via email, invio da parte del customer service di tutte le indicazioni da seguire all\u2019arrivo ad Ibiza, assistenza durante tutta la permanenza sull\u2019isola fino al momento del malinconico ritorno a casa.<\/p>\n<\/div><\/div><\/div><\/div><div class=\"wpb_column vc_column_container\"><div class=\"vc_column-inner\"><div class=\"w-image us_custom_ad0f428d align_center\"><div class=\"w-image-h\"><img decoding=\"async\" width=\"400\" height=\"417\" src=\"https:\/\/www.ibizalowcost.com\/wp-content\/uploads\/2022\/10\/supporto_ibiza.png\" class=\"attachment-full size-full\" alt=\"\" loading=\"lazy\" srcset=\"https:\/\/www.ibizalowcost.com\/wp-content\/uploads\/2022\/10\/supporto_ibiza.png 400w, https:\/\/www.ibizalowcost.com\/wp-content\/uploads\/2022\/10\/supporto_ibiza-288x300.png 288w\" sizes=\"auto, (max-width: 400px) 100vw, 400px\" \/><\/div><\/div><\/div><\/div><\/div><\/div><\/section><section class=\"l-section wpb_row height_medium\"><div class=\"l-section-h i-cf\"><div class=\"g-cols vc_row via_grid cols_1 laptops-cols_inherit tablets-cols_inherit mobiles-cols_1 valign_middle type_default stacking_default\"><div class=\"wpb_column vc_column_container\"><div class=\"vc_column-inner\"><div class=\"wpb_text_column us_custom_9e70d8cd\"><div class=\"wpb_wrapper\"><h5><strong>LA VACANZA E\u2019 UNA COSA SERIA<\/strong><\/h5>\n<\/div><\/div><div class=\"wpb_text_column\"><div class=\"wpb_wrapper\"><p>Il valore aggiunto pi\u00f9 prezioso che noi di Ibizalowcost possiamo offrire a chi decide di sceglierci per l\u2019organizzazione della propria vacanza \u00e8 costituito dall\u2019esperienza acquisita nei tanti anni di attivit\u00e0 e dalla passione incondizionata per questa isola. Questi due fattori ci portano ad offrire ogni giorno quel qualcosa in pi\u00f9 ai nostri clienti. Ogni accorgimento \u00e8 stato studiato per rendere tutto pi\u00f9 semplice, pi\u00f9 piacevole e pi\u00f9 sicuro.<\/p>\n<\/div><\/div><\/div><\/div><\/div><\/div><\/section><section class=\"l-section wpb_row height_medium\"><div class=\"l-section-h i-cf\"><div class=\"g-cols vc_row via_grid cols_1-2 laptops-cols_inherit tablets-cols_inherit mobiles-cols_1 valign_middle type_default stacking_default\" style=\"--gap:1.5rem;\"><div class=\"wpb_column vc_column_container us_custom_8830be7d\"><div class=\"vc_column-inner\"><div class=\"w-image us_custom_ad0f428d align_center\"><div class=\"w-image-h\"><img decoding=\"async\" width=\"500\" height=\"399\" src=\"https:\/\/www.ibizalowcost.com\/wp-content\/uploads\/2022\/10\/recensioni.png\" class=\"attachment-full size-full\" alt=\"\" loading=\"lazy\" srcset=\"https:\/\/www.ibizalowcost.com\/wp-content\/uploads\/2022\/10\/recensioni.png 500w, https:\/\/www.ibizalowcost.com\/wp-content\/uploads\/2022\/10\/recensioni-300x239.png 300w\" sizes=\"auto, (max-width: 500px) 100vw, 500px\" \/><\/div><\/div><\/div><\/div><div class=\"wpb_column vc_column_container\"><div class=\"vc_column-inner\"><div class=\"wpb_text_column us_custom_9e70d8cd\"><div class=\"wpb_wrapper\"><h5><strong>LA NOSTRA FORZA SONO I VOSTRI GIUDIZI<\/strong><\/h5>\n<\/div><\/div><div class=\"wpb_text_column\"><div class=\"wpb_wrapper\"><p>Tutto quello che vi raccontiamo sul nostro conto e di come lavoriamo \u00e8 confermato dalle decine e decine di recensioni, commenti, feedback e ringraziamenti che anno dopo anno ci avete scritto numerosi sulla nostra pagina aziendale di Facebook.\u00a0<a href=\"https:\/\/www.facebook.com\/pg\/official.page.ibizalowcost\/reviews\/?ref=page_internal\">Clicca qui<\/a>\u00a0per leggere i commenti dei nostri clienti.<\/p>\n<\/div><\/div><\/div><\/div><\/div><\/div><\/section><section class=\"l-section wpb_row height_medium\"><div class=\"l-section-h i-cf\"><div class=\"g-cols vc_row via_grid cols_1 laptops-cols_inherit tablets-cols_inherit mobiles-cols_1 valign_top type_default stacking_default\"><div class=\"wpb_column vc_column_container\"><div class=\"vc_column-inner\"><div class=\"wpb_text_column us_custom_9e70d8cd\"><div class=\"wpb_wrapper\"><h5><strong>I VANTAGGI DI PRENOTARE CON IBIZALOWCOST<\/strong><\/h5>\n<\/div><\/div><div class=\"wpb_text_column\"><div class=\"wpb_wrapper\"><ul class=\"list-bottom\">\n<li>Risparmio minimo del\u00a0<strong>40%\u00a0<\/strong>rispetto alla prenotazione con i tradizionali tour operator o presso le agenzie di viaggi della tua citt\u00e0; gestiamo direttamente tutte le strutture che proponiamo, quindi non ci sono costi di intermediazione<\/li>\n<li>Garantiamo\u00a0<strong>un\u2019assistenza a 360 gradi<\/strong> durante tutta la vostra permanenza ad Ibiza<\/li>\n<li>Potrete usufruire dell\u2019assistenza di\u00a0<strong>personale altamente qualificato<\/strong>\u00a0che sar\u00e0 a vostra disposizione durante tutto il soggiorno<\/li>\n<li><strong>Nessun vincolo\u00a0<\/strong>sul giorno di arrivo e di partenza<\/li>\n<li><strong>Ottimi prezzi<\/strong> per alloggi nelle migliori zone di Ibiza; ville e appartamenti sono dotati di ogni confort<\/li>\n<li><strong>Nessun costo aggiuntivo<\/strong>, tutte le spese sono gi\u00e0 incluse nel prezzo proposto<\/li>\n<li>Offriamo a prezzi vantaggiosi una lunga serie di servizi da poter acquistare per la migliore riuscita della vostra vacanza (per maggiori info clicca su <a href=\"\/it\/attivita_ibiza\" target=\"_blank\" rel=\"noopener noreferrer\"><strong>servizi extra<\/strong><\/a>)<\/li>\n<\/ul>\n<\/div><\/div><\/div><\/div><\/div><\/div><\/section><section class=\"l-section wpb_row us_custom_a8f703df height_medium\"><div class=\"l-section-h i-cf\"><div class=\"g-cols vc_row via_grid cols_1 laptops-cols_inherit tablets-cols_inherit mobiles-cols_1 valign_middle type_default stacking_default\"><div class=\"wpb_column vc_column_container\"><div class=\"vc_column-inner\"><div class=\"wpb_text_column us_custom_b07d0809 has_text_color\"><div class=\"wpb_wrapper\"><div class=\"container-fluid sfondoarancio fotochisiamodue\">\n<div class=\"container\">\n<h5 class=\"titolochisiamo\" style=\"text-align: center;\" align=\"center\"><strong>IL NOSTRO OBIETTIVO E\u2019 IL VOSTRO DIVERTIMENTO !<\/strong><\/h5>\n<\/div>\n<\/div>\n<\/div><\/div><\/div><\/div><\/div><\/div><\/section><section class=\"l-section wpb_row height_medium\"><div class=\"l-section-h i-cf\"><div class=\"g-cols vc_row via_grid cols_5-1 laptops-cols_inherit tablets-cols_inherit mobiles-cols_1 valign_bottom type_default stacking_default\" style=\"--gap:0rem;\"><div class=\"wpb_column vc_column_container\"><div class=\"vc_column-inner\"><div class=\"wpb_text_column us_custom_9e70d8cd\"><div class=\"wpb_wrapper\"><h5><strong>SULL\u2019ISOLA DI IBIZA NON ESISTE LA VACANZA PERFETTA PER TUTTI\u2026 MA LA VACANZA PI\u00d9 GIUSTA PER OGNUNO DI VOI!<\/strong><\/h5>\n<\/div><\/div><div class=\"wpb_text_column\"><div class=\"wpb_wrapper\"><p>La massima seriet\u00e0 e trasparenza ci hanno consentito di crescere professionalmente insieme ai nostri partner, dai quali ci viene riconosciuta una sempre maggiore affidabilit\u00e0, riscontrata quotidianamente anche da chi viaggia con noi. Usufruiamo di personale altamente qualificato, caratterizzato da una profonda conoscenza dell\u2019isola di Ibiza, sempre attento alle esigenze dei nostri ospiti, garantendo la massima qualit\u00e0 dei servizi offerti. Sono disponibili soluzioni per qualsiasi esigenza di viaggio, tutte le proposte di alloggio sono senza vincoli sul giorno di arrivo e di partenza e tutte affiancate da una lunga serie di servizi extra.<\/p>\n<p>Le nostre offerte scontate per una vacanza ad Ibiza sono valide per un gruppo di minimo 4 persone, ma disponiamo anche di proposte per sole 2 o 3 persone. Non esitate a richiederci un <a href=\"https:\/\/www.ibizalowcost.com\/it\/contattaci\">preventivo personalizzato<\/a>.<\/p>\n<\/div><\/div><\/div><\/div><div class=\"wpb_column vc_column_container\"><div class=\"vc_column-inner\"><div class=\"w-image align_none\"><div class=\"w-image-h\"><img decoding=\"async\" width=\"228\" height=\"272\" src=\"https:\/\/www.ibizalowcost.com\/wp-content\/uploads\/2022\/10\/img_divertente.png\" class=\"attachment-full size-full\" alt=\"\" loading=\"lazy\" \/><\/div><\/div><\/div><\/div><\/div><\/div><\/section>\n","protected":false},"excerpt":{"rendered":"Ibizalowcost Agenzia di viaggi e tour operator Scopri i vantaggiMiglior\u00a0prezzo\u00a0garantito per tutte le soluzioni offerte. Risparmio assicurato. Nessuna\u00a0spesa aggiuntiva.\u00a0Nessun\u00a0costo di prenotazione. Nessun vincolo\u00a0sul giorno di arrivo e di partenza. Assistenza clienti e reperibilit\u00e0\u00a024 ore su 24\u00a0durante il tuo soggiorno. Centinaia di recensioni verificate. Scopri di pi\u00f9 sulle\u00a0recensioni di Ibizalowcost.com Ibizalowcost\u00a0\u00e8 un\u2019agenzia di viaggi\u00a0e\u00a0tour operator nato...","protected":false},"author":1,"featured_media":0,"parent":0,"menu_order":0,"comment_status":"closed","ping_status":"closed","template":"","meta":{"footnotes":""},"class_list":["post-23031","page","type-page","status-publish","hentry"],"acf":[],"yoast_head":"<!-- This site is optimized with the Yoast SEO plugin v22.2 - https:\/\/yoast.com\/wordpress\/plugins\/seo\/ -->\n<title>Chi siamo - Ibiza Low cost<\/title>\n<meta name=\"description\" content=\"Appartamenti Ibiza Low Cost - Case o Ville in affitto a Ibiza ai migliori prezzi disponibili sul mercato - Ibiza Appartamenti Prezzi\" \/>\n<meta name=\"robots\" content=\"index, follow, max-snippet:-1, max-image-preview:large, max-video-preview:-1\" \/>\n<link rel=\"canonical\" href=\"https:\/\/www.ibizalowcost.com\/chi_siamo\" \/>\n<meta property=\"og:locale\" content=\"it_IT\" \/>\n<meta property=\"og:type\" content=\"article\" \/>\n<meta property=\"og:title\" content=\"Chi siamo - Ibiza Low cost\" \/>\n<meta property=\"og:description\" content=\"Appartamenti Ibiza Low Cost - Case o Ville in affitto a Ibiza ai migliori prezzi disponibili sul mercato - Ibiza Appartamenti Prezzi\" \/>\n<meta property=\"og:url\" content=\"https:\/\/www.ibizalowcost.com\/chi_siamo\" \/>\n<meta property=\"og:site_name\" content=\"IBIZA LOW COST\" \/>\n<meta property=\"article:modified_time\" content=\"2023-03-09T10:23:19+00:00\" \/>\n<meta name=\"twitter:card\" content=\"summary_large_image\" \/>\n<script type=\"application\/ld+json\" class=\"yoast-schema-graph\">{\"@context\":\"https:\/\/schema.org\",\"@graph\":[{\"@type\":\"WebPage\",\"@id\":\"https:\/\/www.ibizalowcost.com\/chi_siamo\",\"url\":\"https:\/\/www.ibizalowcost.com\/chi_siamo\",\"name\":\"Chi siamo - Ibiza Low cost\",\"isPartOf\":{\"@id\":\"https:\/\/www.ibizalowcost.com\/#website\"},\"datePublished\":\"2022-09-26T07:26:56+00:00\",\"dateModified\":\"2023-03-09T10:23:19+00:00\",\"description\":\"Appartamenti Ibiza Low Cost - Case o Ville in affitto a Ibiza ai migliori prezzi disponibili sul mercato - Ibiza Appartamenti Prezzi\",\"breadcrumb\":{\"@id\":\"https:\/\/www.ibizalowcost.com\/chi_siamo#breadcrumb\"},\"inLanguage\":\"it-IT\",\"potentialAction\":[{\"@type\":\"ReadAction\",\"target\":[\"https:\/\/www.ibizalowcost.com\/chi_siamo\"]}]},{\"@type\":\"BreadcrumbList\",\"@id\":\"https:\/\/www.ibizalowcost.com\/chi_siamo#breadcrumb\",\"itemListElement\":[{\"@type\":\"ListItem\",\"position\":1,\"name\":\"Home\",\"item\":\"https:\/\/www.ibizalowcost.com\/it\/\"},{\"@type\":\"ListItem\",\"position\":2,\"name\":\"Chi siamo\"}]},{\"@type\":\"WebSite\",\"@id\":\"https:\/\/www.ibizalowcost.com\/#website\",\"url\":\"https:\/\/www.ibizalowcost.com\/\",\"name\":\"IBIZA LOW COST\",\"description\":\"\",\"potentialAction\":[{\"@type\":\"SearchAction\",\"target\":{\"@type\":\"EntryPoint\",\"urlTemplate\":\"https:\/\/www.ibizalowcost.com\/?s={search_term_string}\"},\"query-input\":\"required name=search_term_string\"}],\"inLanguage\":\"it-IT\"}]}<\/script>\n<!-- \/ Yoast SEO plugin. -->","yoast_head_json":{"title":"Chi siamo - Ibiza Low cost","description":"Appartamenti Ibiza Low Cost - Case o Ville in affitto a Ibiza ai migliori prezzi disponibili sul mercato - Ibiza Appartamenti Prezzi","robots":{"index":"index","follow":"follow","max-snippet":"max-snippet:-1","max-image-preview":"max-image-preview:large","max-video-preview":"max-video-preview:-1"},"canonical":"https:\/\/www.ibizalowcost.com\/chi_siamo","og_locale":"it_IT","og_type":"article","og_title":"Chi siamo - Ibiza Low cost","og_description":"Appartamenti Ibiza Low Cost - Case o Ville in affitto a Ibiza ai migliori prezzi disponibili sul mercato - Ibiza Appartamenti Prezzi","og_url":"https:\/\/www.ibizalowcost.com\/chi_siamo","og_site_name":"IBIZA LOW COST","article_modified_time":"2023-03-09T10:23:19+00:00","twitter_card":"summary_large_image","schema":{"@context":"https:\/\/schema.org","@graph":[{"@type":"WebPage","@id":"https:\/\/www.ibizalowcost.com\/chi_siamo","url":"https:\/\/www.ibizalowcost.com\/chi_siamo","name":"Chi siamo - Ibiza Low cost","isPartOf":{"@id":"https:\/\/www.ibizalowcost.com\/#website"},"datePublished":"2022-09-26T07:26:56+00:00","dateModified":"2023-03-09T10:23:19+00:00","description":"Appartamenti Ibiza Low Cost - Case o Ville in affitto a Ibiza ai migliori prezzi disponibili sul mercato - Ibiza Appartamenti Prezzi","breadcrumb":{"@id":"https:\/\/www.ibizalowcost.com\/chi_siamo#breadcrumb"},"inLanguage":"it-IT","potentialAction":[{"@type":"ReadAction","target":["https:\/\/www.ibizalowcost.com\/chi_siamo"]}]},{"@type":"BreadcrumbList","@id":"https:\/\/www.ibizalowcost.com\/chi_siamo#breadcrumb","itemListElement":[{"@type":"ListItem","position":1,"name":"Home","item":"https:\/\/www.ibizalowcost.com\/it\/"},{"@type":"ListItem","position":2,"name":"Chi siamo"}]},{"@type":"WebSite","@id":"https:\/\/www.ibizalowcost.com\/#website","url":"https:\/\/www.ibizalowcost.com\/","name":"IBIZA LOW COST","description":"","potentialAction":[{"@type":"SearchAction","target":{"@type":"EntryPoint","urlTemplate":"https:\/\/www.ibizalowcost.com\/?s={search_term_string}"},"query-input":"required name=search_term_string"}],"inLanguage":"it-IT"}]}},"_links":{"self":[{"href":"https:\/\/www.ibizalowcost.com\/wp-json\/wp\/v2\/pages\/23031","targetHints":{"allow":["GET"]}}],"collection":[{"href":"https:\/\/www.ibizalowcost.com\/wp-json\/wp\/v2\/pages"}],"about":[{"href":"https:\/\/www.ibizalowcost.com\/wp-json\/wp\/v2\/types\/page"}],"author":[{"embeddable":true,"href":"https:\/\/www.ibizalowcost.com\/wp-json\/wp\/v2\/users\/1"}],"replies":[{"embeddable":true,"href":"https:\/\/www.ibizalowcost.com\/wp-json\/wp\/v2\/comments?post=23031"}],"version-history":[{"count":53,"href":"https:\/\/www.ibizalowcost.com\/wp-json\/wp\/v2\/pages\/23031\/revisions"}],"predecessor-version":[{"id":42621,"href":"https:\/\/www.ibizalowcost.com\/wp-json\/wp\/v2\/pages\/23031\/revisions\/42621"}],"wp:attachment":[{"href":"https:\/\/www.ibizalowcost.com\/wp-json\/wp\/v2\/media?parent=23031"}],"curies":[{"name":"wp","href":"https:\/\/api.w.org\/{rel}","templated":true}]}}