{"id":41273,"date":"2022-10-11T12:00:10","date_gmt":"2022-10-11T10:00:10","guid":{"rendered":"https:\/\/www.ibizalowcost.com\/it\/?page_id=41273"},"modified":"2022-11-22T15:50:18","modified_gmt":"2022-11-22T14:50:18","slug":"mercatini_ibiza","status":"publish","type":"page","link":"https:\/\/www.ibizalowcost.com\/mercatini_ibiza","title":{"rendered":"Mercatini Ibiza"},"content":{"rendered":"<table border=\"0\" width=\"85%\" cellspacing=\"0\" cellpadding=\"10\" align=\"center\">\n<tbody>\n<tr>\n<td align=\"center\"><img decoding=\"async\" src=\"\/img\/t14_eng.gif\" alt=\"\" \/><\/td>\n<\/tr>\n<\/tbody>\n<\/table>\n<table class=\"g11\" border=\"0\" width=\"95%\" cellspacing=\"0\" cellpadding=\"0\" align=\"center\">\n<tbody>\n<tr>\n<td class=\"g11s\" align=\"right\"><strong>\u00ab<\/strong> <a class=\"sott\" href=\"\/en\/ibiza_tourism_guide\"><strong>Ibiza Guide<\/strong><\/a><\/td>\n<\/tr>\n<\/tbody>\n<\/table>\n<table border=\"0\" width=\"95%\" cellspacing=\"0\" cellpadding=\"10\" align=\"center\">\n<tbody>\n<tr>\n<td class=\"titmen\">MERCATINI DI IBIZA<\/td>\n<\/tr>\n<\/tbody>\n<\/table>\n<table border=\"0\" width=\"95%\" cellspacing=\"0\" cellpadding=\"10\" align=\"center\">\n<tbody>\n<tr>\n<td class=\"g11s\">\n<div align=\"justify\">\n<p>La tradizione artigianale di Ibiza si \u00e8 tramandata nel corso dei secoli per convertirsi attualmente in una delle massime espressioni della cultura locale. La visita all&#8217;isola rappresenta una magnifica opportunit\u00e0 per acquistare alcuni dei prodotti che si fabbricano artigianalmente, in un lento processo che punta sulla qualit\u00e0.<br \/>\nIl vasellame, la pelle ed il cuoio, la ceramica, gli strumenti musicali e soprattutto le &#8220;alpargatas&#8221; &#8211; calzature con suola di corda intrecciata &#8211; sono solo alcuni dei prodotti che si possono trovare nei numerosi centri che fabbricano e\/o vendono.<br \/>\nOltre ai negozi del centro delle cittadine pi\u00f9 importanti (Eivissa, Santa Eul\u00e0ria e Sant Antoni) ci sono i mercatini caratteristici. I mercatini Hippy sono tra le cose da non perdere quando si \u00e8 in vacanza ad Ibiza. Il mercoled\u00ec tutto gira attorno a Es Canar presso Punta Arabi, nel nord-Est, dove si svolge il pi\u00f9 grande mercato Hippy.<br \/>\nParticolarmente originale \u00e8 quello di Las Dalias, dove le variopinte bancarelle si dispongono il sabato nel grande giardino attorno e dietro l&#8217;omonimo ristorante, nei suoi pergolati e nelle sue terrazze, mentre all&#8217;interno il lungo bancone del bar offre succosi succhi di frutta e cocktails.<\/p>\n<p>Varia \u00e8 l&#8217;offerta: prodotti biologici, gioielli in argento, batik, ceramica, bamb\u00f9 e smalto, magliette e pantaloncini, cravatte e costumi da bagno, zaini e cinture in stile folk, amache e borse in pelle, senza mettere limite alla fantasia. Scene esotiche ad ogni angolo e ritmo indiavolato di salsa, braccia che si fanno tatuare volentieri, ragazze che si lasciano pazientemente acconciare treccie rasta. L&#8217;atmosfera \u00e8 allegra, si acquistano panni variopinti, una gonna in colori stridenti, una maglia stampata in mille tonalit\u00e0: quando i visitatori lasciano il mercato, molti hanno esattamente l&#8217;aspetto che si attribuisce ad un hippy.<\/p>\n<p><strong>ORARI DI MERCATO<\/strong> (da Pasqua ad Ottobre)<\/p>\n<p><strong><em>SANTA EUL\u00c0RIA<\/em><\/strong><br \/>\n(sulle Ramblas)<br \/>\nLuned\u00ec e marted\u00ec<br \/>\nGioved\u00ec e sabato 9.30 -15<br \/>\nLug\/ago fino alle 22.30<\/p>\n<p><em><strong>ES CANAR<\/strong><\/em><br \/>\n(al club Punta Arabi)<br \/>\n\u00e8 il pi\u00f9 grande di tutti<br \/>\nMercoled\u00ec 9-19<\/p>\n<p><em><strong>SAN MIQUEL<\/strong><\/em><br \/>\n(vendita di artigianato artistico all&#8217;ora dello spettacolo folcloristico alla chiesa)<br \/>\nGioved\u00ec 17-21<\/p>\n<p><strong><em>PLATJA D&#8217;EN BOSSA<\/em><\/strong><br \/>\n(Davanti al Sagrato)<br \/>\nVenerd\u00ec 11-20<\/p>\n<p><em><strong>LAS DALIAS<\/strong><\/em><br \/>\n(al km. 12 della PM 810 poco prima di San Carlos, il mercatino hippy pi\u00f9 originale e ricco di tradizione)<br \/>\nSABATO (tutto l&#8217;anno) 11-21<\/p>\n<\/div>\n<\/td>\n<\/tr>\n<\/tbody>\n<\/table>\n<table border=\"0\" width=\"95%\" cellspacing=\"0\" cellpadding=\"0\" align=\"center\">\n<tbody>\n<tr>\n<td>&nbsp;<\/td>\n<\/tr>\n<\/tbody>\n<\/table>\n<table border=\"0\" width=\"95%\" cellspacing=\"0\" cellpadding=\"0\" align=\"center\">\n<tbody>\n<tr>\n<td width=\"50%\">\n<table class=\"tab1\" border=\"0\" width=\"100%\" cellspacing=\"0\" cellpadding=\"5\" align=\"center\">\n<tbody>\n<tr>\n<td class=\"titmen\" bgcolor=\"#FFE3BB\">Discover the other side of Ibiza<\/td>\n<\/tr>\n<tr>\n<td class=\"g11s\"><strong>\u00bb<\/strong> <a class=\"sott\" href=\"\/pdf\/spiagge_eng.pdf\"><strong>Download the complete guide of the beaches<\/strong><\/a><\/td>\n<\/tr>\n<tr>\n<td class=\"g11s\"><strong>\u00bb<\/strong> <a class=\"sott\" href=\"\/en\/ibiza_beaches_town_eivissa\"><strong>Cities and beaches of Ibiza<\/strong><\/a><\/td>\n<\/tr>\n<tr>\n<td class=\"g11s\"><strong>\u00bb<\/strong> <a class=\"sott\" href=\"\/en\/ibiza_markets\"><strong>Markets in Ibiza<\/strong><\/a><\/td>\n<\/tr>\n<tr>\n<td class=\"g11s\"><strong>\u00bb<\/strong> <a class=\"sott\" href=\"\/en\/ibiza_sport\"><strong>Sports Ibiza<\/strong><\/a><\/td>\n<\/tr>\n<\/tbody>\n<\/table>\n<\/td>\n<td align=\"center\"><img loading=\"lazy\" decoding=\"async\" src=\"\/img\/ibiza_low.jpg\" alt=\"\" width=\"239\" height=\"180\" \/><\/td>\n<\/tr>\n<\/tbody>\n<\/table>\n","protected":false},"excerpt":{"rendered":"<p>\u00ab Ibiza Guide MERCATINI DI IBIZA La tradizione artigianale di Ibiza si \u00e8 tramandata nel corso dei secoli per convertirsi attualmente in una delle massime espressioni della cultura locale. La visita all&#8217;isola rappresenta una magnifica opportunit\u00e0 per acquistare alcuni dei prodotti che si fabbricano artigianalmente, in un lento processo che punta sulla qualit\u00e0. Il vasellame,&#8230;<\/p>\n","protected":false},"author":1,"featured_media":0,"parent":0,"menu_order":0,"comment_status":"closed","ping_status":"closed","template":"","meta":{"footnotes":""},"class_list":["post-41273","page","type-page","status-publish","hentry"],"acf":[],"yoast_head":"<!-- This site is optimized with the Yoast SEO plugin v22.2 - https:\/\/yoast.com\/wordpress\/plugins\/seo\/ -->\n<title>Mercatini Ibiza<\/title>\n<meta name=\"description\" content=\"Ibiza Low Cost - Markets Ibiza. Discovering the local products of ibiza through its markets.\" \/>\n<meta name=\"robots\" content=\"index, follow, max-snippet:-1, max-image-preview:large, max-video-preview:-1\" \/>\n<link rel=\"canonical\" href=\"https:\/\/www.ibizalowcost.com\/mercatini_ibiza\" \/>\n<meta property=\"og:locale\" content=\"en_US\" \/>\n<meta property=\"og:type\" content=\"article\" \/>\n<meta property=\"og:title\" content=\"Mercatini Ibiza\" \/>\n<meta property=\"og:description\" content=\"Ibiza Low Cost - Markets Ibiza. Discovering the local products of ibiza through its markets.\" \/>\n<meta property=\"og:url\" content=\"https:\/\/www.ibizalowcost.com\/mercatini_ibiza\" \/>\n<meta property=\"og:site_name\" content=\"IBIZA LOW COST\" \/>\n<meta property=\"article:modified_time\" content=\"2022-11-22T14:50:18+00:00\" \/>\n<meta name=\"twitter:card\" content=\"summary_large_image\" \/>\n<script type=\"application\/ld+json\" class=\"yoast-schema-graph\">{\"@context\":\"https:\/\/schema.org\",\"@graph\":[{\"@type\":\"WebPage\",\"@id\":\"https:\/\/www.ibizalowcost.com\/mercatini_ibiza\",\"url\":\"https:\/\/www.ibizalowcost.com\/mercatini_ibiza\",\"name\":\"IBIZA LOW COST - Guida Turismo Ibiza - Mercatini Ibiza\",\"isPartOf\":{\"@id\":\"https:\/\/www.ibizalowcost.com\/#website\"},\"datePublished\":\"2022-10-11T10:00:10+00:00\",\"dateModified\":\"2022-11-22T14:50:18+00:00\",\"description\":\"Ibiza Low Cost - Mercatini di ibiza. Alla scoperta dei prodotti tipici di ibiza attraverso i suoi mercatini.\",\"breadcrumb\":{\"@id\":\"https:\/\/www.ibizalowcost.com\/mercatini_ibiza#breadcrumb\"},\"inLanguage\":\"en-US\",\"potentialAction\":[{\"@type\":\"ReadAction\",\"target\":[\"https:\/\/www.ibizalowcost.com\/mercatini_ibiza\"]}]},{\"@type\":\"BreadcrumbList\",\"@id\":\"https:\/\/www.ibizalowcost.com\/mercatini_ibiza#breadcrumb\",\"itemListElement\":[{\"@type\":\"ListItem\",\"position\":1,\"name\":\"Home\",\"item\":\"https:\/\/www.ibizalowcost.com\/it\/\"},{\"@type\":\"ListItem\",\"position\":2,\"name\":\"Mercatini Ibiza\"}]},{\"@type\":\"WebSite\",\"@id\":\"https:\/\/www.ibizalowcost.com\/#website\",\"url\":\"https:\/\/www.ibizalowcost.com\/\",\"name\":\"IBIZA LOW COST\",\"description\":\"Ibiza Low Cost - The apartments ibiza to put at your disposal. Availability apartments in Ibiza\",\"potentialAction\":[{\"@type\":\"SearchAction\",\"target\":{\"@type\":\"EntryPoint\",\"urlTemplate\":\"https:\/\/www.ibizalowcost.com\/?s={search_term_string}\"},\"query-input\":\"required name=search_term_string\"}],\"inLanguage\":\"en-US\"}]}<\/script>\n<!-- \/ Yoast SEO plugin. -->","yoast_head_json":{"title":"Mercatini Ibiza","description":"Ibiza Low Cost - Markets Ibiza. Discovering the local products of ibiza through its markets.","robots":{"index":"index","follow":"follow","max-snippet":"max-snippet:-1","max-image-preview":"max-image-preview:large","max-video-preview":"max-video-preview:-1"},"canonical":"https:\/\/www.ibizalowcost.com\/mercatini_ibiza","og_locale":"en_US","og_type":"article","og_title":"Mercatini Ibiza","og_description":"Ibiza Low Cost - Markets Ibiza. Discovering the local products of ibiza through its markets.","og_url":"https:\/\/www.ibizalowcost.com\/mercatini_ibiza","og_site_name":"IBIZA LOW COST","article_modified_time":"2022-11-22T14:50:18+00:00","twitter_card":"summary_large_image","schema":{"@context":"https:\/\/schema.org","@graph":[{"@type":"WebPage","@id":"https:\/\/www.ibizalowcost.com\/mercatini_ibiza","url":"https:\/\/www.ibizalowcost.com\/mercatini_ibiza","name":"IBIZA LOW COST - Guida Turismo Ibiza - Mercatini Ibiza","isPartOf":{"@id":"https:\/\/www.ibizalowcost.com\/#website"},"datePublished":"2022-10-11T10:00:10+00:00","dateModified":"2022-11-22T14:50:18+00:00","description":"Ibiza Low Cost - Mercatini di ibiza. Alla scoperta dei prodotti tipici di ibiza attraverso i suoi mercatini.","breadcrumb":{"@id":"https:\/\/www.ibizalowcost.com\/mercatini_ibiza#breadcrumb"},"inLanguage":"en-US","potentialAction":[{"@type":"ReadAction","target":["https:\/\/www.ibizalowcost.com\/mercatini_ibiza"]}]},{"@type":"BreadcrumbList","@id":"https:\/\/www.ibizalowcost.com\/mercatini_ibiza#breadcrumb","itemListElement":[{"@type":"ListItem","position":1,"name":"Home","item":"https:\/\/www.ibizalowcost.com\/it\/"},{"@type":"ListItem","position":2,"name":"Mercatini Ibiza"}]},{"@type":"WebSite","@id":"https:\/\/www.ibizalowcost.com\/#website","url":"https:\/\/www.ibizalowcost.com\/","name":"IBIZA LOW COST","description":"Ibiza Low Cost - The apartments ibiza to put at your disposal. Availability apartments in Ibiza","potentialAction":[{"@type":"SearchAction","target":{"@type":"EntryPoint","urlTemplate":"https:\/\/www.ibizalowcost.com\/?s={search_term_string}"},"query-input":"required name=search_term_string"}],"inLanguage":"en-US"}]}},"_links":{"self":[{"href":"https:\/\/www.ibizalowcost.com\/wp-json\/wp\/v2\/pages\/41273","targetHints":{"allow":["GET"]}}],"collection":[{"href":"https:\/\/www.ibizalowcost.com\/wp-json\/wp\/v2\/pages"}],"about":[{"href":"https:\/\/www.ibizalowcost.com\/wp-json\/wp\/v2\/types\/page"}],"author":[{"embeddable":true,"href":"https:\/\/www.ibizalowcost.com\/wp-json\/wp\/v2\/users\/1"}],"replies":[{"embeddable":true,"href":"https:\/\/www.ibizalowcost.com\/wp-json\/wp\/v2\/comments?post=41273"}],"version-history":[{"count":3,"href":"https:\/\/www.ibizalowcost.com\/wp-json\/wp\/v2\/pages\/41273\/revisions"}],"predecessor-version":[{"id":41642,"href":"https:\/\/www.ibizalowcost.com\/wp-json\/wp\/v2\/pages\/41273\/revisions\/41642"}],"wp:attachment":[{"href":"https:\/\/www.ibizalowcost.com\/wp-json\/wp\/v2\/media?parent=41273"}],"curies":[{"name":"wp","href":"https:\/\/api.w.org\/{rel}","templated":true}]}}