{"id":41253,"date":"2022-10-11T11:16:33","date_gmt":"2022-10-11T09:16:33","guid":{"rendered":"https:\/\/www.ibizalowcost.com\/it\/?page_id=41253"},"modified":"2022-11-22T16:42:49","modified_gmt":"2022-11-22T15:42:49","slug":"spiagge_ibiza_san_antonio","status":"publish","type":"page","link":"https:\/\/www.ibizalowcost.com\/spiagge_ibiza_san_antonio","title":{"rendered":"Spiagge San Antonio"},"content":{"rendered":"<section class=\"l-section wpb_row height_small\"><div class=\"l-section-h i-cf\"><div class=\"g-cols vc_row via_grid cols_1 laptops-cols_inherit tablets-cols_inherit mobiles-cols_1 valign_top type_default stacking_default\"><div class=\"wpb_column vc_column_container\"><div class=\"vc_column-inner\"><div class=\"w-image align_center\"><div class=\"w-image-h\"><img decoding=\"async\" width=\"468\" height=\"83\" src=\"https:\/\/www.ibizalowcost.com\/wp-content\/uploads\/2022\/10\/t14_eng.png\" class=\"attachment-full size-full\" alt=\"\" loading=\"lazy\" srcset=\"https:\/\/www.ibizalowcost.com\/wp-content\/uploads\/2022\/10\/t14_eng.png 468w, https:\/\/www.ibizalowcost.com\/wp-content\/uploads\/2022\/10\/t14_eng-300x53.png 300w\" sizes=\"auto, (max-width: 468px) 100vw, 468px\" \/><\/div><\/div><div class=\"g-cols wpb_row via_grid cols_1 laptops-cols_inherit tablets-cols_inherit mobiles-cols_1 valign_top type_default stacking_default\" style=\"--gap:3rem;\"><div class=\"wpb_column vc_column_container\"><div class=\"vc_column-inner\"><div class=\"wpb_text_column\"><div class=\"wpb_wrapper\"><p style=\"text-align: right;\"><strong>\u00ab<\/strong> <a class=\"sott\" href=\"\/en\/ibiza_tourism_guide\"><strong>Ibiza Guide<\/strong><\/a><\/p>\n<\/div><\/div><\/div><\/div><\/div><\/div><\/div><\/div><\/div><\/section><section class=\"l-section wpb_row height_small\"><div class=\"l-section-h i-cf\"><div class=\"g-cols vc_row via_grid cols_1 laptops-cols_inherit tablets-cols_inherit mobiles-cols_1 valign_top type_default stacking_default\"><div class=\"wpb_column vc_column_container\"><div class=\"vc_column-inner\"><nav class=\"w-menu layout_hor style_links us_menu_1\" style=\"--main-gap:1.5rem;--main-ver-indent:0.8em;--main-hor-indent:0.8em;--main-color:inherit;\"><ul id=\"menu-menu-ibiza-days\" class=\"menu\"><li id=\"menu-item-41237\" class=\"menu-item menu-item-type-post_type menu-item-object-page menu-item-41237\"><a href=\"https:\/\/www.ibizalowcost.com\/spiagge_ibiza_town_eivissa\">Ibiza Town<\/a><\/li><li id=\"menu-item-41242\" class=\"menu-item menu-item-type-post_type menu-item-object-page menu-item-41242\"><a href=\"https:\/\/www.ibizalowcost.com\/spiagge_ibiza_santa_eulalia\">Santa Eulalia<\/a><\/li><li id=\"menu-item-41248\" class=\"menu-item menu-item-type-post_type menu-item-object-page menu-item-41248\"><a href=\"https:\/\/www.ibizalowcost.com\/ibiza_beaches_san_jose\">San Jose<\/a><\/li><li id=\"menu-item-41252\" class=\"menu-item menu-item-type-post_type menu-item-object-page menu-item-41252\"><a href=\"https:\/\/www.ibizalowcost.com\/spiagge_ibiza_san_juan\">San Juan<\/a><\/li><li id=\"menu-item-41256\" class=\"menu-item menu-item-type-post_type menu-item-object-page menu-item-41256\"><a href=\"https:\/\/www.ibizalowcost.com\/spiagge_ibiza_san_antonio\">San Antonio<\/a><\/li><\/ul><style>@media ( max-width:600px ){.us_menu_1 .menu{display:block!important}.us_menu_1 .menu>li{margin:0 0 var(--main-gap,1.5rem)!important}}<\/style><\/nav><\/div><\/div><\/div><\/div><\/section><section class=\"l-section wpb_row height_small\"><div class=\"l-section-h i-cf\"><div class=\"g-cols vc_row via_grid cols_1 laptops-cols_inherit tablets-cols_inherit mobiles-cols_1 valign_top type_default stacking_default\"><div class=\"wpb_column vc_column_container\"><div class=\"vc_column-inner\"><div class=\"wpb_text_column\"><div class=\"wpb_wrapper\"><h1><span class=\"cate\">City and beach of Ibiza<\/span><\/h1>\n<\/div><\/div><div class=\"wpb_text_column\"><div class=\"wpb_wrapper\"><h3><span class=\"cate\">San Antonio<\/span><\/h3>\n<\/div><\/div><\/div><\/div><\/div><\/div><\/section><section class=\"l-section wpb_row height_small\"><div class=\"l-section-h i-cf\"><div class=\"g-cols vc_row via_grid cols_1 laptops-cols_inherit tablets-cols_inherit mobiles-cols_1 valign_top type_default stacking_default\"><div class=\"wpb_column vc_column_container\"><div class=\"vc_column-inner\"><div class=\"wpb_text_column\"><div class=\"wpb_wrapper\"><p>San Antonio<br \/>\nSan Antonio vacations are fun and full of different things to do and see.<\/p>\n<p>Vacation apartments and villas in this town are the most popular choice among British tourists.<\/p>\n<p>The second-largest town on Ibiza, San Antonio was originally called Portus Magnus by the Romans; today in its own right it is called San Antoni de Portmany (in Catalan) and San Antonio Abad (in Spanolo). Although known for its sizzling nightlife, during the day there are many different activities such as scuba diving, boat rentals, stores, entertainment of various kinds, or you can just relax on the golden sands of the beach. Here are some of the finest restaurants in Ibiza, which serve many types of international cuisines with prices ranging from very low to quite high.<\/p>\n<p>San Antonio<img loading=\"lazy\" decoding=\"async\" class=\"size-medium wp-image-41254 alignleft\" src=\"https:\/\/www.ibizalowcost.com\/wp-content\/uploads\/2022\/10\/san_antonio-300x199.jpg\" alt=\"\" width=\"300\" height=\"199\" srcset=\"https:\/\/www.ibizalowcost.com\/wp-content\/uploads\/2022\/10\/san_antonio-300x199.jpg 300w, https:\/\/www.ibizalowcost.com\/wp-content\/uploads\/2022\/10\/san_antonio.jpg 335w\" sizes=\"auto, (max-width: 300px) 100vw, 300px\" \/><br \/>\nThe resort attracts mostly British tourists; in July and August it is populated by energetic crowds of young people hanging around the discos, while in May, June, September and October you will find many families enjoying San Antonio&#8217;s many resources in a more tranquil atmosphere. The town has an array of bars located mostly at the west end, an area in the center of the town that at night fills up with young people dancing and having a good time, the &#8220;sunset strip&#8221;-a selection of popular chill-out bars and restaurants where many people gather every night to watch the Ibiza sunset; the waterfront bars are also lively but attract a different and livelier clientele than those at the west end.<\/p>\n<p>In the summer you can see live bands; the &#8220;Eden&#8221; and &#8220;Es Paradis,&#8221; two discos on the island, are also located here.<\/p>\n<p>San Antonio offers a wide range of vacation accommodations from luxurious Ibiza villas located in the surrounding countryside to inexpensive apartments in the center on the harbor.<\/p>\n<p>On the opposite side of San Antonio is Port bes Torrent or &#8220;the bay,&#8221; as it is more commonly known. Plus pubs, restaurants, bars with live music, karaoke, bingo, comedians, and discos; amusements, games, stores, supermarkets, inexpensive vacation accommodations, and another beach, are located in this quirky spot on the island.<br \/>\nIncluded in the San Antonio area are:<\/p>\n<p>Santa Ines<br \/>\nLocated north of San Antonio, this small rural village is one of the finest in Ibiza. Santa Ines or Sant Agnes (in Catalan) has not been contaminated by tourism so it retains its original beauty. Only a small store and a handful of lively bars\/restaurants centered around a large church adorn the village center. The surrounding countryside is truly breathtaking-the area is completely covered with almond trees for miles around, and between winter and summer, when the trees bloom, people come from all over the island to see the incredible view. On full moon nights in February, the buds of the almond trees reflect the light of the moon, and when they fall, it looks like bright snow is falling, a truly magical experience.<br \/>\nDuring all months of the year you can see tourists and locals strolling around Santa Ines, there are many hidden passages in the cliff that seem impassable, but will lead you to breathtaking views and incredibly crystal clear water. Along the cliff&#8217;s edge there are some small beaches to discover and hundreds of different wild herbs and plants that grow naturally along the way. Ibiza villas in Santa Ines, can be rural and very quiet, often with spectacular views as well.<\/p>\n<p>Cala Gracio and Cala Gracionetta<br \/>\nThe name of these twin beaches translated into Italian would be, &#8220;Spiaggia graziosa e Piccola spoaggia graziosa,&#8221; a name that fits them like a glove. A kilometer away from San Antonio, Cala Gracio is a wide beach that holds a curious charm, in that it is not very wide, but it is really very long; there are two restaurants on the beach, and a very special store where you can also get Thai massage. By going around some rocks by a small path (or swimming around them, if you prefer), you will come to Cala gracioneta, a small beach with a beautiful view and a restaurant that serves excellent cuisine. The two bays are divided from each other by the cliff in such a way that the cliff frames them, thus creating a picture-postcard setting.<br \/>\nGathered in the southern part of Cala gracio, on an old smugglers&#8217; beach, is the Cap Blanc Aquarium, home to a wide variety of Mediterranean life forms.<\/p>\n<p>The beaches are safe for children, and in summer they are filled with tourists of all kinds, who swim and relax while devoting themselves to their tans.<\/p>\n<p>San Rafael<br \/>\nLocated halfway between Ibiza town and San Antonio in the heart of the island, this busy town is home to a number of stores, supermarkets, bakeries and Internet points. In the most remote corner of San Rafael is a large and beautiful church, on the top of the hill; it can be seen from far away, and from the terraces of the bars next door, you can see almost the whole island (fantastic when lit by night lights).<br \/>\nWhen you want to eat outdoors in San Rafael, you will be spoiled for choice among the many restaurants, which offer you a variety of options, from fine foods to distinctive ethnic dishes. For the evening, there are a variety of trendy and classy bars, and just outside the town, on the main street, are the famous &#8220;Amnesia&#8221; and &#8220;Privilege&#8221; nightclubs.<\/p>\n<p>In the San Rafael area there are a number of villas tucked away in the countryside; this location is perfect because it is well connected to all other areas of the island.<\/p>\n<\/div><\/div><\/div><\/div><\/div><\/div><\/section><section class=\"l-section wpb_row height_small\"><div class=\"l-section-h i-cf\"><div class=\"g-cols vc_row via_grid cols_2-1 laptops-cols_inherit tablets-cols_inherit mobiles-cols_1 valign_middle type_default stacking_default\"><div class=\"wpb_column vc_column_container\"><div class=\"vc_column-inner\"><div class=\"wpb_text_column\"><div class=\"wpb_wrapper\"><h3>Discover the other side of Ibiza<\/h3>\n<\/div><\/div><div class=\"wpb_text_column\"><div class=\"wpb_wrapper\"><p><strong>\u00bb<\/strong> <a class=\"sott\" href=\"\/pdf\/spiagge.pdf\"><strong>Download the complete guide on the beaches<\/strong><\/a><\/p>\n<p><strong>\u00bb<\/strong>&nbsp;<a class=\"sott\" href=\"\/en\/ibiza_beaches_town_eivissa\"><strong>City and beach in Ibiza<\/strong><\/a><\/p>\n<p><strong>\u00bb<\/strong>&nbsp;<a class=\"sott\" href=\"\/en\/ibiza_markets\"><strong>Market in Ibiza<\/strong><\/a><\/p>\n<p><strong>\u00bb<\/strong>&nbsp;<a class=\"sott\" href=\"\/en\/ibiza_sport\"><strong>Sport in Ibiza<\/strong><\/a><\/p>\n<\/div><\/div><\/div><\/div><div class=\"wpb_column vc_column_container\"><div class=\"vc_column-inner\"><div class=\"w-image align_center\"><div class=\"w-image-h\"><img decoding=\"async\" width=\"239\" height=\"180\" src=\"https:\/\/www.ibizalowcost.com\/wp-content\/uploads\/2022\/10\/ibiza_low-1.jpg\" class=\"attachment-full size-full\" alt=\"\" loading=\"lazy\" \/><\/div><\/div><\/div><\/div><\/div><\/div><\/section>\n","protected":false},"excerpt":{"rendered":"<p>\u00ab Ibiza Guide Ibiza TownSanta EulaliaSan JoseSan JuanSan AntonioCity and beach of Ibiza San Antonio San Antonio San Antonio vacations are fun and full of different things to do and see. Vacation apartments and villas in this town are the most popular choice among British tourists. The second-largest town on Ibiza, San Antonio was originally&#8230;<\/p>\n","protected":false},"author":1,"featured_media":0,"parent":0,"menu_order":0,"comment_status":"closed","ping_status":"closed","template":"","meta":{"footnotes":""},"class_list":["post-41253","page","type-page","status-publish","hentry"],"acf":[],"yoast_head":"<!-- This site is optimized with the Yoast SEO plugin v22.2 - https:\/\/yoast.com\/wordpress\/plugins\/seo\/ -->\n<title>Spiagge San Antonio<\/title>\n<meta name=\"description\" content=\"Ibiza Low Cost - Beaches and the city of Ibiza: Santa Ines, Cala Gracio e Cala Gracionetta, San Rafael. The most beautiful cities and marine locations in Ibiza\" \/>\n<meta name=\"robots\" content=\"index, follow, max-snippet:-1, max-image-preview:large, max-video-preview:-1\" \/>\n<link rel=\"canonical\" href=\"https:\/\/www.ibizalowcost.com\/spiagge_ibiza_san_antonio\" \/>\n<meta property=\"og:locale\" content=\"en_US\" \/>\n<meta property=\"og:type\" content=\"article\" \/>\n<meta property=\"og:title\" content=\"Spiagge San Antonio\" \/>\n<meta property=\"og:description\" content=\"Ibiza Low Cost - Beaches and the city of Ibiza: Santa Ines, Cala Gracio e Cala Gracionetta, San Rafael. The most beautiful cities and marine locations in Ibiza\" \/>\n<meta property=\"og:url\" content=\"https:\/\/www.ibizalowcost.com\/spiagge_ibiza_san_antonio\" \/>\n<meta property=\"og:site_name\" content=\"IBIZA LOW COST\" \/>\n<meta property=\"article:modified_time\" content=\"2022-11-22T15:42:49+00:00\" \/>\n<meta property=\"og:image\" content=\"https:\/\/www.ibizalowcost.com\/wp-content\/uploads\/2022\/10\/san_antonio-300x199.jpg\" \/>\n<meta name=\"twitter:card\" content=\"summary_large_image\" \/>\n<script type=\"application\/ld+json\" class=\"yoast-schema-graph\">{\"@context\":\"https:\/\/schema.org\",\"@graph\":[{\"@type\":\"WebPage\",\"@id\":\"https:\/\/www.ibizalowcost.com\/spiagge_ibiza_san_antonio\",\"url\":\"https:\/\/www.ibizalowcost.com\/spiagge_ibiza_san_antonio\",\"name\":\"IBIZA LOW COST - Guida Turismo Ibiza - Spiagge e citt\u00e0 di Ibiza: San Antonio\",\"isPartOf\":{\"@id\":\"https:\/\/www.ibizalowcost.com\/#website\"},\"primaryImageOfPage\":{\"@id\":\"https:\/\/www.ibizalowcost.com\/spiagge_ibiza_san_antonio#primaryimage\"},\"image\":{\"@id\":\"https:\/\/www.ibizalowcost.com\/spiagge_ibiza_san_antonio#primaryimage\"},\"thumbnailUrl\":\"https:\/\/www.ibizalowcost.com\/wp-content\/uploads\/2022\/10\/san_antonio-300x199.jpg\",\"datePublished\":\"2022-10-11T09:16:33+00:00\",\"dateModified\":\"2022-11-22T15:42:49+00:00\",\"description\":\"Ibiza Low Cost - Citt\u00e0 e spiagge di ibiza: Santa Ines, Cala Gracio e Cala Gracionetta, San Rafael. Le pi\u00f9 belle citt\u00e0 e localit\u00e0 marine di Ibiza\",\"breadcrumb\":{\"@id\":\"https:\/\/www.ibizalowcost.com\/spiagge_ibiza_san_antonio#breadcrumb\"},\"inLanguage\":\"en-US\",\"potentialAction\":[{\"@type\":\"ReadAction\",\"target\":[\"https:\/\/www.ibizalowcost.com\/spiagge_ibiza_san_antonio\"]}]},{\"@type\":\"ImageObject\",\"inLanguage\":\"en-US\",\"@id\":\"https:\/\/www.ibizalowcost.com\/spiagge_ibiza_san_antonio#primaryimage\",\"url\":\"https:\/\/www.ibizalowcost.com\/wp-content\/uploads\/2022\/10\/san_antonio-300x199.jpg\",\"contentUrl\":\"https:\/\/www.ibizalowcost.com\/wp-content\/uploads\/2022\/10\/san_antonio-300x199.jpg\"},{\"@type\":\"BreadcrumbList\",\"@id\":\"https:\/\/www.ibizalowcost.com\/spiagge_ibiza_san_antonio#breadcrumb\",\"itemListElement\":[{\"@type\":\"ListItem\",\"position\":1,\"name\":\"Home\",\"item\":\"https:\/\/www.ibizalowcost.com\/it\/\"},{\"@type\":\"ListItem\",\"position\":2,\"name\":\"Spiagge San Antonio\"}]},{\"@type\":\"WebSite\",\"@id\":\"https:\/\/www.ibizalowcost.com\/#website\",\"url\":\"https:\/\/www.ibizalowcost.com\/\",\"name\":\"IBIZA LOW COST\",\"description\":\"Ibiza Low Cost - The apartments ibiza to put at your disposal. Availability apartments in Ibiza\",\"potentialAction\":[{\"@type\":\"SearchAction\",\"target\":{\"@type\":\"EntryPoint\",\"urlTemplate\":\"https:\/\/www.ibizalowcost.com\/?s={search_term_string}\"},\"query-input\":\"required name=search_term_string\"}],\"inLanguage\":\"en-US\"}]}<\/script>\n<!-- \/ Yoast SEO plugin. -->","yoast_head_json":{"title":"Spiagge San Antonio","description":"Ibiza Low Cost - Beaches and the city of Ibiza: Santa Ines, Cala Gracio e Cala Gracionetta, San Rafael. The most beautiful cities and marine locations in Ibiza","robots":{"index":"index","follow":"follow","max-snippet":"max-snippet:-1","max-image-preview":"max-image-preview:large","max-video-preview":"max-video-preview:-1"},"canonical":"https:\/\/www.ibizalowcost.com\/spiagge_ibiza_san_antonio","og_locale":"en_US","og_type":"article","og_title":"Spiagge San Antonio","og_description":"Ibiza Low Cost - Beaches and the city of Ibiza: Santa Ines, Cala Gracio e Cala Gracionetta, San Rafael. The most beautiful cities and marine locations in Ibiza","og_url":"https:\/\/www.ibizalowcost.com\/spiagge_ibiza_san_antonio","og_site_name":"IBIZA LOW COST","article_modified_time":"2022-11-22T15:42:49+00:00","og_image":[{"url":"https:\/\/www.ibizalowcost.com\/wp-content\/uploads\/2022\/10\/san_antonio-300x199.jpg"}],"twitter_card":"summary_large_image","schema":{"@context":"https:\/\/schema.org","@graph":[{"@type":"WebPage","@id":"https:\/\/www.ibizalowcost.com\/spiagge_ibiza_san_antonio","url":"https:\/\/www.ibizalowcost.com\/spiagge_ibiza_san_antonio","name":"IBIZA LOW COST - Guida Turismo Ibiza - Spiagge e citt\u00e0 di Ibiza: San Antonio","isPartOf":{"@id":"https:\/\/www.ibizalowcost.com\/#website"},"primaryImageOfPage":{"@id":"https:\/\/www.ibizalowcost.com\/spiagge_ibiza_san_antonio#primaryimage"},"image":{"@id":"https:\/\/www.ibizalowcost.com\/spiagge_ibiza_san_antonio#primaryimage"},"thumbnailUrl":"https:\/\/www.ibizalowcost.com\/wp-content\/uploads\/2022\/10\/san_antonio-300x199.jpg","datePublished":"2022-10-11T09:16:33+00:00","dateModified":"2022-11-22T15:42:49+00:00","description":"Ibiza Low Cost - Citt\u00e0 e spiagge di ibiza: Santa Ines, Cala Gracio e Cala Gracionetta, San Rafael. Le pi\u00f9 belle citt\u00e0 e localit\u00e0 marine di Ibiza","breadcrumb":{"@id":"https:\/\/www.ibizalowcost.com\/spiagge_ibiza_san_antonio#breadcrumb"},"inLanguage":"en-US","potentialAction":[{"@type":"ReadAction","target":["https:\/\/www.ibizalowcost.com\/spiagge_ibiza_san_antonio"]}]},{"@type":"ImageObject","inLanguage":"en-US","@id":"https:\/\/www.ibizalowcost.com\/spiagge_ibiza_san_antonio#primaryimage","url":"https:\/\/www.ibizalowcost.com\/wp-content\/uploads\/2022\/10\/san_antonio-300x199.jpg","contentUrl":"https:\/\/www.ibizalowcost.com\/wp-content\/uploads\/2022\/10\/san_antonio-300x199.jpg"},{"@type":"BreadcrumbList","@id":"https:\/\/www.ibizalowcost.com\/spiagge_ibiza_san_antonio#breadcrumb","itemListElement":[{"@type":"ListItem","position":1,"name":"Home","item":"https:\/\/www.ibizalowcost.com\/it\/"},{"@type":"ListItem","position":2,"name":"Spiagge San Antonio"}]},{"@type":"WebSite","@id":"https:\/\/www.ibizalowcost.com\/#website","url":"https:\/\/www.ibizalowcost.com\/","name":"IBIZA LOW COST","description":"Ibiza Low Cost - The apartments ibiza to put at your disposal. Availability apartments in Ibiza","potentialAction":[{"@type":"SearchAction","target":{"@type":"EntryPoint","urlTemplate":"https:\/\/www.ibizalowcost.com\/?s={search_term_string}"},"query-input":"required name=search_term_string"}],"inLanguage":"en-US"}]}},"_links":{"self":[{"href":"https:\/\/www.ibizalowcost.com\/wp-json\/wp\/v2\/pages\/41253","targetHints":{"allow":["GET"]}}],"collection":[{"href":"https:\/\/www.ibizalowcost.com\/wp-json\/wp\/v2\/pages"}],"about":[{"href":"https:\/\/www.ibizalowcost.com\/wp-json\/wp\/v2\/types\/page"}],"author":[{"embeddable":true,"href":"https:\/\/www.ibizalowcost.com\/wp-json\/wp\/v2\/users\/1"}],"replies":[{"embeddable":true,"href":"https:\/\/www.ibizalowcost.com\/wp-json\/wp\/v2\/comments?post=41253"}],"version-history":[{"count":3,"href":"https:\/\/www.ibizalowcost.com\/wp-json\/wp\/v2\/pages\/41253\/revisions"}],"predecessor-version":[{"id":41659,"href":"https:\/\/www.ibizalowcost.com\/wp-json\/wp\/v2\/pages\/41253\/revisions\/41659"}],"wp:attachment":[{"href":"https:\/\/www.ibizalowcost.com\/wp-json\/wp\/v2\/media?parent=41253"}],"curies":[{"name":"wp","href":"https:\/\/api.w.org\/{rel}","templated":true}]}}