{"id":41250,"date":"2022-10-11T11:07:43","date_gmt":"2022-10-11T09:07:43","guid":{"rendered":"https:\/\/www.ibizalowcost.com\/it\/?page_id=41250"},"modified":"2022-11-22T16:43:41","modified_gmt":"2022-11-22T15:43:41","slug":"spiagge_ibiza_san_juan","status":"publish","type":"page","link":"https:\/\/www.ibizalowcost.com\/spiagge_ibiza_san_juan","title":{"rendered":"Spiagge San Juan"},"content":{"rendered":"<section class=\"l-section wpb_row height_small\"><div class=\"l-section-h i-cf\"><div class=\"g-cols vc_row via_grid cols_1 laptops-cols_inherit tablets-cols_inherit mobiles-cols_1 valign_top type_default stacking_default\"><div class=\"wpb_column vc_column_container\"><div class=\"vc_column-inner\"><div class=\"w-image align_center\"><div class=\"w-image-h\"><img decoding=\"async\" width=\"468\" height=\"83\" src=\"https:\/\/www.ibizalowcost.com\/wp-content\/uploads\/2022\/10\/t14_eng.png\" class=\"attachment-full size-full\" alt=\"\" loading=\"lazy\" srcset=\"https:\/\/www.ibizalowcost.com\/wp-content\/uploads\/2022\/10\/t14_eng.png 468w, https:\/\/www.ibizalowcost.com\/wp-content\/uploads\/2022\/10\/t14_eng-300x53.png 300w\" sizes=\"auto, (max-width: 468px) 100vw, 468px\" \/><\/div><\/div><div class=\"g-cols wpb_row via_grid cols_1 laptops-cols_inherit tablets-cols_inherit mobiles-cols_1 valign_top type_default stacking_default\" style=\"--gap:3rem;\"><div class=\"wpb_column vc_column_container\"><div class=\"vc_column-inner\"><div class=\"wpb_text_column\"><div class=\"wpb_wrapper\"><p style=\"text-align: right;\"><strong>\u00ab<\/strong>&nbsp;<a class=\"sott\" href=\"\/guida_turismo_ibiza&quot;\"><strong>L\u2019altra&nbsp;Ibiza<\/strong><\/a><\/p>\n<\/div><\/div><\/div><\/div><\/div><\/div><\/div><\/div><\/div><\/section><section class=\"l-section wpb_row height_small\"><div class=\"l-section-h i-cf\"><div class=\"g-cols vc_row via_grid cols_1 laptops-cols_inherit tablets-cols_inherit mobiles-cols_1 valign_top type_default stacking_default\"><div class=\"wpb_column vc_column_container\"><div class=\"vc_column-inner\"><nav class=\"w-menu layout_hor style_links us_menu_1\" style=\"--main-gap:1.5rem;--main-ver-indent:0.8em;--main-hor-indent:0.8em;--main-color:inherit;\"><ul id=\"menu-menu-ibiza-days\" class=\"menu\"><li id=\"menu-item-41237\" class=\"menu-item menu-item-type-post_type menu-item-object-page menu-item-41237\"><a href=\"https:\/\/www.ibizalowcost.com\/spiagge_ibiza_town_eivissa\">Ibiza Town<\/a><\/li><li id=\"menu-item-41242\" class=\"menu-item menu-item-type-post_type menu-item-object-page menu-item-41242\"><a href=\"https:\/\/www.ibizalowcost.com\/spiagge_ibiza_santa_eulalia\">Santa Eulalia<\/a><\/li><li id=\"menu-item-41248\" class=\"menu-item menu-item-type-post_type menu-item-object-page menu-item-41248\"><a href=\"https:\/\/www.ibizalowcost.com\/ibiza_beaches_san_jose\">San Jose<\/a><\/li><li id=\"menu-item-41252\" class=\"menu-item menu-item-type-post_type menu-item-object-page menu-item-41252\"><a href=\"https:\/\/www.ibizalowcost.com\/spiagge_ibiza_san_juan\">San Juan<\/a><\/li><li id=\"menu-item-41256\" class=\"menu-item menu-item-type-post_type menu-item-object-page menu-item-41256\"><a href=\"https:\/\/www.ibizalowcost.com\/spiagge_ibiza_san_antonio\">San Antonio<\/a><\/li><\/ul><style>@media ( max-width:600px ){.us_menu_1 .menu{display:block!important}.us_menu_1 .menu>li{margin:0 0 var(--main-gap,1.5rem)!important}}<\/style><\/nav><\/div><\/div><\/div><\/div><\/section><section class=\"l-section wpb_row height_small\"><div class=\"l-section-h i-cf\"><div class=\"g-cols vc_row via_grid cols_1 laptops-cols_inherit tablets-cols_inherit mobiles-cols_1 valign_top type_default stacking_default\"><div class=\"wpb_column vc_column_container\"><div class=\"vc_column-inner\"><div class=\"wpb_text_column\"><div class=\"wpb_wrapper\"><h1><span class=\"cate\">City and of Ibiza<\/span><\/h1>\n<\/div><\/div><div class=\"wpb_text_column\"><div class=\"wpb_wrapper\"><h3><span class=\"cate\">San Juan<\/span><\/h3>\n<\/div><\/div><\/div><\/div><\/div><\/div><\/section><section class=\"l-section wpb_row height_small\"><div class=\"l-section-h i-cf\"><div class=\"g-cols vc_row via_grid cols_1 laptops-cols_inherit tablets-cols_inherit mobiles-cols_1 valign_top type_default stacking_default\"><div class=\"wpb_column vc_column_container\"><div class=\"vc_column-inner\"><div class=\"wpb_text_column\"><div class=\"wpb_wrapper\"><p><strong>San Juan<br \/>\n<\/strong>Your vacation in San juan can spend wonderfully immersed in the beauty of the surrounding nature.<br \/>\nIts unique atmosphere makes the vacation villas and accommodations located here different from others on the island. Located in the northwest, San Juan is the largest region of Ibiza, but the least populated, so much of the area retains its original rural splendor. The charm of the village itself lies in its uniqueness: a few stores, bars, cafes and a majestic church dating from the 18th century, all perfectly adapted to the original architecture of the place. The geology of the area consists of several hills leading to valleys, and the north coast is mostly apicco on the sea, in addition to occasional beautiful bays. The Ibiza villas in the area take advantage of this fantastic geology, each of them has a beautiful view of the valley and the Mediterranean, and is located in a private and quiet place.<br \/>\nIncluded in the San Juan region are:<\/p>\n<p><strong>Portinatx<\/strong><br \/>\nA group of three beaches, all with beautiful sea with crystal clear color. The largest beach is &#8221; S&#8217;Arenal Gros,&#8221; a wide sandy beach in the center of Portinatx; a short walk will take you to &#8220;S&#8217;Arenal petit,&#8221; a smaller, picturesque private beach with restaurants carved out of the side of the rock; the third beach is &#8220;Playa Porto,&#8221; a small cove surrounded by pine trees.<br \/>\nPortinatx is a self-sufficient town, all beaches are safe due to shallow water, and the resort offers children&#8217;s entertainment, a play center with bowling and pool tables, bars with live music, pubs, good restaurants, supermarkets and small stores.<br \/>\nWe also recommend, for wonderful photos, the cliffs surrounding Portinatx.<br \/>\n<strong>Cala Xarraca<\/strong><br \/>\nA beautiful cove with incredibly crystal clear water, perfect for scuba diving (you can see the seabed at whatever depth you are swimming) located near Portinatx, Cala Xarraca is one of the most spectacular beaches in Ibiza, attracting photographers, tourists and anyone who loves the sun, with its interesting rocks in the water and on the edge of the bay. There is a natural mud bath to the left of Cala Xarraca, which has healing properties and helps rejuvenate the skin. The view of the sea and the perfect surrounding areas make the villas in Cala Xarraca a perfect choice for your vacation.<br \/>\n<strong>San Miguel<\/strong><br \/>\nA small town near the North Coast, San Miguel has been successful for creating prosperous and famous businesses without losing its class; such as a boutique that is also featured in &#8220;Vogue&#8221; magazine, and one of the best Italian restaurants in Ibiza. A large church towers over the town, and the streets offer cafes, bars, stores, and restaurants.. Follow the road for about five minutes and you will be led to &#8220;Puerto San Miguel&#8221; a large sandy beach, perfect for families and tourists who want a quiet vacation.<br \/>\nThe beach offers activities such as water sports and diving; also located here is a famous restaurant serving seafood, as well as many stores, cafes, bars and restaurants. Take a day to also visit San Miguel Cave on the north side of the bay. Vacation rentals and hotels are the main option near San Miguel harbor, although luxury villas and typical local Fincas can occasionally be found in the area.<br \/>\n<strong>Benirass<\/strong><br \/>\nA wide beach located to the west of the island, popular with hippies and island musicians who often play chil-out music as the sun sets, a truly magical moment to experience in ibiza.<br \/>\nThe beach has a few restaurants, bars, and stores selling souvenirs and clothes. If you rent a villa in Ibiza in Beniras, your vacation accommodation can be truly magical, especially when accompanied by the view of the sunset.<br \/>\n<strong>San Lorenzo<\/strong><br \/>\nLocated in the center of Ibiza halfway between Santa Eulalia and San Juan, this village is of ancient and original Arab composition. A large imposing church surrounded by watchtowers adorns the center of the village. San Lorenzo is a popular place for its famous restaurants, including a cheap but delicious Italian restaurant; a popular and elegant English restaurant\/bar, an excellent alternative to the bars in Ibiza town; a picnic and barbecue area, desired by the local government, where you can bring your own food and drink and whatever you want; this area is provided with<br \/>\nbarbecues, wood, tables and sheltered chairs.<\/p>\n<\/div><\/div><\/div><\/div><\/div><\/div><\/section><section class=\"l-section wpb_row height_small\"><div class=\"l-section-h i-cf\"><div class=\"g-cols vc_row via_grid cols_2-1 laptops-cols_inherit tablets-cols_inherit mobiles-cols_1 valign_middle type_default stacking_default\"><div class=\"wpb_column vc_column_container\"><div class=\"vc_column-inner\"><div class=\"wpb_text_column\"><div class=\"wpb_wrapper\"><h3>Discover the other side of Ibiza<\/h3>\n<\/div><\/div><div class=\"wpb_text_column\"><div class=\"wpb_wrapper\"><p><strong>\u00bb<\/strong> <a class=\"sott\" href=\"\/pdf\/spiagge.pdf\"><strong> Download the complete guide of the beaches<\/strong><\/a><\/p>\n<p><strong>\u00bb<\/strong>&nbsp;<a class=\"sott\" href=\"\/en\/ibiza_beaches_town_eivissa\"><strong>Cities and beaches of Ibiza<\/strong><\/a><\/p>\n<p><strong>\u00bb<\/strong>&nbsp;<a class=\"sott\" href=\"\/en\/ibiza_markets\"><strong>Markets in Ibiza<\/strong><\/a><\/p>\n<p><strong>\u00bb<\/strong>&nbsp;<a class=\"sott\" href=\"\/en\/ibiza_sport\"><strong>Sports Ibiza<\/strong><\/a><\/p>\n<\/div><\/div><\/div><\/div><div class=\"wpb_column vc_column_container\"><div class=\"vc_column-inner\"><div class=\"w-image align_center\"><div class=\"w-image-h\"><img decoding=\"async\" width=\"239\" height=\"180\" src=\"https:\/\/www.ibizalowcost.com\/wp-content\/uploads\/2022\/10\/ibiza_low-1.jpg\" class=\"attachment-full size-full\" alt=\"\" loading=\"lazy\" \/><\/div><\/div><\/div><\/div><\/div><\/div><\/section>\n","protected":false},"excerpt":{"rendered":"<p>\u00ab&nbsp;L\u2019altra&nbsp;Ibiza Ibiza TownSanta EulaliaSan JoseSan JuanSan AntonioCity and of Ibiza San Juan San Juan Your vacation in San juan can spend wonderfully immersed in the beauty of the surrounding nature. Its unique atmosphere makes the vacation villas and accommodations located here different from others on the island. Located in the northwest, San Juan is the&#8230;<\/p>\n","protected":false},"author":1,"featured_media":0,"parent":0,"menu_order":0,"comment_status":"closed","ping_status":"closed","template":"","meta":{"footnotes":""},"class_list":["post-41250","page","type-page","status-publish","hentry"],"acf":[],"yoast_head":"<!-- This site is optimized with the Yoast SEO plugin v22.2 - https:\/\/yoast.com\/wordpress\/plugins\/seo\/ -->\n<title>Spiagge San Juan<\/title>\n<meta name=\"description\" content=\"Ibiza Low Cost - Beaches and the city of Ibiza: Portinax, cala Xarraca, San Miguel, Benirass, san Lorenzo. The most beautiful cities and marine locations in Ibiza\" \/>\n<meta name=\"robots\" content=\"index, follow, max-snippet:-1, max-image-preview:large, max-video-preview:-1\" \/>\n<link rel=\"canonical\" href=\"https:\/\/www.ibizalowcost.com\/spiagge_ibiza_san_juan\" \/>\n<meta property=\"og:locale\" content=\"en_US\" \/>\n<meta property=\"og:type\" content=\"article\" \/>\n<meta property=\"og:title\" content=\"Spiagge San Juan\" \/>\n<meta property=\"og:description\" content=\"Ibiza Low Cost - Beaches and the city of Ibiza: Portinax, cala Xarraca, San Miguel, Benirass, san Lorenzo. The most beautiful cities and marine locations in Ibiza\" \/>\n<meta property=\"og:url\" content=\"https:\/\/www.ibizalowcost.com\/spiagge_ibiza_san_juan\" \/>\n<meta property=\"og:site_name\" content=\"IBIZA LOW COST\" \/>\n<meta property=\"article:modified_time\" content=\"2022-11-22T15:43:41+00:00\" \/>\n<meta name=\"twitter:card\" content=\"summary_large_image\" \/>\n<script type=\"application\/ld+json\" class=\"yoast-schema-graph\">{\"@context\":\"https:\/\/schema.org\",\"@graph\":[{\"@type\":\"WebPage\",\"@id\":\"https:\/\/www.ibizalowcost.com\/spiagge_ibiza_san_juan\",\"url\":\"https:\/\/www.ibizalowcost.com\/spiagge_ibiza_san_juan\",\"name\":\"IBIZA LOW COST - Guida Turismo Ibiza - Spiagge e citt\u00e0 di Ibiza: San Juan\",\"isPartOf\":{\"@id\":\"https:\/\/www.ibizalowcost.com\/#website\"},\"datePublished\":\"2022-10-11T09:07:43+00:00\",\"dateModified\":\"2022-11-22T15:43:41+00:00\",\"description\":\"Ibiza Low Cost - Citt\u00e0 e spiagge di ibiza: Portinax, cala Xarraca, San Miguel, Benirass, san Lorenzo. Le pi\u00f9 belle citt\u00e0 e localit\u00e0 marine di Ibiza\",\"breadcrumb\":{\"@id\":\"https:\/\/www.ibizalowcost.com\/spiagge_ibiza_san_juan#breadcrumb\"},\"inLanguage\":\"en-US\",\"potentialAction\":[{\"@type\":\"ReadAction\",\"target\":[\"https:\/\/www.ibizalowcost.com\/spiagge_ibiza_san_juan\"]}]},{\"@type\":\"BreadcrumbList\",\"@id\":\"https:\/\/www.ibizalowcost.com\/spiagge_ibiza_san_juan#breadcrumb\",\"itemListElement\":[{\"@type\":\"ListItem\",\"position\":1,\"name\":\"Home\",\"item\":\"https:\/\/www.ibizalowcost.com\/it\/\"},{\"@type\":\"ListItem\",\"position\":2,\"name\":\"Spiagge San Juan\"}]},{\"@type\":\"WebSite\",\"@id\":\"https:\/\/www.ibizalowcost.com\/#website\",\"url\":\"https:\/\/www.ibizalowcost.com\/\",\"name\":\"IBIZA LOW COST\",\"description\":\"Ibiza Low Cost - The apartments ibiza to put at your disposal. Availability apartments in Ibiza\",\"potentialAction\":[{\"@type\":\"SearchAction\",\"target\":{\"@type\":\"EntryPoint\",\"urlTemplate\":\"https:\/\/www.ibizalowcost.com\/?s={search_term_string}\"},\"query-input\":\"required name=search_term_string\"}],\"inLanguage\":\"en-US\"}]}<\/script>\n<!-- \/ Yoast SEO plugin. -->","yoast_head_json":{"title":"Spiagge San Juan","description":"Ibiza Low Cost - Beaches and the city of Ibiza: Portinax, cala Xarraca, San Miguel, Benirass, san Lorenzo. The most beautiful cities and marine locations in Ibiza","robots":{"index":"index","follow":"follow","max-snippet":"max-snippet:-1","max-image-preview":"max-image-preview:large","max-video-preview":"max-video-preview:-1"},"canonical":"https:\/\/www.ibizalowcost.com\/spiagge_ibiza_san_juan","og_locale":"en_US","og_type":"article","og_title":"Spiagge San Juan","og_description":"Ibiza Low Cost - Beaches and the city of Ibiza: Portinax, cala Xarraca, San Miguel, Benirass, san Lorenzo. The most beautiful cities and marine locations in Ibiza","og_url":"https:\/\/www.ibizalowcost.com\/spiagge_ibiza_san_juan","og_site_name":"IBIZA LOW COST","article_modified_time":"2022-11-22T15:43:41+00:00","twitter_card":"summary_large_image","schema":{"@context":"https:\/\/schema.org","@graph":[{"@type":"WebPage","@id":"https:\/\/www.ibizalowcost.com\/spiagge_ibiza_san_juan","url":"https:\/\/www.ibizalowcost.com\/spiagge_ibiza_san_juan","name":"IBIZA LOW COST - Guida Turismo Ibiza - Spiagge e citt\u00e0 di Ibiza: San Juan","isPartOf":{"@id":"https:\/\/www.ibizalowcost.com\/#website"},"datePublished":"2022-10-11T09:07:43+00:00","dateModified":"2022-11-22T15:43:41+00:00","description":"Ibiza Low Cost - Citt\u00e0 e spiagge di ibiza: Portinax, cala Xarraca, San Miguel, Benirass, san Lorenzo. Le pi\u00f9 belle citt\u00e0 e localit\u00e0 marine di Ibiza","breadcrumb":{"@id":"https:\/\/www.ibizalowcost.com\/spiagge_ibiza_san_juan#breadcrumb"},"inLanguage":"en-US","potentialAction":[{"@type":"ReadAction","target":["https:\/\/www.ibizalowcost.com\/spiagge_ibiza_san_juan"]}]},{"@type":"BreadcrumbList","@id":"https:\/\/www.ibizalowcost.com\/spiagge_ibiza_san_juan#breadcrumb","itemListElement":[{"@type":"ListItem","position":1,"name":"Home","item":"https:\/\/www.ibizalowcost.com\/it\/"},{"@type":"ListItem","position":2,"name":"Spiagge San Juan"}]},{"@type":"WebSite","@id":"https:\/\/www.ibizalowcost.com\/#website","url":"https:\/\/www.ibizalowcost.com\/","name":"IBIZA LOW COST","description":"Ibiza Low Cost - The apartments ibiza to put at your disposal. Availability apartments in Ibiza","potentialAction":[{"@type":"SearchAction","target":{"@type":"EntryPoint","urlTemplate":"https:\/\/www.ibizalowcost.com\/?s={search_term_string}"},"query-input":"required name=search_term_string"}],"inLanguage":"en-US"}]}},"_links":{"self":[{"href":"https:\/\/www.ibizalowcost.com\/wp-json\/wp\/v2\/pages\/41250","targetHints":{"allow":["GET"]}}],"collection":[{"href":"https:\/\/www.ibizalowcost.com\/wp-json\/wp\/v2\/pages"}],"about":[{"href":"https:\/\/www.ibizalowcost.com\/wp-json\/wp\/v2\/types\/page"}],"author":[{"embeddable":true,"href":"https:\/\/www.ibizalowcost.com\/wp-json\/wp\/v2\/users\/1"}],"replies":[{"embeddable":true,"href":"https:\/\/www.ibizalowcost.com\/wp-json\/wp\/v2\/comments?post=41250"}],"version-history":[{"count":3,"href":"https:\/\/www.ibizalowcost.com\/wp-json\/wp\/v2\/pages\/41250\/revisions"}],"predecessor-version":[{"id":41660,"href":"https:\/\/www.ibizalowcost.com\/wp-json\/wp\/v2\/pages\/41250\/revisions\/41660"}],"wp:attachment":[{"href":"https:\/\/www.ibizalowcost.com\/wp-json\/wp\/v2\/media?parent=41250"}],"curies":[{"name":"wp","href":"https:\/\/api.w.org\/{rel}","templated":true}]}}