{"id":41244,"date":"2022-10-11T10:55:16","date_gmt":"2022-10-11T08:55:16","guid":{"rendered":"https:\/\/www.ibizalowcost.com\/it\/?page_id=41244"},"modified":"2022-11-22T16:45:45","modified_gmt":"2022-11-22T15:45:45","slug":"ibiza_beaches_san_jose","status":"publish","type":"page","link":"https:\/\/www.ibizalowcost.com\/ibiza_beaches_san_jose","title":{"rendered":"Spiaggie San Jose"},"content":{"rendered":"<section class=\"l-section wpb_row height_small\"><div class=\"l-section-h i-cf\"><div class=\"g-cols vc_row via_grid cols_1 laptops-cols_inherit tablets-cols_inherit mobiles-cols_1 valign_top type_default stacking_default\"><div class=\"wpb_column vc_column_container\"><div class=\"vc_column-inner\"><div class=\"w-image align_center\"><div class=\"w-image-h\"><img decoding=\"async\" width=\"468\" height=\"83\" src=\"https:\/\/www.ibizalowcost.com\/wp-content\/uploads\/2022\/10\/t14-1.png\" class=\"attachment-full size-full\" alt=\"\" loading=\"lazy\" srcset=\"https:\/\/www.ibizalowcost.com\/wp-content\/uploads\/2022\/10\/t14-1.png 468w, https:\/\/www.ibizalowcost.com\/wp-content\/uploads\/2022\/10\/t14-1-300x53.png 300w\" sizes=\"auto, (max-width: 468px) 100vw, 468px\" \/><\/div><\/div><div class=\"g-cols wpb_row via_grid cols_1 laptops-cols_inherit tablets-cols_inherit mobiles-cols_1 valign_top type_default stacking_default\" style=\"--gap:3rem;\"><div class=\"wpb_column vc_column_container\"><div class=\"vc_column-inner\"><div class=\"wpb_text_column\"><div class=\"wpb_wrapper\"><p style=\"text-align: right;\"><strong>\u00ab<\/strong>&nbsp;<a class=\"sott\" href=\"\/guida_turismo_ibiza&quot;\"><strong>L\u2019altra&nbsp;Ibiza<\/strong><\/a><\/p>\n<\/div><\/div><\/div><\/div><\/div><\/div><\/div><\/div><\/div><\/section><section class=\"l-section wpb_row height_small\"><div class=\"l-section-h i-cf\"><div class=\"g-cols vc_row via_grid cols_1 laptops-cols_inherit tablets-cols_inherit mobiles-cols_1 valign_top type_default stacking_default\"><div class=\"wpb_column vc_column_container\"><div class=\"vc_column-inner\"><nav class=\"w-menu layout_hor style_links us_menu_1\" style=\"--main-gap:1.5rem;--main-ver-indent:0.8em;--main-hor-indent:0.8em;--main-color:inherit;\"><ul id=\"menu-menu-ibiza-days\" class=\"menu\"><li id=\"menu-item-41237\" class=\"menu-item menu-item-type-post_type menu-item-object-page menu-item-41237\"><a href=\"https:\/\/www.ibizalowcost.com\/spiagge_ibiza_town_eivissa\">Ibiza Town<\/a><\/li><li id=\"menu-item-41242\" class=\"menu-item menu-item-type-post_type menu-item-object-page menu-item-41242\"><a href=\"https:\/\/www.ibizalowcost.com\/spiagge_ibiza_santa_eulalia\">Santa Eulalia<\/a><\/li><li id=\"menu-item-41248\" class=\"menu-item menu-item-type-post_type menu-item-object-page menu-item-41248\"><a href=\"https:\/\/www.ibizalowcost.com\/ibiza_beaches_san_jose\">San Jose<\/a><\/li><li id=\"menu-item-41252\" class=\"menu-item menu-item-type-post_type menu-item-object-page menu-item-41252\"><a href=\"https:\/\/www.ibizalowcost.com\/spiagge_ibiza_san_juan\">San Juan<\/a><\/li><li id=\"menu-item-41256\" class=\"menu-item menu-item-type-post_type menu-item-object-page menu-item-41256\"><a href=\"https:\/\/www.ibizalowcost.com\/spiagge_ibiza_san_antonio\">San Antonio<\/a><\/li><\/ul><style>@media ( max-width:600px ){.us_menu_1 .menu{display:block!important}.us_menu_1 .menu>li{margin:0 0 var(--main-gap,1.5rem)!important}}<\/style><\/nav><\/div><\/div><\/div><\/div><\/section><section class=\"l-section wpb_row height_small\"><div class=\"l-section-h i-cf\"><div class=\"g-cols vc_row via_grid cols_1 laptops-cols_inherit tablets-cols_inherit mobiles-cols_1 valign_top type_default stacking_default\"><div class=\"wpb_column vc_column_container\"><div class=\"vc_column-inner\"><div class=\"wpb_text_column\"><div class=\"wpb_wrapper\"><h1><span class=\"cate\">City and beach of Ibiza<\/span><\/h1>\n<\/div><\/div><div class=\"wpb_text_column\"><div class=\"wpb_wrapper\"><h3><span class=\"cate\">Saint Jose<\/span><\/h3>\n<\/div><\/div><\/div><\/div><\/div><\/div><\/section><section class=\"l-section wpb_row height_small\"><div class=\"l-section-h i-cf\"><div class=\"g-cols vc_row via_grid cols_1 laptops-cols_inherit tablets-cols_inherit mobiles-cols_1 valign_top type_default stacking_default\"><div class=\"wpb_column vc_column_container\"><div class=\"vc_column-inner\"><div class=\"wpb_text_column\"><div class=\"wpb_wrapper\"><table border=\"0\" width=\"95%\" cellspacing=\"0\" cellpadding=\"10\" align=\"center\">\n<tbody>\n<tr>\n<td class=\"g11s\">\n<div align=\"justify\">\n<p><span class=\"cate\">Saint Jose<\/span><\/p>\n<table border=\"0\" width=\"335\" cellspacing=\"0\" cellpadding=\"5\" align=\"right\">\n<tbody>\n<tr>\n<td><img loading=\"lazy\" decoding=\"async\" src=\"https:\/\/www.ibizalowcost.com\/img\/san_jose.jpg\" alt=\"Santa Jose\" width=\"335\" height=\"222\" \/><\/td>\n<\/tr>\n<\/tbody>\n<\/table>\n<p>The vacations to St. Jos\u00e8 spend to the insignia of a particularly relaxing calm with some between the beaches and the most beautiful landscapes of the island. The tourists that rent one of the luxurious villas to St. Jos\u00e8 feel indeed him as if they were in a heaven.<br \/>\nPlaced to west south, the village of St. Jos\u00e8 sits on the side of the tallest mountain of the island, Sa Talaia (475m), and it is a refined place with cafe, some famous restaurants that serve tapas and pizzas, shops, typical roads and a church-fortitude that it goes up again to the 15\u00b0 century.<br \/>\nThe diversion to St. Jos\u00e8 is offered in very refined way, here they play often musicians jazz and blues or he can be taken advantage of the cinema to the open one that, in summer, it projects film as \u201cLaurel and hardy\u201d; all of this to alone 5 minutes from some of the most picturesque beaches that Ibiza has to offer.<br \/>\nThe good connection with Ibiza city and San Antonio, make the villas vacations and the setups in this area a good choice, situated to half road among the two places and far less than 10 minutes of car from both.<br \/>\nThey belong to the zone of St. Jos\u00e8:<\/p>\n<\/div>\n<\/td>\n<\/tr>\n<\/tbody>\n<\/table>\n<table border=\"0\" width=\"95%\" cellspacing=\"0\" cellpadding=\"5\" align=\"center\">\n<tbody>\n<tr>\n<td class=\"sottocate\" width=\"500\"><strong>St. Agustin<\/strong><\/td>\n<td>\n<hr class=\"lineagrey\" \/>\n<\/td>\n<\/tr>\n<\/tbody>\n<\/table>\n<table border=\"0\" width=\"95%\" cellspacing=\"0\" cellpadding=\"10\" align=\"center\">\n<tbody>\n<tr>\n<td class=\"g11s\">\n<div align=\"justify\">A small village composed from few hidden villas of country, punctuated around the church, a cafe and a small supermarket.<br \/>\nThe sight from the of out in the countries of St. Augustin it composes a perfect picture, the valleys and the hills they have covered of almond tree and other trees, the solos sounds that feel him are the songs of the crickets.<\/div>\n<\/td>\n<\/tr>\n<\/tbody>\n<\/table>\n<table border=\"0\" width=\"95%\" cellspacing=\"0\" cellpadding=\"5\" align=\"center\">\n<tbody>\n<tr>\n<td class=\"sottocate\" width=\"500\"><strong>Cala Conta<\/strong><\/td>\n<td>\n<hr class=\"lineagrey\" \/>\n<\/td>\n<\/tr>\n<\/tbody>\n<\/table>\n<table border=\"0\" width=\"95%\" cellspacing=\"0\" cellpadding=\"10\" align=\"center\">\n<tbody>\n<tr>\n<td class=\"g11s\">\n<div align=\"justify\">This beach is wet from the cleanest waters of the Mediterranean, three lines of intense sand, edged by a rocky wall that leans out on three islets that make this place the preferred one is from the tourists that from the local inhabitants.<br \/>\nPlaced in the more point to south of Ibiza, this beach is the perfect place to assist to an idyllic sunset, even sipping champagne in one of the refined bar\/ristorantis. Her villas in this zone have in fact a spectacular sight.<\/div>\n<\/td>\n<\/tr>\n<\/tbody>\n<\/table>\n<table border=\"0\" width=\"95%\" cellspacing=\"0\" cellpadding=\"5\" align=\"center\">\n<tbody>\n<tr>\n<td class=\"sottocate\" width=\"500\"><strong>Cala of Hort<\/strong><\/td>\n<td>\n<hr class=\"lineagrey\" \/>\n<\/td>\n<\/tr>\n<\/tbody>\n<\/table>\n<table border=\"0\" width=\"95%\" cellspacing=\"0\" cellpadding=\"10\" align=\"center\">\n<tbody>\n<tr>\n<td class=\"g11s\">\n<div align=\"justify\">Small but popular among the tourists, on this beach they are present some bar\/ristorantis and shops of souvenir. The beach has a splendid sight of the mysterious island of Es Vedr\u00e0, to few footsteps from the shore.<\/div>\n<\/td>\n<\/tr>\n<\/tbody>\n<\/table>\n<table border=\"0\" width=\"95%\" cellspacing=\"0\" cellpadding=\"5\" align=\"center\">\n<tbody>\n<tr>\n<td class=\"sottocate\" width=\"500\"><strong>Es Vedra<\/strong><\/td>\n<td>\n<hr class=\"lineagrey\" \/>\n<\/td>\n<\/tr>\n<\/tbody>\n<\/table>\n<table border=\"0\" width=\"95%\" cellspacing=\"0\" cellpadding=\"10\" align=\"center\">\n<tbody>\n<tr>\n<td class=\"g11s\">\n<div align=\"justify\">\n<table border=\"0\" width=\"200\" cellspacing=\"0\" cellpadding=\"5\" align=\"left\">\n<tbody>\n<tr>\n<td><img loading=\"lazy\" decoding=\"async\" src=\"https:\/\/www.ibizalowcost.com\/img\/es_vedra.jpg\" alt=\"Es Vedra\" width=\"240\" height=\"159\" \/><\/td>\n<\/tr>\n<\/tbody>\n<\/table>\n<p>Source of many myths and legends, is a place of sightings of ufo. Believed by some to the sacred island of Tanit, others see it as the island of EPI Homeric sirens. It also seems to be the third point of the magnetic ground (in this zone compasses do not work). A prominent 378m high rocky island, populated only by wild goats and a colony of endangered species of Falconi of Eleanor, who often are seen flying over Es Vedra. This \u201crock\u201d also appears in the film \u201cSouth Pacific\u201d as the mysterious island of \u201cBali Hai\u201d.<br \/>\nThe villas that overlook Es Vedra are in a wonderful position, sought by the \u201cveterans\u201d of Ibiza, tourists, as well as by celebrities.<\/p>\n<\/div>\n<\/td>\n<\/tr>\n<\/tbody>\n<\/table>\n<table border=\"0\" width=\"95%\" cellspacing=\"0\" cellpadding=\"5\" align=\"center\">\n<tbody>\n<tr>\n<td class=\"sottocate\" width=\"500\"><strong>Cala Carbo<\/strong><\/td>\n<td>\n<hr class=\"lineagrey\" \/>\n<\/td>\n<\/tr>\n<\/tbody>\n<\/table>\n<table border=\"0\" width=\"95%\" cellspacing=\"0\" cellpadding=\"10\" align=\"center\">\n<tbody>\n<tr>\n<td class=\"g11s\">\n<div align=\"justify\">A small sandy cove from the forest and from the hills. The beach is silent and calm indeed, the favorite for more from who practises immersions, and with two bar\/ristorantis. But above every other thing this is an ideal place to catch the sun and to relax during the long summer days of your vacations.<\/div>\n<\/td>\n<\/tr>\n<\/tbody>\n<\/table>\n<table border=\"0\" width=\"95%\" cellspacing=\"0\" cellpadding=\"5\" align=\"center\">\n<tbody>\n<tr>\n<td class=\"sottocate\" width=\"500\"><strong>Es Cubells<\/strong><\/td>\n<td>\n<hr class=\"lineagrey\" \/>\n<\/td>\n<\/tr>\n<\/tbody>\n<\/table>\n<table border=\"0\" width=\"95%\" cellspacing=\"0\" cellpadding=\"10\" align=\"center\">\n<tbody>\n<tr>\n<td class=\"g11s\">\n<div align=\"justify\">\n<table border=\"0\" width=\"200\" cellspacing=\"0\" cellpadding=\"5\" align=\"left\">\n<tbody>\n<tr>\n<td><img loading=\"lazy\" decoding=\"async\" src=\"https:\/\/www.ibizalowcost.com\/img\/es_cubells.jpg\" alt=\"Es Cubells\" width=\"240\" height=\"159\" \/><\/td>\n<\/tr>\n<\/tbody>\n<\/table>\n<p>This beautiful and picturesque village, surrounded by fields of citrus fruit, it will conduct you to three small beaches. Es Cubells is positioned in such way that almost all the villas and the setups that it entertains have a splendid sight of the Mediterranean and it have, besides, the exclusiveness and the safety of a reserved urbanization as some restaurants and small shops. The road to peak on the bluff will conduct you to some beaches is sandy that with pebbles of the outskirtses and to other good restaurants. Founded by a monk carmelitan father Palau The Quer, that the Vatican convinced to finance the construction of a chapel in 1855, the village it is worth only also a visit for fantastic panoramic sight.<\/p>\n<\/div>\n<\/td>\n<\/tr>\n<\/tbody>\n<\/table>\n<table border=\"0\" width=\"95%\" cellspacing=\"0\" cellpadding=\"5\" align=\"center\">\n<tbody>\n<tr>\n<td class=\"sottocate\" width=\"500\"><strong>Cala Tarida<\/strong><\/td>\n<td>\n<hr class=\"lineagrey\" \/>\n<\/td>\n<\/tr>\n<\/tbody>\n<\/table>\n<table border=\"0\" width=\"95%\" cellspacing=\"0\" cellpadding=\"10\" align=\"center\">\n<tbody>\n<tr>\n<td class=\"g11s\">\n<div align=\"justify\">A long ample beach of end white sand and cleaned clear water, edged from hills urbanized with luxurious villas. Cala Tarida it is favorite from those people that look for a perfect house vacations. The place is family and friendly and entertains cafe, restaurants and evening diversions without absolutely giving you that feeling of marketing of the other tourist places.<br \/>\nIt walks along the beautiful bluffs that surround you, making to abduct you from one of the most beautiful sights of Ibiza, or you make immersions along the marvelous coast studded by colored fishes of different kinds.<\/div>\n<\/td>\n<\/tr>\n<\/tbody>\n<\/table>\n<\/div><\/div><\/div><\/div><\/div><\/div><\/section><section class=\"l-section wpb_row height_small\"><div class=\"l-section-h i-cf\"><div class=\"g-cols vc_row via_grid cols_2-1 laptops-cols_inherit tablets-cols_inherit mobiles-cols_1 valign_middle type_default stacking_default\"><div class=\"wpb_column vc_column_container\"><div class=\"vc_column-inner\"><div class=\"wpb_text_column\"><div class=\"wpb_wrapper\"><h3>Discover the other side of Ibiza<\/h3>\n<\/div><\/div><div class=\"wpb_text_column\"><div class=\"wpb_wrapper\"><p><strong>\u00bb<\/strong> <a class=\"sott\" href=\"\/pdf\/spiagge.pdf\"><strong>Download the complete guide of the beaches<\/strong><\/a><\/p>\n<p><strong>\u00bb<\/strong> <a class=\"sott\" href=\"\/en\/ibiza_beaches_town_eivissa\"><strong>Cities and beaches of Ibiza<\/strong><\/a><\/p>\n<p><strong>\u00bb<\/strong> <strong><a class=\"sott\" href=\"\/en\/ibiza_markets\">Markets in Ibiza<\/a><\/strong><\/p>\n<p><strong>\u00bb<\/strong>&nbsp;<a class=\"sott\" href=\"\/en\/ibiza_sport\"><strong>Sport ad Ibiza<\/strong><\/a><\/p>\n<\/div><\/div><\/div><\/div><div class=\"wpb_column vc_column_container\"><div class=\"vc_column-inner\"><div class=\"w-image align_center\"><div class=\"w-image-h\"><img decoding=\"async\" width=\"239\" height=\"180\" src=\"https:\/\/www.ibizalowcost.com\/wp-content\/uploads\/2022\/10\/ibiza_low-1.jpg\" class=\"attachment-full size-full\" alt=\"\" loading=\"lazy\" \/><\/div><\/div><\/div><\/div><\/div><\/div><\/section>\n","protected":false},"excerpt":{"rendered":"<p>\u00ab&nbsp;L\u2019altra&nbsp;Ibiza Ibiza TownSanta EulaliaSan JoseSan JuanSan AntonioCity and beach of Ibiza Saint Jose Saint Jose The vacations to St. Jos\u00e8 spend to the insignia of a particularly relaxing calm with some between the beaches and the most beautiful landscapes of the island. The tourists that rent one of the luxurious villas to St. Jos\u00e8 feel&#8230;<\/p>\n","protected":false},"author":1,"featured_media":0,"parent":0,"menu_order":0,"comment_status":"closed","ping_status":"closed","template":"","meta":{"footnotes":""},"class_list":["post-41244","page","type-page","status-publish","hentry"],"acf":[],"yoast_head":"<!-- This site is optimized with the Yoast SEO plugin v22.2 - https:\/\/yoast.com\/wordpress\/plugins\/seo\/ -->\n<title>Spiaggie San Jose<\/title>\n<meta name=\"description\" content=\"Ibiza Low Cost - Beaches and the city of Ibiza: San Agustin, Cala Conta, Cala D&#039;Hort, Es Vedra, Cala Carbo, Es Cubells, Cala Tarida. The most beautiful cities and marine locations in Ibiza\" \/>\n<meta name=\"robots\" content=\"index, follow, max-snippet:-1, max-image-preview:large, max-video-preview:-1\" \/>\n<link rel=\"canonical\" href=\"https:\/\/www.ibizalowcost.com\/ibiza_beaches_san_jose\" \/>\n<meta property=\"og:locale\" content=\"en_US\" \/>\n<meta property=\"og:type\" content=\"article\" \/>\n<meta property=\"og:title\" content=\"Spiaggie San Jose\" \/>\n<meta property=\"og:description\" content=\"Ibiza Low Cost - Beaches and the city of Ibiza: San Agustin, Cala Conta, Cala D&#039;Hort, Es Vedra, Cala Carbo, Es Cubells, Cala Tarida. The most beautiful cities and marine locations in Ibiza\" \/>\n<meta property=\"og:url\" content=\"https:\/\/www.ibizalowcost.com\/ibiza_beaches_san_jose\" \/>\n<meta property=\"og:site_name\" content=\"IBIZA LOW COST\" \/>\n<meta property=\"article:modified_time\" content=\"2022-11-22T15:45:45+00:00\" \/>\n<meta property=\"og:image\" content=\"https:\/\/www.ibizalowcost.com\/img\/san_jose.jpg\" \/>\n<meta name=\"twitter:card\" content=\"summary_large_image\" \/>\n<script type=\"application\/ld+json\" class=\"yoast-schema-graph\">{\"@context\":\"https:\/\/schema.org\",\"@graph\":[{\"@type\":\"WebPage\",\"@id\":\"https:\/\/www.ibizalowcost.com\/ibiza_beaches_san_jose\",\"url\":\"https:\/\/www.ibizalowcost.com\/ibiza_beaches_san_jose\",\"name\":\"IBIZA LOW COST - Guida Turismo Ibiza - Spiagge e citt\u00e0 di Ibiza: San Jose\",\"isPartOf\":{\"@id\":\"https:\/\/www.ibizalowcost.com\/#website\"},\"primaryImageOfPage\":{\"@id\":\"https:\/\/www.ibizalowcost.com\/ibiza_beaches_san_jose#primaryimage\"},\"image\":{\"@id\":\"https:\/\/www.ibizalowcost.com\/ibiza_beaches_san_jose#primaryimage\"},\"thumbnailUrl\":\"https:\/\/www.ibizalowcost.com\/img\/san_jose.jpg\",\"datePublished\":\"2022-10-11T08:55:16+00:00\",\"dateModified\":\"2022-11-22T15:45:45+00:00\",\"description\":\"Ibiza Low Cost - Citt\u00e0 e spiagge di ibiza: San Agustin, Cala Conta, Cala D'Hort, Es Vedra, Cala Carbo, Es Cubells, Cala Tarida. Le pi\u00f9 belle citt\u00e0 e localit\u00e0 marine di Ibiza\",\"breadcrumb\":{\"@id\":\"https:\/\/www.ibizalowcost.com\/ibiza_beaches_san_jose#breadcrumb\"},\"inLanguage\":\"en-US\",\"potentialAction\":[{\"@type\":\"ReadAction\",\"target\":[\"https:\/\/www.ibizalowcost.com\/ibiza_beaches_san_jose\"]}]},{\"@type\":\"ImageObject\",\"inLanguage\":\"en-US\",\"@id\":\"https:\/\/www.ibizalowcost.com\/ibiza_beaches_san_jose#primaryimage\",\"url\":\"https:\/\/www.ibizalowcost.com\/img\/san_jose.jpg\",\"contentUrl\":\"https:\/\/www.ibizalowcost.com\/img\/san_jose.jpg\"},{\"@type\":\"BreadcrumbList\",\"@id\":\"https:\/\/www.ibizalowcost.com\/ibiza_beaches_san_jose#breadcrumb\",\"itemListElement\":[{\"@type\":\"ListItem\",\"position\":1,\"name\":\"Home\",\"item\":\"https:\/\/www.ibizalowcost.com\/it\/\"},{\"@type\":\"ListItem\",\"position\":2,\"name\":\"Spiaggie San Jose\"}]},{\"@type\":\"WebSite\",\"@id\":\"https:\/\/www.ibizalowcost.com\/#website\",\"url\":\"https:\/\/www.ibizalowcost.com\/\",\"name\":\"IBIZA LOW COST\",\"description\":\"Ibiza Low Cost - The apartments ibiza to put at your disposal. Availability apartments in Ibiza\",\"potentialAction\":[{\"@type\":\"SearchAction\",\"target\":{\"@type\":\"EntryPoint\",\"urlTemplate\":\"https:\/\/www.ibizalowcost.com\/?s={search_term_string}\"},\"query-input\":\"required name=search_term_string\"}],\"inLanguage\":\"en-US\"}]}<\/script>\n<!-- \/ Yoast SEO plugin. -->","yoast_head_json":{"title":"Spiaggie San Jose","description":"Ibiza Low Cost - Beaches and the city of Ibiza: San Agustin, Cala Conta, Cala D'Hort, Es Vedra, Cala Carbo, Es Cubells, Cala Tarida. The most beautiful cities and marine locations in Ibiza","robots":{"index":"index","follow":"follow","max-snippet":"max-snippet:-1","max-image-preview":"max-image-preview:large","max-video-preview":"max-video-preview:-1"},"canonical":"https:\/\/www.ibizalowcost.com\/ibiza_beaches_san_jose","og_locale":"en_US","og_type":"article","og_title":"Spiaggie San Jose","og_description":"Ibiza Low Cost - Beaches and the city of Ibiza: San Agustin, Cala Conta, Cala D'Hort, Es Vedra, Cala Carbo, Es Cubells, Cala Tarida. The most beautiful cities and marine locations in Ibiza","og_url":"https:\/\/www.ibizalowcost.com\/ibiza_beaches_san_jose","og_site_name":"IBIZA LOW COST","article_modified_time":"2022-11-22T15:45:45+00:00","og_image":[{"url":"https:\/\/www.ibizalowcost.com\/img\/san_jose.jpg"}],"twitter_card":"summary_large_image","schema":{"@context":"https:\/\/schema.org","@graph":[{"@type":"WebPage","@id":"https:\/\/www.ibizalowcost.com\/ibiza_beaches_san_jose","url":"https:\/\/www.ibizalowcost.com\/ibiza_beaches_san_jose","name":"IBIZA LOW COST - Guida Turismo Ibiza - Spiagge e citt\u00e0 di Ibiza: San Jose","isPartOf":{"@id":"https:\/\/www.ibizalowcost.com\/#website"},"primaryImageOfPage":{"@id":"https:\/\/www.ibizalowcost.com\/ibiza_beaches_san_jose#primaryimage"},"image":{"@id":"https:\/\/www.ibizalowcost.com\/ibiza_beaches_san_jose#primaryimage"},"thumbnailUrl":"https:\/\/www.ibizalowcost.com\/img\/san_jose.jpg","datePublished":"2022-10-11T08:55:16+00:00","dateModified":"2022-11-22T15:45:45+00:00","description":"Ibiza Low Cost - Citt\u00e0 e spiagge di ibiza: San Agustin, Cala Conta, Cala D'Hort, Es Vedra, Cala Carbo, Es Cubells, Cala Tarida. Le pi\u00f9 belle citt\u00e0 e localit\u00e0 marine di Ibiza","breadcrumb":{"@id":"https:\/\/www.ibizalowcost.com\/ibiza_beaches_san_jose#breadcrumb"},"inLanguage":"en-US","potentialAction":[{"@type":"ReadAction","target":["https:\/\/www.ibizalowcost.com\/ibiza_beaches_san_jose"]}]},{"@type":"ImageObject","inLanguage":"en-US","@id":"https:\/\/www.ibizalowcost.com\/ibiza_beaches_san_jose#primaryimage","url":"https:\/\/www.ibizalowcost.com\/img\/san_jose.jpg","contentUrl":"https:\/\/www.ibizalowcost.com\/img\/san_jose.jpg"},{"@type":"BreadcrumbList","@id":"https:\/\/www.ibizalowcost.com\/ibiza_beaches_san_jose#breadcrumb","itemListElement":[{"@type":"ListItem","position":1,"name":"Home","item":"https:\/\/www.ibizalowcost.com\/it\/"},{"@type":"ListItem","position":2,"name":"Spiaggie San Jose"}]},{"@type":"WebSite","@id":"https:\/\/www.ibizalowcost.com\/#website","url":"https:\/\/www.ibizalowcost.com\/","name":"IBIZA LOW COST","description":"Ibiza Low Cost - The apartments ibiza to put at your disposal. Availability apartments in Ibiza","potentialAction":[{"@type":"SearchAction","target":{"@type":"EntryPoint","urlTemplate":"https:\/\/www.ibizalowcost.com\/?s={search_term_string}"},"query-input":"required name=search_term_string"}],"inLanguage":"en-US"}]}},"_links":{"self":[{"href":"https:\/\/www.ibizalowcost.com\/wp-json\/wp\/v2\/pages\/41244","targetHints":{"allow":["GET"]}}],"collection":[{"href":"https:\/\/www.ibizalowcost.com\/wp-json\/wp\/v2\/pages"}],"about":[{"href":"https:\/\/www.ibizalowcost.com\/wp-json\/wp\/v2\/types\/page"}],"author":[{"embeddable":true,"href":"https:\/\/www.ibizalowcost.com\/wp-json\/wp\/v2\/users\/1"}],"replies":[{"embeddable":true,"href":"https:\/\/www.ibizalowcost.com\/wp-json\/wp\/v2\/comments?post=41244"}],"version-history":[{"count":5,"href":"https:\/\/www.ibizalowcost.com\/wp-json\/wp\/v2\/pages\/41244\/revisions"}],"predecessor-version":[{"id":41662,"href":"https:\/\/www.ibizalowcost.com\/wp-json\/wp\/v2\/pages\/41244\/revisions\/41662"}],"wp:attachment":[{"href":"https:\/\/www.ibizalowcost.com\/wp-json\/wp\/v2\/media?parent=41244"}],"curies":[{"name":"wp","href":"https:\/\/api.w.org\/{rel}","templated":true}]}}