{"id":41240,"date":"2022-10-11T10:44:16","date_gmt":"2022-10-11T08:44:16","guid":{"rendered":"https:\/\/www.ibizalowcost.com\/it\/?page_id=41240"},"modified":"2022-11-22T16:44:46","modified_gmt":"2022-11-22T15:44:46","slug":"spiagge_ibiza_santa_eulalia","status":"publish","type":"page","link":"https:\/\/www.ibizalowcost.com\/spiagge_ibiza_santa_eulalia","title":{"rendered":"Spiagge Santa Eulalia"},"content":{"rendered":"<section class=\"l-section wpb_row height_small\"><div class=\"l-section-h i-cf\"><div class=\"g-cols vc_row via_grid cols_1 laptops-cols_inherit tablets-cols_inherit mobiles-cols_1 valign_top type_default stacking_default\"><div class=\"wpb_column vc_column_container\"><div class=\"vc_column-inner\"><div class=\"w-image align_center\"><div class=\"w-image-h\"><img decoding=\"async\" width=\"468\" height=\"83\" src=\"https:\/\/www.ibizalowcost.com\/wp-content\/uploads\/2022\/10\/t14_eng.png\" class=\"attachment-full size-full\" alt=\"\" loading=\"lazy\" srcset=\"https:\/\/www.ibizalowcost.com\/wp-content\/uploads\/2022\/10\/t14_eng.png 468w, https:\/\/www.ibizalowcost.com\/wp-content\/uploads\/2022\/10\/t14_eng-300x53.png 300w\" sizes=\"auto, (max-width: 468px) 100vw, 468px\" \/><\/div><\/div><div class=\"g-cols wpb_row via_grid cols_1 laptops-cols_inherit tablets-cols_inherit mobiles-cols_1 valign_top type_default stacking_default\" style=\"--gap:3rem;\"><div class=\"wpb_column vc_column_container\"><div class=\"vc_column-inner\"><div class=\"wpb_text_column\"><div class=\"wpb_wrapper\"><p style=\"text-align: right;\"><strong>\u00ab<\/strong>&nbsp;<a class=\"sott\" href=\"\/ibiza_tourism_guide\"><strong>Ibiza guide<\/strong><\/a><\/p>\n<\/div><\/div><\/div><\/div><\/div><\/div><\/div><\/div><\/div><\/section><section class=\"l-section wpb_row height_small\"><div class=\"l-section-h i-cf\"><div class=\"g-cols vc_row via_grid cols_1 laptops-cols_inherit tablets-cols_inherit mobiles-cols_1 valign_top type_default stacking_default\"><div class=\"wpb_column vc_column_container\"><div class=\"vc_column-inner\"><nav class=\"w-menu layout_ver style_links us_menu_1\" style=\"--main-gap:1.5rem;--main-ver-indent:0.8em;--main-hor-indent:0.8em;--main-color:inherit;\"><ul id=\"menu-menu-ibiza-days\" class=\"menu\"><li id=\"menu-item-41237\" class=\"menu-item menu-item-type-post_type menu-item-object-page menu-item-41237\"><a href=\"https:\/\/www.ibizalowcost.com\/spiagge_ibiza_town_eivissa\">Ibiza Town<\/a><\/li><li id=\"menu-item-41242\" class=\"menu-item menu-item-type-post_type menu-item-object-page menu-item-41242\"><a href=\"https:\/\/www.ibizalowcost.com\/spiagge_ibiza_santa_eulalia\">Santa Eulalia<\/a><\/li><li id=\"menu-item-41248\" class=\"menu-item menu-item-type-post_type menu-item-object-page menu-item-41248\"><a href=\"https:\/\/www.ibizalowcost.com\/ibiza_beaches_san_jose\">San Jose<\/a><\/li><li id=\"menu-item-41252\" class=\"menu-item menu-item-type-post_type menu-item-object-page menu-item-41252\"><a href=\"https:\/\/www.ibizalowcost.com\/spiagge_ibiza_san_juan\">San Juan<\/a><\/li><li id=\"menu-item-41256\" class=\"menu-item menu-item-type-post_type menu-item-object-page menu-item-41256\"><a href=\"https:\/\/www.ibizalowcost.com\/spiagge_ibiza_san_antonio\">San Antonio<\/a><\/li><\/ul><style>@media ( max-width:600px ){.us_menu_1 .menu{display:block!important}.us_menu_1 .menu>li{margin:0 0 var(--main-gap,1.5rem)!important}}<\/style><\/nav><\/div><\/div><\/div><\/div><\/section><section class=\"l-section wpb_row height_small\"><div class=\"l-section-h i-cf\"><div class=\"g-cols vc_row via_grid cols_1 laptops-cols_inherit tablets-cols_inherit mobiles-cols_1 valign_top type_default stacking_default\"><div class=\"wpb_column vc_column_container\"><div class=\"vc_column-inner\"><div class=\"wpb_text_column\"><div class=\"wpb_wrapper\"><h1><span class=\"cate\">City and beach of Ibiza<\/span><\/h1>\n<\/div><\/div><div class=\"wpb_text_column\"><div class=\"wpb_wrapper\"><h3><span class=\"cate\">Saint Jose<\/span><\/h3>\n<\/div><\/div><\/div><\/div><\/div><\/div><\/section><section class=\"l-section wpb_row height_small\"><div class=\"l-section-h i-cf\"><div class=\"g-cols vc_row via_grid cols_1 laptops-cols_inherit tablets-cols_inherit mobiles-cols_1 valign_top type_default stacking_default\"><div class=\"wpb_column vc_column_container\"><div class=\"vc_column-inner\"><div class=\"wpb_text_column\"><div class=\"wpb_wrapper\"><table border=\"0\" width=\"95%\" cellspacing=\"0\" cellpadding=\"10\" align=\"center\">\n<tbody>\n<tr>\n<td class=\"g11s\">\n<div align=\"justify\">\n<p><span class=\"cate\">Santa Eulalia<\/span>&nbsp;<\/p>\n<table border=\"0\" width=\"200\" cellspacing=\"0\" cellpadding=\"5\" align=\"right\">\n<tbody>\n<tr>\n<td><img loading=\"lazy\" decoding=\"async\" src=\"https:\/\/www.ibizalowcost.com\/img\/santa_eulalia.jpg\" alt=\"Santa Eulalia\" width=\"335\" height=\"222\" \/><\/td>\n<\/tr>\n<\/tbody>\n<\/table>\n<p>The vacations in Saint Eulalia spend in a relaxing and friendly atmosphere, characterized by the peace and by the calm of his\/her environment.<br \/>\nSaint Eulalia Des Rio is situated to East of the island of Ibiza and its name it derives from the river that it flowed through Ibiza, but for years in its bed it is not more you is water.<br \/>\nThe tourists that come to Saint Eulalia enjoy him their vacation trying the delicious and genuine restaurants on the harbor or in her \u201croad of the restaurants\u201d, drinking a drink to the cafe, walking along the I walk and giving a glance to the shops.<br \/>\n<strong>PLACES TO BE VISITED<\/strong>:<br \/>\n\u2013 Church of Puig de Missa, built in 1568 on the hill of the city.<br \/>\n\u2013 Museum etnologico (ethnic) of Khan Ros.<br \/>\n\u2013 The beach (wide 250m)<br \/>\n\u2013 I bring of Saint Eulalia<\/p>\n<\/div>\n<\/td>\n<\/tr>\n<\/tbody>\n<\/table>\n<table border=\"0\" width=\"95%\" cellspacing=\"0\" cellpadding=\"5\" align=\"center\">\n<tbody>\n<tr>\n<td class=\"sottocate\" width=\"500\"><strong>Es Cana<\/strong><\/td>\n<td>\n<hr class=\"lineagrey\" \/>\n<\/td>\n<\/tr>\n<\/tbody>\n<\/table>\n<table border=\"0\" width=\"95%\" cellspacing=\"0\" cellpadding=\"10\" align=\"center\">\n<tbody>\n<tr>\n<td class=\"g11s\">\n<div align=\"justify\">A place of proper vacation primarily to the tourists English, Es Cana has a wide sandy beach, offers diurnal activity for children, music live, evening diversion, restaurants of quality not very expensive, and pleasant cafes.<br \/>\nEs Cana is an ideal tourist place for the families.<br \/>\n<strong>SET BY TO VISIT<\/strong>: The market hippie, among the most famous things of Ibiza, that it is held here on Wednesdays.<\/div>\n<\/td>\n<\/tr>\n<\/tbody>\n<\/table>\n<table border=\"0\" width=\"95%\" cellspacing=\"0\" cellpadding=\"5\" align=\"center\">\n<tbody>\n<tr>\n<td class=\"sottocate\" width=\"500\"><span class=\"sottocate\"><strong>Siesta<\/strong><\/span><\/td>\n<td>\n<hr class=\"lineagrey\" \/>\n<\/td>\n<\/tr>\n<\/tbody>\n<\/table>\n<table border=\"0\" width=\"95%\" cellspacing=\"0\" cellpadding=\"10\" align=\"center\">\n<tbody>\n<tr>\n<td class=\"g11s\">\n<div align=\"justify\">A calm residential zone really close to Saint Eulalia. A brief walk will be enough (particularly suggestive if done at night) on the bridge and you immediately will be in the principal part of the village. There is also a zone you play for children. Siesta is provided of many a little expensive restaurants and cafe with a relaxing atmosphere. The situated villas in this place, have often a fantastic sight of the sea above the bay of Saint Eulalia.<\/div>\n<\/td>\n<\/tr>\n<\/tbody>\n<\/table>\n<table border=\"0\" width=\"95%\" cellspacing=\"0\" cellpadding=\"5\" align=\"center\">\n<tbody>\n<tr>\n<td class=\"sottocate\" width=\"500\"><span class=\"sottocate\"><strong>Cala Longa<\/strong><\/span><\/td>\n<td>\n<hr class=\"lineagrey\" \/>\n<\/td>\n<\/tr>\n<\/tbody>\n<\/table>\n<table border=\"0\" width=\"95%\" cellspacing=\"0\" cellpadding=\"10\" align=\"center\">\n<tbody>\n<tr>\n<td class=\"g11s\">\n<div align=\"justify\">\n<table border=\"0\" width=\"200\" cellspacing=\"0\" cellpadding=\"5\" align=\"left\">\n<tbody>\n<tr>\n<td><img loading=\"lazy\" decoding=\"async\" src=\"https:\/\/www.ibizalowcost.com\/img\/cala_longa.jpg\" alt=\"Cala Longa\" width=\"240\" height=\"159\" \/><\/td>\n<\/tr>\n<\/tbody>\n<\/table>\n<p>A vivacious place of vacation that entertains a wide sandy beach. Cala Longa it is perfect for the families, with her activities for their children, the music live, the evening diversions, so many restaurants and the pleasant cafes.<br \/>\nThe available setups to Cala Longa, are for the most greater part, apartments vacations and hotel; although punctuated on the hill, vacations are present also some villas.<\/p>\n<\/div>\n<\/td>\n<\/tr>\n<\/tbody>\n<\/table>\n<table border=\"0\" width=\"95%\" cellspacing=\"0\" cellpadding=\"5\" align=\"center\">\n<tbody>\n<tr>\n<td class=\"sottocate\" width=\"500\"><span class=\"sottocate\"><strong>St. Carlos<\/strong><\/span><\/td>\n<td>\n<hr class=\"lineagrey\" \/>\n<\/td>\n<\/tr>\n<\/tbody>\n<\/table>\n<table border=\"0\" width=\"95%\" cellspacing=\"0\" cellpadding=\"10\" align=\"center\">\n<tbody>\n<tr>\n<td class=\"g11s\">\n<div align=\"justify\">A small country to three kilometers to Saint Eulalia, with a beautiful church and some historical restaurants. The road that crosses St. Carlos taking, you will be conducted to some splendid beaches as Cala Llenya and Es Figueral. In this part of the island villas prices vacations can be rented more economy.<\/div>\n<\/td>\n<\/tr>\n<\/tbody>\n<\/table>\n<table border=\"0\" width=\"95%\" cellspacing=\"0\" cellpadding=\"5\" align=\"center\">\n<tbody>\n<tr>\n<td class=\"sottocate\" width=\"500\"><span class=\"sottocate\"><strong>Cala San Vicent<\/strong><\/span><\/td>\n<td>\n<hr class=\"lineagrey\" \/>\n<\/td>\n<\/tr>\n<\/tbody>\n<\/table>\n<table border=\"0\" width=\"95%\" cellspacing=\"0\" cellpadding=\"10\" align=\"center\">\n<tbody>\n<tr>\n<td class=\"g11s\">\n<div align=\"justify\">\n<table border=\"0\" width=\"200\" cellspacing=\"0\" cellpadding=\"5\" align=\"left\">\n<tbody>\n<tr>\n<td><img loading=\"lazy\" decoding=\"async\" src=\"https:\/\/www.ibizalowcost.com\/img\/cala_san_vincent.jpg\" alt=\"Cala Longa\" width=\"240\" height=\"159\" \/><\/td>\n<\/tr>\n<\/tbody>\n<\/table>\n<p>One of the widest beaches of Ibiza, with a marvelous clear water. A beautiful place of vacation that attracts tourists of a lot of different nationalities. Some of the villas vacations in Cala St. Vicente offer a fantastic sight of the coast North of Ibiza. This zone is particularly frequented by Italian tourists thanks to the presence of villages vacations.<\/p>\n<\/div>\n<\/td>\n<\/tr>\n<\/tbody>\n<\/table>\n<\/div><\/div><\/div><\/div><\/div><\/div><\/section><section class=\"l-section wpb_row height_small\"><div class=\"l-section-h i-cf\"><div class=\"g-cols vc_row via_grid cols_2-1 laptops-cols_inherit tablets-cols_inherit mobiles-cols_1 valign_middle type_default stacking_default\"><div class=\"wpb_column vc_column_container\"><div class=\"vc_column-inner\"><div class=\"wpb_text_column\"><div class=\"wpb_wrapper\"><h3>Discover the other side of Ibiza<\/h3>\n<\/div><\/div><div class=\"wpb_text_column\"><div class=\"wpb_wrapper\"><p><strong>\u00bb<\/strong> <a class=\"sott\" href=\"\/pdf\/spiagge_eng.pdf\"><strong>Download the complete guide of the beaches<\/strong><\/a><\/p>\n<p><strong>\u00bb<\/strong> <a class=\"sott\" href=\"\/en\/ibiza_beaches_town_eivissa\"><strong>Cities and beaches of Ibiza<\/strong><\/a><\/p>\n<p><strong>\u00bb<\/strong>&nbsp;<a class=\"sott\" href=\"\/en\/ibiza_markets\"><strong>Market in Ibiza<\/strong><\/a><\/p>\n<p><strong>\u00bb<\/strong>&nbsp;<a class=\"sott\" href=\"\/en\/ibiza_sport\"><strong>Sport in Ibiza<\/strong><\/a><\/p>\n<\/div><\/div><\/div><\/div><div class=\"wpb_column vc_column_container\"><div class=\"vc_column-inner\"><div class=\"w-image align_center\"><div class=\"w-image-h\"><img decoding=\"async\" width=\"239\" height=\"180\" src=\"https:\/\/www.ibizalowcost.com\/wp-content\/uploads\/2022\/10\/ibiza_low-1.jpg\" class=\"attachment-full size-full\" alt=\"\" loading=\"lazy\" \/><\/div><\/div><\/div><\/div><\/div><\/div><\/section>\n","protected":false},"excerpt":{"rendered":"<p>\u00ab&nbsp;Ibiza guide Ibiza TownSanta EulaliaSan JoseSan JuanSan AntonioCity and beach of Ibiza Saint Jose Santa Eulalia&nbsp; The vacations in Saint Eulalia spend in a relaxing and friendly atmosphere, characterized by the peace and by the calm of his\/her environment. Saint Eulalia Des Rio is situated to East of the island of Ibiza and its name&#8230;<\/p>\n","protected":false},"author":1,"featured_media":0,"parent":0,"menu_order":0,"comment_status":"closed","ping_status":"closed","template":"","meta":{"footnotes":""},"class_list":["post-41240","page","type-page","status-publish","hentry"],"acf":[],"yoast_head":"<!-- This site is optimized with the Yoast SEO plugin v22.2 - https:\/\/yoast.com\/wordpress\/plugins\/seo\/ -->\n<title>Spiagge Santa Eulalia<\/title>\n<meta name=\"description\" content=\"Ibiza Low Cost - Beaches and the city of Ibiza: Es Cana, Siesta, Cala Longa, San Carlos, Cala San Vicent. The most beautiful cities and marine locations in Ibiza\" \/>\n<meta name=\"robots\" content=\"index, follow, max-snippet:-1, max-image-preview:large, max-video-preview:-1\" \/>\n<link rel=\"canonical\" href=\"https:\/\/www.ibizalowcost.com\/spiagge_ibiza_santa_eulalia\" \/>\n<meta property=\"og:locale\" content=\"en_US\" \/>\n<meta property=\"og:type\" content=\"article\" \/>\n<meta property=\"og:title\" content=\"Spiagge Santa Eulalia\" \/>\n<meta property=\"og:description\" content=\"Ibiza Low Cost - Beaches and the city of Ibiza: Es Cana, Siesta, Cala Longa, San Carlos, Cala San Vicent. The most beautiful cities and marine locations in Ibiza\" \/>\n<meta property=\"og:url\" content=\"https:\/\/www.ibizalowcost.com\/spiagge_ibiza_santa_eulalia\" \/>\n<meta property=\"og:site_name\" content=\"IBIZA LOW COST\" \/>\n<meta property=\"article:modified_time\" content=\"2022-11-22T15:44:46+00:00\" \/>\n<meta property=\"og:image\" content=\"https:\/\/www.ibizalowcost.com\/img\/santa_eulalia.jpg\" \/>\n<meta name=\"twitter:card\" content=\"summary_large_image\" \/>\n<script type=\"application\/ld+json\" class=\"yoast-schema-graph\">{\"@context\":\"https:\/\/schema.org\",\"@graph\":[{\"@type\":\"WebPage\",\"@id\":\"https:\/\/www.ibizalowcost.com\/spiagge_ibiza_santa_eulalia\",\"url\":\"https:\/\/www.ibizalowcost.com\/spiagge_ibiza_santa_eulalia\",\"name\":\"IBIZA LOW COST - Guida Turismo Ibiza - Spiagge e citt\u00e0 di Ibiza: Santa Eulalia\",\"isPartOf\":{\"@id\":\"https:\/\/www.ibizalowcost.com\/#website\"},\"primaryImageOfPage\":{\"@id\":\"https:\/\/www.ibizalowcost.com\/spiagge_ibiza_santa_eulalia#primaryimage\"},\"image\":{\"@id\":\"https:\/\/www.ibizalowcost.com\/spiagge_ibiza_santa_eulalia#primaryimage\"},\"thumbnailUrl\":\"https:\/\/www.ibizalowcost.com\/img\/santa_eulalia.jpg\",\"datePublished\":\"2022-10-11T08:44:16+00:00\",\"dateModified\":\"2022-11-22T15:44:46+00:00\",\"description\":\"Ibiza Low Cost - Citt\u00e0 e spiagge di ibiza: Es Cana, Siesta, Cala Longa, San Carlos, Cala San Vicent. Le pi\u00f9 belle citt\u00e0 e localit\u00e0 marine di Ibiza\",\"breadcrumb\":{\"@id\":\"https:\/\/www.ibizalowcost.com\/spiagge_ibiza_santa_eulalia#breadcrumb\"},\"inLanguage\":\"en-US\",\"potentialAction\":[{\"@type\":\"ReadAction\",\"target\":[\"https:\/\/www.ibizalowcost.com\/spiagge_ibiza_santa_eulalia\"]}]},{\"@type\":\"ImageObject\",\"inLanguage\":\"en-US\",\"@id\":\"https:\/\/www.ibizalowcost.com\/spiagge_ibiza_santa_eulalia#primaryimage\",\"url\":\"https:\/\/www.ibizalowcost.com\/img\/santa_eulalia.jpg\",\"contentUrl\":\"https:\/\/www.ibizalowcost.com\/img\/santa_eulalia.jpg\"},{\"@type\":\"BreadcrumbList\",\"@id\":\"https:\/\/www.ibizalowcost.com\/spiagge_ibiza_santa_eulalia#breadcrumb\",\"itemListElement\":[{\"@type\":\"ListItem\",\"position\":1,\"name\":\"Home\",\"item\":\"https:\/\/www.ibizalowcost.com\/it\/\"},{\"@type\":\"ListItem\",\"position\":2,\"name\":\"Spiagge Santa Eulalia\"}]},{\"@type\":\"WebSite\",\"@id\":\"https:\/\/www.ibizalowcost.com\/#website\",\"url\":\"https:\/\/www.ibizalowcost.com\/\",\"name\":\"IBIZA LOW COST\",\"description\":\"Ibiza Low Cost - The apartments ibiza to put at your disposal. Availability apartments in Ibiza\",\"potentialAction\":[{\"@type\":\"SearchAction\",\"target\":{\"@type\":\"EntryPoint\",\"urlTemplate\":\"https:\/\/www.ibizalowcost.com\/?s={search_term_string}\"},\"query-input\":\"required name=search_term_string\"}],\"inLanguage\":\"en-US\"}]}<\/script>\n<!-- \/ Yoast SEO plugin. -->","yoast_head_json":{"title":"Spiagge Santa Eulalia","description":"Ibiza Low Cost - Beaches and the city of Ibiza: Es Cana, Siesta, Cala Longa, San Carlos, Cala San Vicent. The most beautiful cities and marine locations in Ibiza","robots":{"index":"index","follow":"follow","max-snippet":"max-snippet:-1","max-image-preview":"max-image-preview:large","max-video-preview":"max-video-preview:-1"},"canonical":"https:\/\/www.ibizalowcost.com\/spiagge_ibiza_santa_eulalia","og_locale":"en_US","og_type":"article","og_title":"Spiagge Santa Eulalia","og_description":"Ibiza Low Cost - Beaches and the city of Ibiza: Es Cana, Siesta, Cala Longa, San Carlos, Cala San Vicent. The most beautiful cities and marine locations in Ibiza","og_url":"https:\/\/www.ibizalowcost.com\/spiagge_ibiza_santa_eulalia","og_site_name":"IBIZA LOW COST","article_modified_time":"2022-11-22T15:44:46+00:00","og_image":[{"url":"https:\/\/www.ibizalowcost.com\/img\/santa_eulalia.jpg"}],"twitter_card":"summary_large_image","schema":{"@context":"https:\/\/schema.org","@graph":[{"@type":"WebPage","@id":"https:\/\/www.ibizalowcost.com\/spiagge_ibiza_santa_eulalia","url":"https:\/\/www.ibizalowcost.com\/spiagge_ibiza_santa_eulalia","name":"IBIZA LOW COST - Guida Turismo Ibiza - Spiagge e citt\u00e0 di Ibiza: Santa Eulalia","isPartOf":{"@id":"https:\/\/www.ibizalowcost.com\/#website"},"primaryImageOfPage":{"@id":"https:\/\/www.ibizalowcost.com\/spiagge_ibiza_santa_eulalia#primaryimage"},"image":{"@id":"https:\/\/www.ibizalowcost.com\/spiagge_ibiza_santa_eulalia#primaryimage"},"thumbnailUrl":"https:\/\/www.ibizalowcost.com\/img\/santa_eulalia.jpg","datePublished":"2022-10-11T08:44:16+00:00","dateModified":"2022-11-22T15:44:46+00:00","description":"Ibiza Low Cost - Citt\u00e0 e spiagge di ibiza: Es Cana, Siesta, Cala Longa, San Carlos, Cala San Vicent. Le pi\u00f9 belle citt\u00e0 e localit\u00e0 marine di Ibiza","breadcrumb":{"@id":"https:\/\/www.ibizalowcost.com\/spiagge_ibiza_santa_eulalia#breadcrumb"},"inLanguage":"en-US","potentialAction":[{"@type":"ReadAction","target":["https:\/\/www.ibizalowcost.com\/spiagge_ibiza_santa_eulalia"]}]},{"@type":"ImageObject","inLanguage":"en-US","@id":"https:\/\/www.ibizalowcost.com\/spiagge_ibiza_santa_eulalia#primaryimage","url":"https:\/\/www.ibizalowcost.com\/img\/santa_eulalia.jpg","contentUrl":"https:\/\/www.ibizalowcost.com\/img\/santa_eulalia.jpg"},{"@type":"BreadcrumbList","@id":"https:\/\/www.ibizalowcost.com\/spiagge_ibiza_santa_eulalia#breadcrumb","itemListElement":[{"@type":"ListItem","position":1,"name":"Home","item":"https:\/\/www.ibizalowcost.com\/it\/"},{"@type":"ListItem","position":2,"name":"Spiagge Santa Eulalia"}]},{"@type":"WebSite","@id":"https:\/\/www.ibizalowcost.com\/#website","url":"https:\/\/www.ibizalowcost.com\/","name":"IBIZA LOW COST","description":"Ibiza Low Cost - The apartments ibiza to put at your disposal. Availability apartments in Ibiza","potentialAction":[{"@type":"SearchAction","target":{"@type":"EntryPoint","urlTemplate":"https:\/\/www.ibizalowcost.com\/?s={search_term_string}"},"query-input":"required name=search_term_string"}],"inLanguage":"en-US"}]}},"_links":{"self":[{"href":"https:\/\/www.ibizalowcost.com\/wp-json\/wp\/v2\/pages\/41240","targetHints":{"allow":["GET"]}}],"collection":[{"href":"https:\/\/www.ibizalowcost.com\/wp-json\/wp\/v2\/pages"}],"about":[{"href":"https:\/\/www.ibizalowcost.com\/wp-json\/wp\/v2\/types\/page"}],"author":[{"embeddable":true,"href":"https:\/\/www.ibizalowcost.com\/wp-json\/wp\/v2\/users\/1"}],"replies":[{"embeddable":true,"href":"https:\/\/www.ibizalowcost.com\/wp-json\/wp\/v2\/comments?post=41240"}],"version-history":[{"count":5,"href":"https:\/\/www.ibizalowcost.com\/wp-json\/wp\/v2\/pages\/41240\/revisions"}],"predecessor-version":[{"id":41661,"href":"https:\/\/www.ibizalowcost.com\/wp-json\/wp\/v2\/pages\/41240\/revisions\/41661"}],"wp:attachment":[{"href":"https:\/\/www.ibizalowcost.com\/wp-json\/wp\/v2\/media?parent=41240"}],"curies":[{"name":"wp","href":"https:\/\/api.w.org\/{rel}","templated":true}]}}