{"id":41224,"date":"2022-10-11T10:03:35","date_gmt":"2022-10-11T08:03:35","guid":{"rendered":"https:\/\/www.ibizalowcost.com\/it\/?page_id=41224"},"modified":"2022-11-22T15:42:47","modified_gmt":"2022-11-22T14:42:47","slug":"spiagge_ibiza_town_eivissa","status":"publish","type":"page","link":"https:\/\/www.ibizalowcost.com\/spiagge_ibiza_town_eivissa","title":{"rendered":"Ibiza di giorno - Spiagge"},"content":{"rendered":"<section class=\"l-section wpb_row height_small\"><div class=\"l-section-h i-cf\"><div class=\"g-cols vc_row via_grid cols_1 laptops-cols_inherit tablets-cols_inherit mobiles-cols_1 valign_top type_default stacking_default\"><div class=\"wpb_column vc_column_container\"><div class=\"vc_column-inner\"><div class=\"w-image align_center\"><div class=\"w-image-h\"><img decoding=\"async\" width=\"468\" height=\"83\" src=\"https:\/\/www.ibizalowcost.com\/wp-content\/uploads\/2022\/10\/t14_eng.png\" class=\"attachment-full size-full\" alt=\"\" loading=\"lazy\" srcset=\"https:\/\/www.ibizalowcost.com\/wp-content\/uploads\/2022\/10\/t14_eng.png 468w, https:\/\/www.ibizalowcost.com\/wp-content\/uploads\/2022\/10\/t14_eng-300x53.png 300w\" sizes=\"auto, (max-width: 468px) 100vw, 468px\" \/><\/div><\/div><div class=\"g-cols wpb_row via_grid cols_1 laptops-cols_inherit tablets-cols_inherit mobiles-cols_1 valign_top type_default stacking_default\" style=\"--gap:3rem;\"><div class=\"wpb_column vc_column_container\"><div class=\"vc_column-inner\"><div class=\"wpb_text_column\"><div class=\"wpb_wrapper\"><p style=\"text-align: right;\"><strong>\u00ab<\/strong>&nbsp;<a class=\"sott\" href=\"\/guida_turismo_ibiza&quot;\"><strong>Ibiza Guide<\/strong><\/a><\/p>\n<\/div><\/div><\/div><\/div><\/div><\/div><\/div><\/div><\/div><\/section><section class=\"l-section wpb_row height_small\"><div class=\"l-section-h i-cf\"><div class=\"g-cols vc_row via_grid cols_1 laptops-cols_inherit tablets-cols_inherit mobiles-cols_1 valign_top type_default stacking_default\"><div class=\"wpb_column vc_column_container\"><div class=\"vc_column-inner\"><nav class=\"w-menu layout_ver style_links us_menu_1\" style=\"--main-gap:1.5rem;--main-ver-indent:0.8em;--main-hor-indent:0.8em;--main-color:inherit;\"><ul id=\"menu-menu-ibiza-days\" class=\"menu\"><li id=\"menu-item-41237\" class=\"menu-item menu-item-type-post_type menu-item-object-page menu-item-41237\"><a href=\"https:\/\/www.ibizalowcost.com\/spiagge_ibiza_town_eivissa\">Ibiza Town<\/a><\/li><li id=\"menu-item-41242\" class=\"menu-item menu-item-type-post_type menu-item-object-page menu-item-41242\"><a href=\"https:\/\/www.ibizalowcost.com\/spiagge_ibiza_santa_eulalia\">Santa Eulalia<\/a><\/li><li id=\"menu-item-41248\" class=\"menu-item menu-item-type-post_type menu-item-object-page menu-item-41248\"><a href=\"https:\/\/www.ibizalowcost.com\/ibiza_beaches_san_jose\">San Jose<\/a><\/li><li id=\"menu-item-41252\" class=\"menu-item menu-item-type-post_type menu-item-object-page menu-item-41252\"><a href=\"https:\/\/www.ibizalowcost.com\/spiagge_ibiza_san_juan\">San Juan<\/a><\/li><li id=\"menu-item-41256\" class=\"menu-item menu-item-type-post_type menu-item-object-page menu-item-41256\"><a href=\"https:\/\/www.ibizalowcost.com\/spiagge_ibiza_san_antonio\">San Antonio<\/a><\/li><\/ul><style>@media ( max-width:600px ){.us_menu_1 .menu{display:block!important}.us_menu_1 .menu>li{margin:0 0 var(--main-gap,1.5rem)!important}}<\/style><\/nav><\/div><\/div><\/div><\/div><\/section><section class=\"l-section wpb_row height_small\"><div class=\"l-section-h i-cf\"><div class=\"g-cols vc_row via_grid cols_1 laptops-cols_inherit tablets-cols_inherit mobiles-cols_1 valign_top type_default stacking_default\"><div class=\"wpb_column vc_column_container\"><div class=\"vc_column-inner\"><div class=\"wpb_text_column\"><div class=\"wpb_wrapper\"><h1><span class=\"cate\">City and beach of Ibiza<\/span><\/h1>\n<\/div><\/div><div class=\"wpb_text_column\"><div class=\"wpb_wrapper\"><h3><span class=\"cate\">Ibiza Town<\/span><\/h3>\n<\/div><\/div><\/div><\/div><\/div><\/div><\/section><section class=\"l-section wpb_row height_small\"><div class=\"l-section-h i-cf\"><div class=\"g-cols vc_row via_grid cols_1 laptops-cols_inherit tablets-cols_inherit mobiles-cols_1 valign_top type_default stacking_default\"><div class=\"wpb_column vc_column_container\"><div class=\"vc_column-inner\"><div class=\"wpb_text_column\"><div class=\"wpb_wrapper\"><table border=\"0\" width=\"95%\" cellspacing=\"0\" cellpadding=\"10\" align=\"center\">\n<tbody>\n<tr>\n<td class=\"g11s\">\n<div align=\"justify\">\n<p>Placed to South of the island, \u201c<strong>Ibiza Town<\/strong>\u201d or \u201c<strong>Eivissa<\/strong>\u201d it is the principal town and, at the same time, the historical center.<br \/>\nit is one of the most picturesque cities of the Mediterranean; the Carthaginian ones began to build this place in the 7\u00b0 century and subsequently the Romans completed the job building the walls of the city and some imposing buildings. In the 16\u00b0 century to assure the protection from the pirates north-Africans they were built taller and thick walls, which are today still visible. The \u201c<strong>tall city<\/strong>\u201d or \u201c<strong>Dalt Vila<\/strong>\u201d it overhangs the sea and it has a spectacular cathedral, particularly beautiful when he is illuminated by the nighttime lights. Built when the man didn\u2019t require the automobile yet, the only way to enjoy this place is afoot, walking on the characteristics paved roads, admiring the sea from the top of the cathedral or snooping around the museum.<br \/>\nFor the one who loves the shopping it finds here the vast variety of shops, from the boutique of design to the \u201c<strong>shop<\/strong>\u201d of cakes sorts in the house; the center has succeeded in not becoming commercial, with only a handful of principal roads it is the perfect place to find original articles.<br \/>\nAt night Ibiza is crowded of people that the evening enjoys him snooping among the stands of the I bring, drinking something in a cafe or eating in one of the so many restaurants.<br \/>\nAmong the so many activities that this place offers the possibility they are inclusive to rent boats or yatch, to make immersions, daily excursions in boat to Formentera and the other numerous beaches of Ibiza, the Bingo, the Casino, the cinema and so much other anchor. The I bring it is situated in the low part of the old city, here you can find many gods best restaurants.<br \/>\nIn the cafes along the I bring of Ibiza city you can see, with a lot of probability, famous characters before all go to the discos; the I bring it is also the point of departure of the ferries for Formentera, Palma, Denia and Barcellona. The beaches of Ibiza cities are Talamanca and Figueretas.<\/p>\n<\/div>\n<\/td>\n<\/tr>\n<\/tbody>\n<\/table>\n<table border=\"0\" width=\"95%\" cellspacing=\"0\" cellpadding=\"5\" align=\"center\">\n<tbody>\n<tr>\n<td class=\"sottocate\" width=\"500\"><strong>Marina Botafoch e Talamanca<\/strong><\/td>\n<td>\n<hr class=\"lineagrey\" \/>\n<\/td>\n<\/tr>\n<\/tbody>\n<\/table>\n<table border=\"0\" width=\"95%\" cellspacing=\"0\" cellpadding=\"10\" align=\"center\">\n<tbody>\n<tr>\n<td class=\"g11s\">\n<div align=\"justify\">\n<table border=\"0\" width=\"200\" cellspacing=\"0\" cellpadding=\"5\" align=\"left\">\n<tbody>\n<tr>\n<td><img loading=\"lazy\" decoding=\"async\" src=\"https:\/\/www.ibizalowcost.com\/img\/talamaca.jpg\" alt=\"Talamaca\" width=\"214\" height=\"214\" \/><\/td>\n<\/tr>\n<\/tbody>\n<\/table>\n<p>Sea Botafoch and Talamanca rise in front of the I bring of Ibiza; Sea Botafoch is an exclusive area and of tall class, you take a walk along the harbor among the yatches of luxury or eats something in one of the most refined restaurants. Also the \u201cPacha\u201d and the disco \u201cEl Divino\u201d they are situated here.<br \/>\nThe beach of Talamanca is a long sandy beach, the favorite from the vacationers.<br \/>\nThe apartments vacations in this zone, the villas, are particularly for the most greater part luxurious.<\/p>\n<\/div>\n<\/td>\n<\/tr>\n<\/tbody>\n<\/table>\n<table border=\"0\" width=\"95%\" cellspacing=\"0\" cellpadding=\"5\" align=\"center\">\n<tbody>\n<tr>\n<td class=\"sottocate\" width=\"500\"><strong>Jesus<\/strong><\/td>\n<td>\n<hr class=\"lineagrey\" \/>\n<\/td>\n<\/tr>\n<\/tbody>\n<\/table>\n<table border=\"0\" width=\"95%\" cellspacing=\"0\" cellpadding=\"10\" align=\"center\">\n<tbody>\n<tr>\n<td class=\"g11s\">\n<div align=\"justify\">\n<table border=\"0\" width=\"200\" cellspacing=\"0\" cellpadding=\"5\" align=\"left\">\n<tbody>\n<tr>\n<td><img loading=\"lazy\" decoding=\"async\" src=\"https:\/\/www.ibizalowcost.com\/img\/jesus.jpg\" alt=\"Jesus\" width=\"214\" height=\"214\" \/><\/td>\n<\/tr>\n<\/tbody>\n<\/table>\n<p>Situated near Talamanca, Jesus is an animate country with a relaxing atmosphere.<br \/>\nIt boasts a series of restaurants that they use fine-ethnic kitchen and one the most important churches of the island.<br \/>\nIt also entertains the greatest artistic treasure of Ibiza, an altar finished at the end of the 16\u00b0 entitled century \u201cYou virgin and the child\u201d, notable mainly to have survived intact to more than five hundred years of invasions.<\/p>\n<\/div>\n<\/td>\n<\/tr>\n<\/tbody>\n<\/table>\n<table border=\"0\" width=\"95%\" cellspacing=\"0\" cellpadding=\"5\" align=\"center\">\n<tbody>\n<tr>\n<td class=\"sottocate\" width=\"500\"><strong>Figueretas<\/strong><\/td>\n<td>\n<hr class=\"lineagrey\" \/>\n<\/td>\n<\/tr>\n<\/tbody>\n<\/table>\n<table border=\"0\" width=\"95%\" cellspacing=\"0\" cellpadding=\"10\" align=\"center\">\n<tbody>\n<tr>\n<td class=\"g11s\">\n<div align=\"justify\">This beach is situated on the other side of Ibiza city in comparison to Talamanca.<br \/>\nit is a sandy bay with an I walk complete, rich of cafe and restaurants; this zone extends to offer the setups more economic vacations of all the other zones of Ibiza city.<\/div>\n<\/td>\n<\/tr>\n<\/tbody>\n<\/table>\n<table border=\"0\" width=\"95%\" cellspacing=\"0\" cellpadding=\"5\" align=\"center\">\n<tbody>\n<tr>\n<td class=\"sottocate\" width=\"500\"><strong>San Jordi<\/strong><\/td>\n<td>\n<hr class=\"lineagrey\" \/>\n<\/td>\n<\/tr>\n<\/tbody>\n<\/table>\n<table border=\"0\" width=\"95%\" cellspacing=\"0\" cellpadding=\"10\" align=\"center\">\n<tbody>\n<tr>\n<td class=\"g11s\">\n<div align=\"justify\">Situated among Ibiza city and the airport, San Jordi consists of a lot of villas of country punctuated around the beautiful church and to the commercial center.<\/div>\n<\/td>\n<\/tr>\n<\/tbody>\n<\/table>\n<table border=\"0\" width=\"95%\" cellspacing=\"0\" cellpadding=\"5\" align=\"center\">\n<tbody>\n<tr>\n<td class=\"sottocate\" width=\"500\"><strong>Playa den Bossa<\/strong><\/td>\n<td>\n<hr class=\"lineagrey\" \/>\n<\/td>\n<\/tr>\n<\/tbody>\n<\/table>\n<table border=\"0\" width=\"95%\" cellspacing=\"0\" cellpadding=\"10\" align=\"center\">\n<tbody>\n<tr>\n<td class=\"g11s\">\n<div align=\"justify\">Communicating with the beach of Figueretas and neighbor in the airport, Playa den Bossa entertains the longer sandy beach of the island.<br \/>\nThis famous place of vacation offers something to each; in the opposite part to the beach aquatic sport, centers of immersion, a great aquatic park, funs, mini sweaters, bowling and cafe of diversion can be found.<br \/>\nFor those people whom the parties love there is a beach where music there is the whole day, the \u201cBora Bora\u201d and to few footsteps the disco \u201cSpace\u201d famous all over the world, without counting the cafes in which to stop before going to dance.<br \/>\nAs to Figueretas, the setups in this zone are primarily apartments vacations and hotel.<\/div>\n<\/td>\n<\/tr>\n<\/tbody>\n<\/table>\n<table border=\"0\" width=\"95%\" cellspacing=\"0\" cellpadding=\"5\" align=\"center\">\n<tbody>\n<tr>\n<td class=\"sottocate\" width=\"500\"><strong>Salinas<\/strong><\/td>\n<td>\n<hr class=\"lineagrey\" \/>\n<\/td>\n<\/tr>\n<\/tbody>\n<\/table>\n<table border=\"0\" width=\"95%\" cellspacing=\"0\" cellpadding=\"10\" align=\"center\">\n<tbody>\n<tr>\n<td class=\"g11s\">\n<div align=\"justify\">\n<table border=\"0\" width=\"200\" cellspacing=\"0\" cellpadding=\"5\" align=\"left\">\n<tbody>\n<tr>\n<td><img loading=\"lazy\" decoding=\"async\" src=\"https:\/\/www.ibizalowcost.com\/img\/salinas.jpg\" alt=\"Salinas\" width=\"214\" height=\"214\" \/><\/td>\n<\/tr>\n<\/tbody>\n<\/table>\n<p>Placed to South of the island, this wide beach of white sand, is one of the most famous to Ibiza and the more one is considered to generally the fashion with its refined person selection of cafe and restaurants that serve savory food with a fresh musical foundation.<br \/>\nA lot of the most luxurious villas of Ibiza are situated to the Salinas, often completed by an enviable sight on Formentera.<\/p>\n<\/div>\n<\/td>\n<\/tr>\n<\/tbody>\n<\/table>\n<\/div><\/div><\/div><\/div><\/div><\/div><\/section><section class=\"l-section wpb_row height_small\"><div class=\"l-section-h i-cf\"><div class=\"g-cols vc_row via_grid cols_2-1 laptops-cols_inherit tablets-cols_inherit mobiles-cols_1 valign_middle type_default stacking_default\"><div class=\"wpb_column vc_column_container\"><div class=\"vc_column-inner\"><div class=\"wpb_text_column\"><div class=\"wpb_wrapper\"><h3>Discover the other side of Ibiza<\/h3>\n<\/div><\/div><div class=\"wpb_text_column\"><div class=\"wpb_wrapper\"><p><strong>\u00bb<\/strong> <a class=\"sott\" href=\"\/pdf\/spiagge.pdf\"><strong>Download the complete guide of the beaches<\/strong><\/a><\/p>\n<p><strong>\u00bb<\/strong>&nbsp;<a class=\"sott\" href=\"\/en\/ibiza_beaches_town_eivissa\"><strong>Cities and beaches of Ibiza<\/strong><\/a><\/p>\n<p><strong>\u00bb<\/strong>&nbsp;<a class=\"sott\" href=\"\/en\/ibiza_markets\"><strong>Markets in Ibiza<\/strong><\/a><\/p>\n<p><strong>\u00bb<\/strong>&nbsp;<a class=\"sott\" href=\"\/en\/ibiza_sport\"><strong>Sports Ibiza<\/strong><\/a><\/p>\n<\/div><\/div><\/div><\/div><div class=\"wpb_column vc_column_container\"><div class=\"vc_column-inner\"><div class=\"w-image align_center\"><div class=\"w-image-h\"><img decoding=\"async\" width=\"239\" height=\"180\" src=\"https:\/\/www.ibizalowcost.com\/wp-content\/uploads\/2022\/10\/ibiza_low-1.jpg\" class=\"attachment-full size-full\" alt=\"\" loading=\"lazy\" \/><\/div><\/div><\/div><\/div><\/div><\/div><\/section>\n","protected":false},"excerpt":{"rendered":"<p>\u00ab&nbsp;Ibiza Guide Ibiza TownSanta EulaliaSan JoseSan JuanSan AntonioCity and beach of Ibiza Ibiza Town Placed to South of the island, \u201cIbiza Town\u201d or \u201cEivissa\u201d it is the principal town and, at the same time, the historical center. it is one of the most picturesque cities of the Mediterranean; the Carthaginian ones began to build this&#8230;<\/p>\n","protected":false},"author":1,"featured_media":0,"parent":0,"menu_order":0,"comment_status":"closed","ping_status":"closed","template":"","meta":{"footnotes":""},"class_list":["post-41224","page","type-page","status-publish","hentry"],"acf":[],"yoast_head":"<!-- This site is optimized with the Yoast SEO plugin v22.2 - https:\/\/yoast.com\/wordpress\/plugins\/seo\/ -->\n<title>Ibiza di giorno - Spiagge<\/title>\n<meta name=\"description\" content=\"Ibiza Low Cost - Beaches and the city of Ibiza: Marina Botafoch and Talamanca, Jesus, Figueretas, San Jordi, Playa den Bossa, Salinas. The most beautiful cities and marine locations in Ibiza\" \/>\n<meta name=\"robots\" content=\"index, follow, max-snippet:-1, max-image-preview:large, max-video-preview:-1\" \/>\n<link rel=\"canonical\" href=\"https:\/\/www.ibizalowcost.com\/spiagge_ibiza_town_eivissa\" \/>\n<meta property=\"og:locale\" content=\"en_US\" \/>\n<meta property=\"og:type\" content=\"article\" \/>\n<meta property=\"og:title\" content=\"Ibiza di giorno - Spiagge\" \/>\n<meta property=\"og:description\" content=\"Ibiza Low Cost - Beaches and the city of Ibiza: Marina Botafoch and Talamanca, Jesus, Figueretas, San Jordi, Playa den Bossa, Salinas. The most beautiful cities and marine locations in Ibiza\" \/>\n<meta property=\"og:url\" content=\"https:\/\/www.ibizalowcost.com\/spiagge_ibiza_town_eivissa\" \/>\n<meta property=\"og:site_name\" content=\"IBIZA LOW COST\" \/>\n<meta property=\"article:modified_time\" content=\"2022-11-22T14:42:47+00:00\" \/>\n<meta property=\"og:image\" content=\"https:\/\/www.ibizalowcost.com\/img\/talamaca.jpg\" \/>\n<meta name=\"twitter:card\" content=\"summary_large_image\" \/>\n<script type=\"application\/ld+json\" class=\"yoast-schema-graph\">{\"@context\":\"https:\/\/schema.org\",\"@graph\":[{\"@type\":\"WebPage\",\"@id\":\"https:\/\/www.ibizalowcost.com\/spiagge_ibiza_town_eivissa\",\"url\":\"https:\/\/www.ibizalowcost.com\/spiagge_ibiza_town_eivissa\",\"name\":\"IBIZA LOW COST - Guida Turismo Ibiza - Spiagge e citt\u00e0 di Ibiza: Ibiza Town o Eivissa\",\"isPartOf\":{\"@id\":\"https:\/\/www.ibizalowcost.com\/#website\"},\"primaryImageOfPage\":{\"@id\":\"https:\/\/www.ibizalowcost.com\/spiagge_ibiza_town_eivissa#primaryimage\"},\"image\":{\"@id\":\"https:\/\/www.ibizalowcost.com\/spiagge_ibiza_town_eivissa#primaryimage\"},\"thumbnailUrl\":\"https:\/\/www.ibizalowcost.com\/img\/talamaca.jpg\",\"datePublished\":\"2022-10-11T08:03:35+00:00\",\"dateModified\":\"2022-11-22T14:42:47+00:00\",\"description\":\"Ibiza Low Cost - Citt\u00e0 e spiagge di ibiza: Marina Botafoch e Talamanca, Jesus, Figueretas, San Jordi, Playa den Bossa, Salinas. Le pi\u00f9 belle citt\u00e0 e localit\u00e0 marine di Ibiza\",\"breadcrumb\":{\"@id\":\"https:\/\/www.ibizalowcost.com\/spiagge_ibiza_town_eivissa#breadcrumb\"},\"inLanguage\":\"en-US\",\"potentialAction\":[{\"@type\":\"ReadAction\",\"target\":[\"https:\/\/www.ibizalowcost.com\/spiagge_ibiza_town_eivissa\"]}]},{\"@type\":\"ImageObject\",\"inLanguage\":\"en-US\",\"@id\":\"https:\/\/www.ibizalowcost.com\/spiagge_ibiza_town_eivissa#primaryimage\",\"url\":\"https:\/\/www.ibizalowcost.com\/img\/talamaca.jpg\",\"contentUrl\":\"https:\/\/www.ibizalowcost.com\/img\/talamaca.jpg\"},{\"@type\":\"BreadcrumbList\",\"@id\":\"https:\/\/www.ibizalowcost.com\/spiagge_ibiza_town_eivissa#breadcrumb\",\"itemListElement\":[{\"@type\":\"ListItem\",\"position\":1,\"name\":\"Home\",\"item\":\"https:\/\/www.ibizalowcost.com\/it\/\"},{\"@type\":\"ListItem\",\"position\":2,\"name\":\"Ibiza di giorno &#8211; Spiagge\"}]},{\"@type\":\"WebSite\",\"@id\":\"https:\/\/www.ibizalowcost.com\/#website\",\"url\":\"https:\/\/www.ibizalowcost.com\/\",\"name\":\"IBIZA LOW COST\",\"description\":\"Ibiza Low Cost - The apartments ibiza to put at your disposal. Availability apartments in Ibiza\",\"potentialAction\":[{\"@type\":\"SearchAction\",\"target\":{\"@type\":\"EntryPoint\",\"urlTemplate\":\"https:\/\/www.ibizalowcost.com\/?s={search_term_string}\"},\"query-input\":\"required name=search_term_string\"}],\"inLanguage\":\"en-US\"}]}<\/script>\n<!-- \/ Yoast SEO plugin. -->","yoast_head_json":{"title":"Ibiza di giorno - Spiagge","description":"Ibiza Low Cost - Beaches and the city of Ibiza: Marina Botafoch and Talamanca, Jesus, Figueretas, San Jordi, Playa den Bossa, Salinas. The most beautiful cities and marine locations in Ibiza","robots":{"index":"index","follow":"follow","max-snippet":"max-snippet:-1","max-image-preview":"max-image-preview:large","max-video-preview":"max-video-preview:-1"},"canonical":"https:\/\/www.ibizalowcost.com\/spiagge_ibiza_town_eivissa","og_locale":"en_US","og_type":"article","og_title":"Ibiza di giorno - Spiagge","og_description":"Ibiza Low Cost - Beaches and the city of Ibiza: Marina Botafoch and Talamanca, Jesus, Figueretas, San Jordi, Playa den Bossa, Salinas. The most beautiful cities and marine locations in Ibiza","og_url":"https:\/\/www.ibizalowcost.com\/spiagge_ibiza_town_eivissa","og_site_name":"IBIZA LOW COST","article_modified_time":"2022-11-22T14:42:47+00:00","og_image":[{"url":"https:\/\/www.ibizalowcost.com\/img\/talamaca.jpg"}],"twitter_card":"summary_large_image","schema":{"@context":"https:\/\/schema.org","@graph":[{"@type":"WebPage","@id":"https:\/\/www.ibizalowcost.com\/spiagge_ibiza_town_eivissa","url":"https:\/\/www.ibizalowcost.com\/spiagge_ibiza_town_eivissa","name":"IBIZA LOW COST - Guida Turismo Ibiza - Spiagge e citt\u00e0 di Ibiza: Ibiza Town o Eivissa","isPartOf":{"@id":"https:\/\/www.ibizalowcost.com\/#website"},"primaryImageOfPage":{"@id":"https:\/\/www.ibizalowcost.com\/spiagge_ibiza_town_eivissa#primaryimage"},"image":{"@id":"https:\/\/www.ibizalowcost.com\/spiagge_ibiza_town_eivissa#primaryimage"},"thumbnailUrl":"https:\/\/www.ibizalowcost.com\/img\/talamaca.jpg","datePublished":"2022-10-11T08:03:35+00:00","dateModified":"2022-11-22T14:42:47+00:00","description":"Ibiza Low Cost - Citt\u00e0 e spiagge di ibiza: Marina Botafoch e Talamanca, Jesus, Figueretas, San Jordi, Playa den Bossa, Salinas. Le pi\u00f9 belle citt\u00e0 e localit\u00e0 marine di Ibiza","breadcrumb":{"@id":"https:\/\/www.ibizalowcost.com\/spiagge_ibiza_town_eivissa#breadcrumb"},"inLanguage":"en-US","potentialAction":[{"@type":"ReadAction","target":["https:\/\/www.ibizalowcost.com\/spiagge_ibiza_town_eivissa"]}]},{"@type":"ImageObject","inLanguage":"en-US","@id":"https:\/\/www.ibizalowcost.com\/spiagge_ibiza_town_eivissa#primaryimage","url":"https:\/\/www.ibizalowcost.com\/img\/talamaca.jpg","contentUrl":"https:\/\/www.ibizalowcost.com\/img\/talamaca.jpg"},{"@type":"BreadcrumbList","@id":"https:\/\/www.ibizalowcost.com\/spiagge_ibiza_town_eivissa#breadcrumb","itemListElement":[{"@type":"ListItem","position":1,"name":"Home","item":"https:\/\/www.ibizalowcost.com\/it\/"},{"@type":"ListItem","position":2,"name":"Ibiza di giorno &#8211; Spiagge"}]},{"@type":"WebSite","@id":"https:\/\/www.ibizalowcost.com\/#website","url":"https:\/\/www.ibizalowcost.com\/","name":"IBIZA LOW COST","description":"Ibiza Low Cost - The apartments ibiza to put at your disposal. Availability apartments in Ibiza","potentialAction":[{"@type":"SearchAction","target":{"@type":"EntryPoint","urlTemplate":"https:\/\/www.ibizalowcost.com\/?s={search_term_string}"},"query-input":"required name=search_term_string"}],"inLanguage":"en-US"}]}},"_links":{"self":[{"href":"https:\/\/www.ibizalowcost.com\/wp-json\/wp\/v2\/pages\/41224","targetHints":{"allow":["GET"]}}],"collection":[{"href":"https:\/\/www.ibizalowcost.com\/wp-json\/wp\/v2\/pages"}],"about":[{"href":"https:\/\/www.ibizalowcost.com\/wp-json\/wp\/v2\/types\/page"}],"author":[{"embeddable":true,"href":"https:\/\/www.ibizalowcost.com\/wp-json\/wp\/v2\/users\/1"}],"replies":[{"embeddable":true,"href":"https:\/\/www.ibizalowcost.com\/wp-json\/wp\/v2\/comments?post=41224"}],"version-history":[{"count":14,"href":"https:\/\/www.ibizalowcost.com\/wp-json\/wp\/v2\/pages\/41224\/revisions"}],"predecessor-version":[{"id":41638,"href":"https:\/\/www.ibizalowcost.com\/wp-json\/wp\/v2\/pages\/41224\/revisions\/41638"}],"wp:attachment":[{"href":"https:\/\/www.ibizalowcost.com\/wp-json\/wp\/v2\/media?parent=41224"}],"curies":[{"name":"wp","href":"https:\/\/api.w.org\/{rel}","templated":true}]}}